{"id":774647,"date":"2025-09-09T09:44:28","date_gmt":"2025-09-09T06:44:28","guid":{"rendered":"https:\/\/roveyayinevi.com.tr\/index.php\/urun\/su-savaslari\/"},"modified":"2026-04-16T02:06:43","modified_gmt":"2026-04-15T23:06:43","slug":"su-savaslari","status":"publish","type":"product","link":"https:\/\/roveyayinevi.com.tr\/index.php\/urun\/su-savaslari\/","title":{"rendered":"Su Sava\u015flar\u0131"},"content":{"rendered":"<p>Vandana Shiva Su Sava\u015flar\u0131\u2019nda, yerel topluluklara ait su haklar\u0131n\u0131n tarihsel gerileyi\u015fini ele al\u0131yor. Uluslararas\u0131 Su Ticaretini, Baraj \u0130n\u015faatlar\u0131n\u0131, Yeralt\u0131 Suyu Madencili\u011fini ve Sulu Tar\u0131m\u0131 inceleyerek d\u00fcnyan\u0131n nas\u0131l yok edildi\u011fini ve yoksul haklar\u0131n \u00e7ok de\u011ferli bir ortak m\u00fclk \u00fczerindeki haklar\u0131ndan nas\u0131l mahrum b\u0131rak\u0131ld\u0131klar\u0131n\u0131 g\u00f6zler \u00f6n\u00fcne seriyor. G\u00fcn\u00fcm\u00fczde \u00e7o\u011fu zaman etnik veya dinsel sava\u015flar \u015feklinde maskelenen \u00f6nemli pek \u00e7ok ihtilaf\u0131n, asl\u0131nda k\u0131t ve ya\u015famsal \u00f6neme sahip do\u011fal kaynaklar \u00fczerinde ya\u015fanan \u00e7at\u0131\u015fmalardan beslendi\u011fini iddia ediyor. Su Sava\u015flar\u0131 suyun tarih boyunca yerel topluluklar i\u00e7inde oynad\u0131\u011f\u0131 ruhani ve geleneksel rol\u00fc \u00f6vg\u00fcyle kar\u015f\u0131larken, su \u00f6zelle\u015ftirmesinin t\u00fcm d\u00fcnyada yerel k\u00fclt\u00fcrleri ve yoksul halklar\u0131n ya\u015fam kaynaklar\u0131n\u0131 tehdit etti\u011fi uyar\u0131s\u0131nda bulunuyor. \ufffcTan\u0131t\u0131m Metni<\/p>\n","protected":false},"excerpt":{"rendered":"<p>Vandana Shiva Su Sava\u015flar\u0131\u2019nda, yerel topluluklara ait su haklar\u0131n\u0131n tarihsel gerileyi\u015fini ele al\u0131yor. Uluslararas\u0131 Su Ticaretini, Baraj \u0130n\u015faatlar\u0131n\u0131, Yeralt\u0131 Suyu Madencili\u011fini ve Sulu Tar\u0131m\u0131 inceleyerek d\u00fcnyan\u0131n<span class=\"excerpt-hellip\"> [\u2026]<\/span><\/p>\n","protected":false},"featured_media":0,"template":"","meta":{"_monsterinsights_skip_tracking":false,"_monsterinsights_sitenote_active":false,"_monsterinsights_sitenote_note":"","_monsterinsights_sitenote_category":0},"product_brand":[],"product_cat":[23323,12364],"product_tag":[],"class_list":{"0":"post-774647","1":"product","2":"type-product","3":"status-publish","5":"product_cat-ekoloji","6":"product_cat-genel-konular","7":"pa_tur-kitap","8":"pa_yayinevi-bgst-yayinlari","9":"pa_yazar-vandana-shiva","11":"first","12":"instock","13":"sale","14":"shipping-taxable","15":"purchasable","16":"product-type-simple"},"_links":{"self":[{"href":"https:\/\/roveyayinevi.com.tr\/index.php\/wp-json\/wp\/v2\/product\/774647","targetHints":{"allow":["GET"]}}],"collection":[{"href":"https:\/\/roveyayinevi.com.tr\/index.php\/wp-json\/wp\/v2\/product"}],"about":[{"href":"https:\/\/roveyayinevi.com.tr\/index.php\/wp-json\/wp\/v2\/types\/product"}],"wp:attachment":[{"href":"https:\/\/roveyayinevi.com.tr\/index.php\/wp-json\/wp\/v2\/media?parent=774647"}],"wp:term":[{"taxonomy":"product_brand","embeddable":true,"href":"https:\/\/roveyayinevi.com.tr\/index.php\/wp-json\/wp\/v2\/product_brand?post=774647"},{"taxonomy":"product_cat","embeddable":true,"href":"https:\/\/roveyayinevi.com.tr\/index.php\/wp-json\/wp\/v2\/product_cat?post=774647"},{"taxonomy":"product_tag","embeddable":true,"href":"https:\/\/roveyayinevi.com.tr\/index.php\/wp-json\/wp\/v2\/product_tag?post=774647"}],"curies":[{"name":"wp","href":"https:\/\/api.w.org\/{rel}","templated":true}]}}