{"id":774643,"date":"2025-09-09T09:41:46","date_gmt":"2025-09-09T06:41:46","guid":{"rendered":"https:\/\/roveyayinevi.com.tr\/index.php\/urun\/pezzettino\/"},"modified":"2026-04-16T02:06:19","modified_gmt":"2026-04-15T23:06:19","slug":"pezzettino","status":"publish","type":"product","link":"https:\/\/roveyayinevi.com.tr\/index.php\/urun\/pezzettino\/","title":{"rendered":"Pezzettino"},"content":{"rendered":"<p>Yal\u0131n masal\u0131n ustas\u0131 Leo Lionni, i\u00e7indeki merakl\u0131 ve ne\u015feli \u00e7ocu\u011fu kovalamaktan hi\u00e7 vazge\u00e7meyen t\u00fcm okurlar i\u00e7in kaleme ald\u0131\u011f\u0131 manidar \u00f6yk\u00fcleriyle Elma \u00e7ocuk\u2019ta. Eksikliklerimizdir bizi biz yapan! Pezzettino, herkesin kocaman oldu\u011fu ve cesaret isteyen, harika i\u015fler yapt\u0131\u011f\u0131 bir d\u00fcnyada ya\u015far. K\u00fc\u00e7\u00fckt\u00fcr, bir par\u00e7ac\u0131k t\u0131r yaln\u0131zca. Herhalde bir ba\u015fkas\u0131n\u0131n par\u00e7as\u0131y\u0131m, bir ba\u015fkas\u0131na ait olmal\u0131y\u0131m diye d\u00fc\u015f\u00fcn\u00fcr ve bir g\u00fcn, kime ait oldu\u011funu \u00f6\u011frenmek i\u00e7in yola d\u00fc\u015fer. K\u00fc\u00e7\u00fck bir \u00e7ocu\u011fun, b\u00fcy\u00fck insanlar\u0131n d\u00fcnyas\u0131ndaki b\u00fct\u00fcn \u00f6zlemlerini derinden kavrayan bir \u00f6yk\u00fc. \ufffcTan\u0131t\u0131m Metni<\/p>\n","protected":false},"excerpt":{"rendered":"<p>Yal\u0131n masal\u0131n ustas\u0131 Leo Lionni, i\u00e7indeki merakl\u0131 ve ne\u015feli \u00e7ocu\u011fu kovalamaktan hi\u00e7 vazge\u00e7meyen t\u00fcm okurlar i\u00e7in kaleme ald\u0131\u011f\u0131 manidar \u00f6yk\u00fcleriyle Elma \u00e7ocuk\u2019ta. Eksikliklerimizdir bizi biz yapan!<span class=\"excerpt-hellip\"> [\u2026]<\/span><\/p>\n","protected":false},"featured_media":0,"template":"","meta":{"_monsterinsights_skip_tracking":false,"_monsterinsights_sitenote_active":false,"_monsterinsights_sitenote_note":"","_monsterinsights_sitenote_category":0},"product_brand":[],"product_cat":[12913,12274],"product_tag":[],"class_list":{"0":"post-774643","1":"product","2":"type-product","3":"status-publish","5":"product_cat-3-6-yas-kitaplari","6":"product_cat-cocuk-ve-genclik-kitaplari","7":"pa_cilt-ciltsiz","8":"pa_tur-kitap","9":"pa_yayinevi-elma-cocuk","10":"pa_yazar-leo-lionni","12":"first","13":"instock","14":"sale","15":"shipping-taxable","16":"purchasable","17":"product-type-simple"},"_links":{"self":[{"href":"https:\/\/roveyayinevi.com.tr\/index.php\/wp-json\/wp\/v2\/product\/774643","targetHints":{"allow":["GET"]}}],"collection":[{"href":"https:\/\/roveyayinevi.com.tr\/index.php\/wp-json\/wp\/v2\/product"}],"about":[{"href":"https:\/\/roveyayinevi.com.tr\/index.php\/wp-json\/wp\/v2\/types\/product"}],"wp:attachment":[{"href":"https:\/\/roveyayinevi.com.tr\/index.php\/wp-json\/wp\/v2\/media?parent=774643"}],"wp:term":[{"taxonomy":"product_brand","embeddable":true,"href":"https:\/\/roveyayinevi.com.tr\/index.php\/wp-json\/wp\/v2\/product_brand?post=774643"},{"taxonomy":"product_cat","embeddable":true,"href":"https:\/\/roveyayinevi.com.tr\/index.php\/wp-json\/wp\/v2\/product_cat?post=774643"},{"taxonomy":"product_tag","embeddable":true,"href":"https:\/\/roveyayinevi.com.tr\/index.php\/wp-json\/wp\/v2\/product_tag?post=774643"}],"curies":[{"name":"wp","href":"https:\/\/api.w.org\/{rel}","templated":true}]}}