{"id":774642,"date":"2025-09-09T09:40:50","date_gmt":"2025-09-09T06:40:50","guid":{"rendered":"https:\/\/roveyayinevi.com.tr\/index.php\/urun\/boyle-dedi-zerdust\/"},"modified":"2026-04-16T02:05:53","modified_gmt":"2026-04-15T23:05:53","slug":"boyle-dedi-zerdust","status":"publish","type":"product","link":"https:\/\/roveyayinevi.com.tr\/index.php\/urun\/boyle-dedi-zerdust\/","title":{"rendered":"B\u00f6yle Dedi Zerd\u00fc\u015ft"},"content":{"rendered":"<p>Ey karde\u015fim, yaln\u0131zl\u0131\u011fa m\u0131 \u00e7ekilmek istersin? Kendine giden yolu mu aramak istersin? Biraz dur ve dinle beni&#8230; Verebilir misin kendine k\u00f6t\u00fcn\u00fc ya da iyini, asabilir misin istemini ba\u015f\u0131n\u0131n \u00fcst\u00fcne bir yasa gibi? Olabilir misin kendi kendinin yarg\u0131c\u0131 ve intikamc\u0131s\u0131 kendi yasan\u0131n?&#8230; Bug\u00fcn bile kalabal\u0131kta \u0131st\u0131rap \u00e7ekiyorsun ey sen, tek ki\u015fi: Bug\u00fcn h\u00e2l\u00e2 cesaretin ve umutlar\u0131n tam. Fakat bir g\u00fcn yoracak seni yaln\u0131zl\u0131k, bir g\u00fcn k\u0131r\u0131lacak gururun ve yerinden oynayacak cesaretin. Hayk\u0131racaks\u0131n bir g\u00fcn: Ben yaln\u0131z\u0131m diye&#8230; Duygular vard\u0131r yaln\u0131zlar\u0131 \u00f6ld\u00fcrmek isteyen; ba\u015faramazlarsa \u00f6ld\u00fcrmeyi, o zaman kendileri \u00f6lmek zorunda kal\u0131rlar. Fakat yeter mi senin g\u00fcc\u00fcn katil olmaya? Koru kendini iyilerden ve adillerden! Ho\u015flan\u0131rlar onlar kendi erdemini yaratanlar\u0131 \u00e7arm\u0131ha germekten nefret ederler yaln\u0131zlardan. Koru kendini kutsal safl\u0131ktan. Kutsal de\u011fildir onun i\u00e7in saf olmayan hi\u00e7bir \u015fey; ate\u015fi de sever \u00fczerinde insanlar\u0131n yak\u0131ld\u0131\u011f\u0131 ate\u015fle oynamay\u0131 da. Koru kendini sevginin n\u00f6betlerinden! \u00c7ok \u00e7abuk uzat\u0131r elini yaln\u0131z ki\u015fi, kar\u015f\u0131la\u015ft\u0131\u011f\u0131 her insana. Baz\u0131 insanlara elini de\u011fil, pen\u00e7eni uzatmal\u0131s\u0131n sadece: ve isterim ki, pen\u00e7enin t\u0131rnaklar\u0131 da olsun. Fakat kar\u015f\u0131la\u015fabilece\u011fin en b\u00fcy\u00fck d\u00fc\u015fman kendin olacaks\u0131n yaln\u0131zca; bizzat kendini bekleyeceksin ma\u011faralarda ve ormanlarda pusuda. Ey yaln\u0131z ki\u015fi, kendine giden yolu y\u00fcr\u00fcrs\u00fcn! Kendinden ve yedi \u015feytan\u0131n\u0131n \u00f6n\u00fcnden ge\u00e7er yolun! Ey yaln\u0131z ki\u015fi, yarat\u0131c\u0131n\u0131n yolunda y\u00fcr\u00fcrs\u00fcn: Bir Tanr\u0131 yaratmak istersin sen kendine, yedi \u015feytan\u0131ndan. Ey yaln\u0131z ki\u015fi, seveninin yolunda y\u00fcr\u00fcrs\u00fcn: Kendini seversin sen, bu nedenle k\u00fc\u00e7\u00fcmsersin kendini, sevenlerin k\u00fc\u00e7\u00fcmsedi\u011fi gibi. Yaratmak ister seven ki\u015fi, \u00e7\u00fcnk\u00fc k\u00fc\u00e7\u00fcmser! Sevdi\u011fi \u015feyi k\u00fc\u00e7\u00fcmsemek zorunda kalmam\u0131\u015f bir ki\u015fi, ne anlar ki sevgiden? Sevginle gidesin yaln\u0131zl\u0131\u011f\u0131na ve yaratmanla karde\u015fim; \u00e7ok sonra topallar adalet senin ard\u0131ndan. G\u00f6zya\u015flar\u0131mla gidesin yaln\u0131zl\u0131\u011f\u0131na karde\u015fim. Ben kendisinden \u00f6tesini yaratmak isteyeni ve \u00f6yle yok olan\u0131 severim. \ufffc<\/p>\n","protected":false},"excerpt":{"rendered":"<p>Ey karde\u015fim, yaln\u0131zl\u0131\u011fa m\u0131 \u00e7ekilmek istersin? Kendine giden yolu mu aramak istersin? Biraz dur ve dinle beni&#8230; Verebilir misin kendine k\u00f6t\u00fcn\u00fc ya da iyini, asabilir misin<span class=\"excerpt-hellip\"> [\u2026]<\/span><\/p>\n","protected":false},"featured_media":0,"template":"","meta":{"_monsterinsights_skip_tracking":false,"_monsterinsights_sitenote_active":false,"_monsterinsights_sitenote_note":"","_monsterinsights_sitenote_category":0},"product_brand":[],"product_cat":[15319,12388],"product_tag":[],"class_list":{"0":"post-774642","1":"product","2":"type-product","3":"status-publish","5":"product_cat-etik","6":"product_cat-felsefe","7":"pa_cilt-ciltsiz","8":"pa_tur-kitap","9":"pa_yayinevi-dogu-bati-yayinlari","10":"pa_yazar-friedrich-wilhelm-nietzsche","12":"first","13":"instock","14":"sale","15":"shipping-taxable","16":"purchasable","17":"product-type-simple"},"_links":{"self":[{"href":"https:\/\/roveyayinevi.com.tr\/index.php\/wp-json\/wp\/v2\/product\/774642","targetHints":{"allow":["GET"]}}],"collection":[{"href":"https:\/\/roveyayinevi.com.tr\/index.php\/wp-json\/wp\/v2\/product"}],"about":[{"href":"https:\/\/roveyayinevi.com.tr\/index.php\/wp-json\/wp\/v2\/types\/product"}],"wp:attachment":[{"href":"https:\/\/roveyayinevi.com.tr\/index.php\/wp-json\/wp\/v2\/media?parent=774642"}],"wp:term":[{"taxonomy":"product_brand","embeddable":true,"href":"https:\/\/roveyayinevi.com.tr\/index.php\/wp-json\/wp\/v2\/product_brand?post=774642"},{"taxonomy":"product_cat","embeddable":true,"href":"https:\/\/roveyayinevi.com.tr\/index.php\/wp-json\/wp\/v2\/product_cat?post=774642"},{"taxonomy":"product_tag","embeddable":true,"href":"https:\/\/roveyayinevi.com.tr\/index.php\/wp-json\/wp\/v2\/product_tag?post=774642"}],"curies":[{"name":"wp","href":"https:\/\/api.w.org\/{rel}","templated":true}]}}