{"id":774640,"date":"2025-09-09T09:39:57","date_gmt":"2025-09-09T06:39:57","guid":{"rendered":"https:\/\/roveyayinevi.com.tr\/index.php\/urun\/bir-insan-kaynaklari-masali\/"},"modified":"2026-04-16T02:05:50","modified_gmt":"2026-04-15T23:05:50","slug":"bir-insan-kaynaklari-masali","status":"publish","type":"product","link":"https:\/\/roveyayinevi.com.tr\/index.php\/urun\/bir-insan-kaynaklari-masali\/","title":{"rendered":"Bir \u0130nsan Kaynaklar\u0131 Masal\u0131"},"content":{"rendered":"<p>Kariyerinin ba\u015flang\u0131c\u0131ndan bu yana insan kaynaklar\u0131 uygulamalar\u0131n\u0131n i\u00e7inde olan \u00d6zden Aslan, yapt\u0131\u011f\u0131 \u00e7al\u0131\u015fmalar\u0131 ve i\u015f ya\u015fam\u0131na dair tecr\u00fcbelerini kahraman\u0131 Ezgi arac\u0131l\u0131\u011f\u0131yla aktar\u0131yor.  Ezginin bir \u015firketin \u0130nsan Kaynaklar\u0131 B\u00f6l\u00fcm\u00fcnde i\u015fe girmesiyle ba\u015flayan i\u015f ya\u015fam\u0131 deneyimlerini ak\u0131c\u0131 bir \u00fcslupla anlat\u0131yor. Her b\u00f6l\u00fcm sonunda Ezginin ana mesaj\u0131 \u00f6zetleyen kararlar\u0131 yer al\u0131yor.  Kitab\u0131n ad\u0131n\u0131n Bir \u0130nsan Kaynaklar\u0131 Masal\u0131 olmas\u0131n\u0131n nedenini yazar \u015f\u00f6yle a\u00e7\u0131kl\u0131yor: Elbette bu kadar k\u0131sa bir zaman dilimi i\u00e7inde t\u00fcm bu olaylar\u0131n bir \u015firketin \u0130nsan Kaynaklar\u0131 B\u00f6l\u00fcm\u00fcnde ya\u015fanmas\u0131 ger\u00e7ek\u00e7i gelmeyecektir. Bu y\u00fczden de ad\u0131na masal dedik. Bug\u00fcne kadar kar\u015f\u0131la\u015ft\u0131klar\u0131m\u0131z\u0131n aksine, kitapta monoton, s\u0131radan bilgiler yerine ger\u00e7ek olaylardan yola \u00e7\u0131k\u0131ld\u0131. \u0130lk defa bir kitap ya\u015fad\u0131klar\u0131m\u0131zla \u00f6rt\u00fc\u015fen \u00f6rnek olaylar i\u00e7eriyor: Bu zekice bir ilk&#8230; \u00d6zden Aslan, kariyerinin ba\u015flang\u0131c\u0131ndan bu yana insan kaynaklar\u0131 uygulamalar\u0131n\u0131n i\u00e7inde. Bu y\u00fczden ya\u015fanabilecek problemleri ve bunlar\u0131n \u00e7\u00f6z\u00fcmlerini biliyor: Bu bir avantaj&#8230; Kitab\u0131 elinize ald\u0131\u011f\u0131n\u0131z an b\u0131rakam\u0131yorsunuz: Bu \u015fahane&#8230; Kitapta, Amerikadan al\u0131nm\u0131\u015f dandik, uygulanmaz teoriler yerine \u00fclkenin ger\u00e7eklerini i\u00e7eren, uygulanabilir somut \u00f6neriler var: Bu harika&#8230; Bizde bilgi sahibi insanlar bilgilerini kolay kolay aktarmazlar, oysa yeri doldurulamaz bir adamsan\u0131z hayatta y\u00fckselemezsiniz. \u00d6zden Aslan bildiklerini bizlerle payla\u015f\u0131yor: Bu cesurca&#8230; Y\u00f6neticilerimize \u00e7o\u011fu yanl\u0131\u015flar\u0131n\u0131 anlatamay\u0131z. \u00d6zden Aslan bizim yerimize anlatm\u0131\u015f: Bu iyi&#8230; Etraf\u0131m\u0131zda s\u00fcr\u00fcyle kal\u0131b\u0131n\u0131, makam\u0131n\u0131 hak etmeyen adam var. Kendini geli\u015ftiren, bilgilerini payla\u015fan, d\u00fcr\u00fcst, i\u00e7ten dostlar bulmak hi\u00e7 kolay de\u011fil; onlar\u0131 buldu\u011fumuzda ger\u00e7ekten \u00e7ok seviyoruz: Bu i\u00e7ten bir te\u015fekk\u00fcr Ahmet \u015eerif \u0130zg\u00f6ren <\/p>\n","protected":false},"excerpt":{"rendered":"<p>Kariyerinin ba\u015flang\u0131c\u0131ndan bu yana insan kaynaklar\u0131 uygulamalar\u0131n\u0131n i\u00e7inde olan \u00d6zden Aslan, yapt\u0131\u011f\u0131 \u00e7al\u0131\u015fmalar\u0131 ve i\u015f ya\u015fam\u0131na dair tecr\u00fcbelerini kahraman\u0131 Ezgi arac\u0131l\u0131\u011f\u0131yla aktar\u0131yor. Ezginin bir \u015firketin \u0130nsan<span class=\"excerpt-hellip\"> [\u2026]<\/span><\/p>\n","protected":false},"featured_media":0,"template":"","meta":{"_monsterinsights_skip_tracking":false,"_monsterinsights_sitenote_active":false,"_monsterinsights_sitenote_note":"","_monsterinsights_sitenote_category":0},"product_brand":[],"product_cat":[13043,14754],"product_tag":[],"class_list":{"0":"post-774640","1":"product","2":"type-product","3":"status-publish","5":"product_cat-ekonomi","6":"product_cat-halkla-iliskiler-insan-kaynaklari","7":"pa_cilt-ciltsiz","8":"pa_tur-kitap","9":"pa_yayinevi-elma-yayinevi","10":"pa_yazar-ozden-aslan","12":"first","13":"instock","14":"sale","15":"shipping-taxable","16":"purchasable","17":"product-type-simple"},"_links":{"self":[{"href":"https:\/\/roveyayinevi.com.tr\/index.php\/wp-json\/wp\/v2\/product\/774640","targetHints":{"allow":["GET"]}}],"collection":[{"href":"https:\/\/roveyayinevi.com.tr\/index.php\/wp-json\/wp\/v2\/product"}],"about":[{"href":"https:\/\/roveyayinevi.com.tr\/index.php\/wp-json\/wp\/v2\/types\/product"}],"wp:attachment":[{"href":"https:\/\/roveyayinevi.com.tr\/index.php\/wp-json\/wp\/v2\/media?parent=774640"}],"wp:term":[{"taxonomy":"product_brand","embeddable":true,"href":"https:\/\/roveyayinevi.com.tr\/index.php\/wp-json\/wp\/v2\/product_brand?post=774640"},{"taxonomy":"product_cat","embeddable":true,"href":"https:\/\/roveyayinevi.com.tr\/index.php\/wp-json\/wp\/v2\/product_cat?post=774640"},{"taxonomy":"product_tag","embeddable":true,"href":"https:\/\/roveyayinevi.com.tr\/index.php\/wp-json\/wp\/v2\/product_tag?post=774640"}],"curies":[{"name":"wp","href":"https:\/\/api.w.org\/{rel}","templated":true}]}}