{"id":774639,"date":"2025-09-09T09:39:55","date_gmt":"2025-09-09T06:39:55","guid":{"rendered":"https:\/\/roveyayinevi.com.tr\/index.php\/urun\/10-adimda-kisisel-imaj\/"},"modified":"2026-04-16T02:05:50","modified_gmt":"2026-04-15T23:05:50","slug":"10-adimda-kisisel-imaj","status":"publish","type":"product","link":"https:\/\/roveyayinevi.com.tr\/index.php\/urun\/10-adimda-kisisel-imaj\/","title":{"rendered":"10 Ad\u0131mda Ki\u015fisel \u0130maj"},"content":{"rendered":"<p>\u0130maj\u0131n\u0131z\u0131 Nas\u0131l Al\u0131rs\u0131n\u0131z? kitab\u0131 eklenen yeni b\u00f6l\u00fcmleri, geli\u015ftirilmi\u015f i\u00e7eri\u011fi, yeni kapak tasar\u0131m\u0131 ve 10 Ad\u0131mda Ki\u015fisel \u0130maj ad\u0131yla tekrar kar\u015f\u0131n\u0131zda.  &#8220;Bir imaj dan\u0131\u015fman\u0131 ne yapar, nas\u0131l yapar? Bunun bana faydas\u0131 nas\u0131l olur? Ben kendim bu konuda ne yapabilirim?&#8221; diyorsan\u0131z\u2026 Bu kitap sizin i\u00e7in! \u0130\u015f de\u011fi\u015ftirdiyseniz, i\u015f kurduysan\u0131z, i\u015f ar\u0131yorsan\u0131z, yeni mezun olduysan\u0131z, terfi ettiyseniz, y\u00fckselmek istiyorsan\u0131z\u2026 Bu s\u00fcre\u00e7lerde profesyonel izlenimler b\u0131rakabilmenin inceliklerini bilmek istiyorsan\u0131z\u2026 Sizin i\u00e7in! Kad\u0131nsan\u0131z, erkekseniz, gen\u00e7seniz ya da senelerdir i\u015f hayat\u0131n\u0131n i\u00e7indeyseniz\u2026 Siyaset\u00e7iyseniz, siyaset\u00e7ileri ele\u015ftiren bir gazeteciyseniz\u2026 E\u015fine k\u0131yafetlerini se\u00e7mesine yard\u0131mc\u0131 olmaya \u00e7al\u0131\u015f\u0131rken s\u0131k\u0131nt\u0131 \u00e7eken bir ev patroni\u00e7esiyseniz\u2026 Y\u00f6neticinizin imaj\u0131nda bir \u015feylerin de\u011fi\u015fmesi gerekti\u011fini d\u00fc\u015f\u00fcnen bir sa\u011f kolsan\u0131z\u2026 Sizin i\u00e7in! Renklerin ve k\u0131yafetlerin dilini \u00f6\u011frenmek, do\u011fru mesajlar\u0131 vermek, o s\u0131k\u0131\u015f t\u0131k\u0131\u015f gard\u0131ropta yerden kazanman\u0131n yolunu bulmak, ak\u0131ll\u0131 al\u0131\u015fveri\u015fle b\u00fct\u00e7ede de tasarruf yapmak istiyorsan\u0131z\u2026 Sizin i\u00e7in! Evde, i\u015fte, sokakta, tatilde, davette kendinize yak\u0131\u015fan\u0131 se\u00e7ebilmek, her daim kaliteli bir \u015f\u0131kl\u0131k sergilemek istiyorsan\u0131z\u2026 Sizin i\u00e7in! &#8220;\u0130maj dan\u0131\u015fman\u0131n\u0131n ger\u00e7ekten sihirli bir de\u011fne\u011fi mi var?&#8221; diye merak ediyor ve benim de olsa diyorsan\u0131z\u2026 Sizin i\u00e7in! O zaman bu kitab\u0131 elinizden b\u0131rakmay\u0131n, hatta gelin, \u00e7ekinmeyin, i\u00e7 sayfalara do\u011fru okumaya devam edin. \u015eu cilal\u0131 imaj devrinde sahiden \u0131\u015f\u0131ldayabilmek \u00fczerine biraz sohbet edelim sizinle. <\/p>\n","protected":false},"excerpt":{"rendered":"<p>\u0130maj\u0131n\u0131z\u0131 Nas\u0131l Al\u0131rs\u0131n\u0131z? kitab\u0131 eklenen yeni b\u00f6l\u00fcmleri, geli\u015ftirilmi\u015f i\u00e7eri\u011fi, yeni kapak tasar\u0131m\u0131 ve 10 Ad\u0131mda Ki\u015fisel \u0130maj ad\u0131yla tekrar kar\u015f\u0131n\u0131zda. &#8220;Bir imaj dan\u0131\u015fman\u0131 ne yapar, nas\u0131l<span class=\"excerpt-hellip\"> [\u2026]<\/span><\/p>\n","protected":false},"featured_media":0,"template":"","meta":{"_monsterinsights_skip_tracking":false,"_monsterinsights_sitenote_active":false,"_monsterinsights_sitenote_note":"","_monsterinsights_sitenote_category":0},"product_brand":[],"product_cat":[13043,17647],"product_tag":[],"class_list":{"0":"post-774639","1":"product","2":"type-product","3":"status-publish","5":"product_cat-ekonomi","6":"product_cat-is-dunyasi","7":"pa_cilt-ciltsiz","8":"pa_tur-kitap","9":"pa_yayinevi-elma-yayinevi","10":"pa_yazar-suna-kabadayi","12":"first","13":"instock","14":"sale","15":"shipping-taxable","16":"purchasable","17":"product-type-simple"},"_links":{"self":[{"href":"https:\/\/roveyayinevi.com.tr\/index.php\/wp-json\/wp\/v2\/product\/774639","targetHints":{"allow":["GET"]}}],"collection":[{"href":"https:\/\/roveyayinevi.com.tr\/index.php\/wp-json\/wp\/v2\/product"}],"about":[{"href":"https:\/\/roveyayinevi.com.tr\/index.php\/wp-json\/wp\/v2\/types\/product"}],"wp:attachment":[{"href":"https:\/\/roveyayinevi.com.tr\/index.php\/wp-json\/wp\/v2\/media?parent=774639"}],"wp:term":[{"taxonomy":"product_brand","embeddable":true,"href":"https:\/\/roveyayinevi.com.tr\/index.php\/wp-json\/wp\/v2\/product_brand?post=774639"},{"taxonomy":"product_cat","embeddable":true,"href":"https:\/\/roveyayinevi.com.tr\/index.php\/wp-json\/wp\/v2\/product_cat?post=774639"},{"taxonomy":"product_tag","embeddable":true,"href":"https:\/\/roveyayinevi.com.tr\/index.php\/wp-json\/wp\/v2\/product_tag?post=774639"}],"curies":[{"name":"wp","href":"https:\/\/api.w.org\/{rel}","templated":true}]}}