{"id":774638,"date":"2025-09-09T09:39:32","date_gmt":"2025-09-09T06:39:32","guid":{"rendered":"https:\/\/roveyayinevi.com.tr\/index.php\/urun\/kelebek-2\/"},"modified":"2026-04-16T02:05:49","modified_gmt":"2026-04-15T23:05:49","slug":"kelebek-2","status":"publish","type":"product","link":"https:\/\/roveyayinevi.com.tr\/index.php\/urun\/kelebek-2\/","title":{"rendered":"Kelebek"},"content":{"rendered":"<p>Henri Charriere, i\u015flemedi\u011fi bir cinayetten m\u00fcebbet k\u00fcrek cezas\u0131na \u00e7arpt\u0131r\u0131ld\u0131\u011f\u0131nda bir \u00fcst mahkemeye bile ba\u015fvuramayacak kadar umutsuz, toplumun g\u00f6zden \u00e7\u0131kard\u0131\u011f\u0131 bir s\u00fcpr\u00fcnt\u00fcyd\u00fc. U\u011frad\u0131\u011f\u0131 haks\u0131zl\u0131\u011f\u0131n biledi\u011fi bir h\u0131n\u00e7la, \u00e7ok az insan\u0131n sa\u011f kalmay\u0131 ba\u015fard\u0131 k\u00fcrek cehenneminden ka\u00e7\u0131p kurtulabilmek i\u00e7in aral\u0131ks\u0131z 13 y\u0131l s\u00fcrecek olan insan\u00fcst\u00fc bir m\u00fccadele ile ka\u00e7ma &#8211; yakalanma &#8211; yeniden ka\u00e7ma ser\u00fcvenine at\u0131ld\u0131.Tutkunu oldu\u011fu idealleri ve gelecek arzusu i\u00e7in \u00e7ok gen\u00e7 ya\u015f\u0131nda giri\u015fti\u011fi bu m\u00fccadele onu &#8221;insanca bir felsefe&#8221; ve &#8221;\u00fcst\u00fcn bir uygarl\u0131k&#8221; ile tan\u0131\u015ft\u0131rd\u0131: Modern sistemin koku\u015fmu\u015f uygarl\u0131\u011f\u0131 yerine K\u0131z\u0131lderililerin, c\u00fczzaml\u0131lar\u0131n, okuma yazma bilmeyen yoksul bal\u0131k\u00e7\u0131lar\u0131n ger\u00e7ek uygarl\u0131\u011f\u0131yla&#8230;B\u0130R \u00d6ZG\u00dcRL\u00dcK SAVA\u015e\u00c7ISININ GER\u00c7EK YA\u015eAM \u00d6YK\u00dcS\u00dc <\/p>\n","protected":false},"excerpt":{"rendered":"<p>Henri Charriere, i\u015flemedi\u011fi bir cinayetten m\u00fcebbet k\u00fcrek cezas\u0131na \u00e7arpt\u0131r\u0131ld\u0131\u011f\u0131nda bir \u00fcst mahkemeye bile ba\u015fvuramayacak kadar umutsuz, toplumun g\u00f6zden \u00e7\u0131kard\u0131\u011f\u0131 bir s\u00fcpr\u00fcnt\u00fcyd\u00fc. U\u011frad\u0131\u011f\u0131 haks\u0131zl\u0131\u011f\u0131n biledi\u011fi bir h\u0131n\u00e7la,<span class=\"excerpt-hellip\"> [\u2026]<\/span><\/p>\n","protected":false},"featured_media":0,"template":"","meta":{"_monsterinsights_skip_tracking":false,"_monsterinsights_sitenote_active":false,"_monsterinsights_sitenote_note":"","_monsterinsights_sitenote_category":0},"product_brand":[],"product_cat":[12291,13376],"product_tag":[],"class_list":{"0":"post-774638","1":"product","2":"type-product","3":"status-publish","5":"product_cat-edebiyat","6":"product_cat-fransiz-edebiyati","7":"pa_cilt-ciltsiz","8":"pa_tur-kitap","9":"pa_yayinevi-e-yayinlari","10":"pa_yazar-henri-charriere","12":"first","13":"instock","14":"sale","15":"shipping-taxable","16":"purchasable","17":"product-type-simple"},"_links":{"self":[{"href":"https:\/\/roveyayinevi.com.tr\/index.php\/wp-json\/wp\/v2\/product\/774638","targetHints":{"allow":["GET"]}}],"collection":[{"href":"https:\/\/roveyayinevi.com.tr\/index.php\/wp-json\/wp\/v2\/product"}],"about":[{"href":"https:\/\/roveyayinevi.com.tr\/index.php\/wp-json\/wp\/v2\/types\/product"}],"wp:attachment":[{"href":"https:\/\/roveyayinevi.com.tr\/index.php\/wp-json\/wp\/v2\/media?parent=774638"}],"wp:term":[{"taxonomy":"product_brand","embeddable":true,"href":"https:\/\/roveyayinevi.com.tr\/index.php\/wp-json\/wp\/v2\/product_brand?post=774638"},{"taxonomy":"product_cat","embeddable":true,"href":"https:\/\/roveyayinevi.com.tr\/index.php\/wp-json\/wp\/v2\/product_cat?post=774638"},{"taxonomy":"product_tag","embeddable":true,"href":"https:\/\/roveyayinevi.com.tr\/index.php\/wp-json\/wp\/v2\/product_tag?post=774638"}],"curies":[{"name":"wp","href":"https:\/\/api.w.org\/{rel}","templated":true}]}}