{"id":774637,"date":"2025-09-09T09:38:16","date_gmt":"2025-09-09T06:38:16","guid":{"rendered":"https:\/\/roveyayinevi.com.tr\/index.php\/urun\/dogru-istersen-olur-2\/"},"modified":"2025-10-08T10:19:31","modified_gmt":"2025-10-08T07:19:31","slug":"dogru-istersen-olur-2","status":"publish","type":"product","link":"https:\/\/roveyayinevi.com.tr\/index.php\/urun\/dogru-istersen-olur-2\/","title":{"rendered":"Do\u011fru \u0130stersen Olur"},"content":{"rendered":"<p>\u0130stekler ger\u00e7ek olur. Her g\u00fcn, her dakika, her saniye. Kendimiz i\u00e7in s\u00fcrekli bir \u015feyler isteriz. Bilerek veya bilmeyerek. Buna inansak da inanmasak da. Hatta bunu hi\u00e7 d\u00fc\u015f\u00fcnmedi\u011fimiz zamanlarda bile isteriz. Siz, kendiniz i\u00e7in ne istiyorsunuz?  Pierre Franckh,  Do\u011fru \u0130stersen Olur!  adl\u0131 kitab\u0131nda isteklerimizi ger\u00e7ekle\u015ftirmek hakk\u0131nda kendi tecr\u00fcbelerinden yola \u00e7\u0131karak ipu\u00e7lar\u0131 veriyor. Yazar, hayat\u0131m\u0131z\u0131 y\u00f6nlendiren isteklerimizi ger\u00e7ekle\u015ftirebilmenin elimizde oldu\u011funu ve  Do\u011fru isteme yi \u00f6\u011frenirsek neleri ba\u015farabilece\u011fimizi, \u00f6rnekleriyle anlat\u0131yor. Evrene g\u00f6nderdi\u011fi  sipari\u015fler in alt\u0131n\u0131 \u00e7izerken, kar\u015f\u0131la\u015ft\u0131\u011f\u0131 di\u011fer durumlar\u0131 da e\u011flenceli bir dille aktar\u0131yor. Peki  Do\u011fru isteme  nedir? Beklentilerimizin nas\u0131l sonu\u00e7lanaca\u011f\u0131 bizim elimizde midir? Elde etti\u011fimiz sonu\u00e7lar\u0131 mucize saymak ne derece do\u011frudur? \u0130steklerimizi do\u011fru form\u00fcle edebiliyor muyuz? Evren, isteklerimize nas\u0131l cevaplar verir?  \u00c7ok \u00e7irkinim ,  \u00c7ok mutsuzum ,  Asla ba\u015far\u0131l\u0131 olamayaca\u011f\u0131m &#8230; \u00c7o\u011fu zaman bizi esir ald\u0131\u011f\u0131n\u0131 hissetti\u011fimiz ve i\u00e7inde bo\u011fuldu\u011fumuz bunun gibi kal\u0131pla\u015fm\u0131\u015f inan\u00e7 c\u00fcmlelerinin hayat\u0131m\u0131z\u0131 nas\u0131l olumsuz bir y\u00f6ne \u00e7ekti\u011fini g\u00f6r\u00fcyoruz. Ve bunun \u00fcstesinden gelmek i\u00e7in at\u0131lacak ad\u0131m basit:  Do\u011fru \u0130stersen Olur! <\/p>\n","protected":false},"excerpt":{"rendered":"<p>\u0130stekler ger\u00e7ek olur. Her g\u00fcn, her dakika, her saniye. Kendimiz i\u00e7in s\u00fcrekli bir \u015feyler isteriz. Bilerek veya bilmeyerek. Buna inansak da inanmasak da. Hatta bunu hi\u00e7<span class=\"excerpt-hellip\"> [\u2026]<\/span><\/p>\n","protected":false},"featured_media":0,"template":"","meta":{"_monsterinsights_skip_tracking":false,"_monsterinsights_sitenote_active":false,"_monsterinsights_sitenote_note":"","_monsterinsights_sitenote_category":0},"product_brand":[],"product_cat":[12364,12376],"product_tag":[],"class_list":{"0":"post-774637","1":"product","2":"type-product","3":"status-publish","5":"product_cat-genel-konular","6":"product_cat-kisisel-gelisim","7":"pa_tur-kitap","8":"pa_yayinevi-elips-kitap","9":"pa_yazar-pierre-franckh","11":"first","12":"instock","13":"sale","14":"shipping-taxable","15":"purchasable","16":"product-type-simple"},"_links":{"self":[{"href":"https:\/\/roveyayinevi.com.tr\/index.php\/wp-json\/wp\/v2\/product\/774637","targetHints":{"allow":["GET"]}}],"collection":[{"href":"https:\/\/roveyayinevi.com.tr\/index.php\/wp-json\/wp\/v2\/product"}],"about":[{"href":"https:\/\/roveyayinevi.com.tr\/index.php\/wp-json\/wp\/v2\/types\/product"}],"wp:attachment":[{"href":"https:\/\/roveyayinevi.com.tr\/index.php\/wp-json\/wp\/v2\/media?parent=774637"}],"wp:term":[{"taxonomy":"product_brand","embeddable":true,"href":"https:\/\/roveyayinevi.com.tr\/index.php\/wp-json\/wp\/v2\/product_brand?post=774637"},{"taxonomy":"product_cat","embeddable":true,"href":"https:\/\/roveyayinevi.com.tr\/index.php\/wp-json\/wp\/v2\/product_cat?post=774637"},{"taxonomy":"product_tag","embeddable":true,"href":"https:\/\/roveyayinevi.com.tr\/index.php\/wp-json\/wp\/v2\/product_tag?post=774637"}],"curies":[{"name":"wp","href":"https:\/\/api.w.org\/{rel}","templated":true}]}}