{"id":774636,"date":"2025-09-09T09:37:47","date_gmt":"2025-09-09T06:37:47","guid":{"rendered":"https:\/\/roveyayinevi.com.tr\/index.php\/urun\/benim-ulkem\/"},"modified":"2026-04-16T02:05:42","modified_gmt":"2026-04-15T23:05:42","slug":"benim-ulkem","status":"publish","type":"product","link":"https:\/\/roveyayinevi.com.tr\/index.php\/urun\/benim-ulkem\/","title":{"rendered":"Benim \u00dclkem"},"content":{"rendered":"<p>Top model, BM el\u00e7isi ve cesur bir ruh. Waris Dirie ola\u011fan\u00fcst\u00fc bir kad\u0131n. \u00c7\u00f6lde ya\u015fayan Somalili g\u00f6\u00e7ebe bir ailenin k\u0131z\u0131. D\u00fcnyada en \u00e7ok satan kitaplar aras\u0131na giren eseri \u00c7\u00f6l \u00c7i\u00e7e\u011fi\u2019nde, be\u015f ya\u015f\u0131nda s\u00fcnnet edilerek ba\u015flayan, on iki ya\u015f\u0131nda evlendirilmek istenince \u00e7\u00f6lden ka\u00e7\u0131p, Londra\u2019da temizlik\u00e7ilik yaparken Terence Donovan taraf\u0131ndan ke\u015ffedilip Top Modelli\u011fe uzanan hikayesini anlat\u0131yor. Waris Dirie \u00fclkesini terk etti ama, ona hayat veren, onu \u015fekillendiren k\u00fclt\u00fcr\u00fcn\u00fc ve evini asla unutmad\u0131. K\u0131tl\u0131k ve \u015fiddetin kol gezdi\u011fi, kad\u0131nlar\u0131n sesinin duyulmad\u0131\u011f\u0131 yerler neredeyse \u00f6l\u00fcm\u00fcne neden olurken ona ayn\u0131 zamanda hayatta kalman\u0131n yollar\u0131n\u0131 \u00f6\u011fretti. O cesaretinin, direncinin ve mizah duygusunun kayna\u011f\u0131n\u0131 ve annesini bulmak istiyordu. Benim \u00dclkem, onun bu d\u00f6n\u00fc\u015f\u00fcn\u00fcn ve bazen \u00e7ok de\u011fer verip sevdi\u011fimiz bir \u015feyin, temsil etti\u011fi \u015feyleri kabul etmeyebilece\u011fimizin hikayesi. Benim \u00dclkem bir eve d\u00f6n\u00fc\u015f maceras\u0131 <\/p>\n","protected":false},"excerpt":{"rendered":"<p>Top model, BM el\u00e7isi ve cesur bir ruh. Waris Dirie ola\u011fan\u00fcst\u00fc bir kad\u0131n. \u00c7\u00f6lde ya\u015fayan Somalili g\u00f6\u00e7ebe bir ailenin k\u0131z\u0131. D\u00fcnyada en \u00e7ok satan kitaplar aras\u0131na<span class=\"excerpt-hellip\"> [\u2026]<\/span><\/p>\n","protected":false},"featured_media":0,"template":"","meta":{"_monsterinsights_skip_tracking":false,"_monsterinsights_sitenote_active":false,"_monsterinsights_sitenote_note":"","_monsterinsights_sitenote_category":0},"product_brand":[],"product_cat":[13661,12291],"product_tag":[],"class_list":{"0":"post-774636","1":"product","2":"type-product","3":"status-publish","5":"product_cat-diger-ulke-edebiyatlari","6":"product_cat-edebiyat","7":"pa_cilt-ciltsiz","8":"pa_tur-kitap","9":"pa_yayinevi-bilge-kultur-sanat","10":"pa_yazar-waris-dirie","12":"first","13":"instock","14":"sale","15":"shipping-taxable","16":"purchasable","17":"product-type-simple"},"_links":{"self":[{"href":"https:\/\/roveyayinevi.com.tr\/index.php\/wp-json\/wp\/v2\/product\/774636","targetHints":{"allow":["GET"]}}],"collection":[{"href":"https:\/\/roveyayinevi.com.tr\/index.php\/wp-json\/wp\/v2\/product"}],"about":[{"href":"https:\/\/roveyayinevi.com.tr\/index.php\/wp-json\/wp\/v2\/types\/product"}],"wp:attachment":[{"href":"https:\/\/roveyayinevi.com.tr\/index.php\/wp-json\/wp\/v2\/media?parent=774636"}],"wp:term":[{"taxonomy":"product_brand","embeddable":true,"href":"https:\/\/roveyayinevi.com.tr\/index.php\/wp-json\/wp\/v2\/product_brand?post=774636"},{"taxonomy":"product_cat","embeddable":true,"href":"https:\/\/roveyayinevi.com.tr\/index.php\/wp-json\/wp\/v2\/product_cat?post=774636"},{"taxonomy":"product_tag","embeddable":true,"href":"https:\/\/roveyayinevi.com.tr\/index.php\/wp-json\/wp\/v2\/product_tag?post=774636"}],"curies":[{"name":"wp","href":"https:\/\/api.w.org\/{rel}","templated":true}]}}