{"id":774632,"date":"2025-09-09T09:36:53","date_gmt":"2025-09-09T06:36:53","guid":{"rendered":"https:\/\/roveyayinevi.com.tr\/index.php\/urun\/tas-meclisi\/"},"modified":"2026-04-16T02:05:11","modified_gmt":"2026-04-15T23:05:11","slug":"tas-meclisi","status":"publish","type":"product","link":"https:\/\/roveyayinevi.com.tr\/index.php\/urun\/tas-meclisi\/","title":{"rendered":"Ta\u015f Meclisi"},"content":{"rendered":"<p>Jean Christophe Grange, &#8220;K\u0131z\u0131l Nehirler&#8221;in ard\u0131ndan &#8220;Ta\u015f Meclisi&#8221;yle yine sahnede. Ger\u00e7ekten \u015fa\u015f\u0131rt\u0131c\u0131 bir hayal g\u00fcc\u00fc&#8230; Dayan\u0131lmaz bir gerilim&#8230; Fiziksel ve psikolojik \u015fiddet&#8230; Parapsikoloji&#8230; \u015eamanizm&#8230; Telepatiyle ger\u00e7ekle\u015ftirilen bir trafik kazas\u0131&#8230; Esrarengiz akupunkturcu&#8230; T\u00fcrk ve Mo\u011fol \u015famanlar\u0131n miras\u00e7\u0131lar\u0131 aras\u0131ndaki sava\u015f&#8230; Mucizevi tedaviler, ani \u00f6l\u00fcmler.. Bilimsel referanslar, polisiye vakalar\u0131 ve parapsikolojik olgular\u0131 etkileyici bir psikolojik atmosfer i\u00e7inde birle\u015ftiren bir hikaye. Eski Sovyetler Birli\u011fi\u2019nin g\u00f6m\u00fclm\u00fc\u015f s\u0131rlar\u0131, n\u00fckleer f\u00fczyon, May\u0131s 68\u2019in hala varl\u0131\u011f\u0131n\u0131 s\u00fcrderen derin izleri, pe\u015f pe\u015fe bulunan ipu\u00e7lar\u0131. Kurbanlar\u0131n cellat, kahramanlar\u0131n hep k\u00f6t\u00fc oldu\u011fu fantastik bir gerilim. &#8220;\u2018Ta\u015f Meclisi\u2019, Grange\u2019nin bug\u00fcne kadar yazd\u0131\u011f\u0131 en karma\u015f\u0131k ve en sars\u0131c\u0131 roman.&#8221; &#8211; Le Point- &#8220;Hem gerilim romanlar\u0131ndan hem de fantastik romanlardan izler ta\u015f\u0131yan, gene \u00e7ok satacak yeni bir Grange.&#8221; &#8211; Le Soir- &#8220;Sonunda bir Frans\u0131z yazar\u0131n en iyi Anglosakson gerilim yazarlar\u0131ya boy \u00f6l\u00e7\u00fc\u015febildi\u011fini g\u00f6rmek sevindirici.&#8221; &#8211; L\u2019Independant Dimanche- &#8220;Bir zamanlar\u0131n gezgini Grange sadece Avrupa\u2019y\u0131 de\u011fil, t\u00fcm d\u00fcyay\u0131 iyi tan\u0131yor. \u2018K\u0131z\u0131l Nehirler\u2019in yazar\u0131 asl\u0131nda tam bir edebiyat ke\u015fi\u015fi. \u2018Ta\u015f Meclisi\u2019de t\u0131pk\u0131 ona benziyor. \u015eamanizm ile parapsikoloji aras\u0131nda&#8230; Biraz b\u00fcy\u00fcc\u00fcl\u00fck gibi&#8230;&#8221; &#8211; Femme-<\/p>\n","protected":false},"excerpt":{"rendered":"<p>Jean Christophe Grange, &#8220;K\u0131z\u0131l Nehirler&#8221;in ard\u0131ndan &#8220;Ta\u015f Meclisi&#8221;yle yine sahnede. Ger\u00e7ekten \u015fa\u015f\u0131rt\u0131c\u0131 bir hayal g\u00fcc\u00fc&#8230; Dayan\u0131lmaz bir gerilim&#8230; Fiziksel ve psikolojik \u015fiddet&#8230; Parapsikoloji&#8230; \u015eamanizm&#8230; Telepatiyle ger\u00e7ekle\u015ftirilen<span class=\"excerpt-hellip\"> [\u2026]<\/span><\/p>\n","protected":false},"featured_media":0,"template":"","meta":{"_monsterinsights_skip_tracking":false,"_monsterinsights_sitenote_active":false,"_monsterinsights_sitenote_note":"","_monsterinsights_sitenote_category":0},"product_brand":[],"product_cat":[12291,13376],"product_tag":[],"class_list":{"0":"post-774632","1":"product","2":"type-product","3":"status-publish","5":"product_cat-edebiyat","6":"product_cat-fransiz-edebiyati","7":"pa_cilt-ciltsiz","8":"pa_tur-kitap","9":"pa_yayinevi-dogan-kitap","10":"pa_yazar-jean-christophe-grange","12":"first","13":"instock","14":"sale","15":"shipping-taxable","16":"purchasable","17":"product-type-simple"},"_links":{"self":[{"href":"https:\/\/roveyayinevi.com.tr\/index.php\/wp-json\/wp\/v2\/product\/774632","targetHints":{"allow":["GET"]}}],"collection":[{"href":"https:\/\/roveyayinevi.com.tr\/index.php\/wp-json\/wp\/v2\/product"}],"about":[{"href":"https:\/\/roveyayinevi.com.tr\/index.php\/wp-json\/wp\/v2\/types\/product"}],"wp:attachment":[{"href":"https:\/\/roveyayinevi.com.tr\/index.php\/wp-json\/wp\/v2\/media?parent=774632"}],"wp:term":[{"taxonomy":"product_brand","embeddable":true,"href":"https:\/\/roveyayinevi.com.tr\/index.php\/wp-json\/wp\/v2\/product_brand?post=774632"},{"taxonomy":"product_cat","embeddable":true,"href":"https:\/\/roveyayinevi.com.tr\/index.php\/wp-json\/wp\/v2\/product_cat?post=774632"},{"taxonomy":"product_tag","embeddable":true,"href":"https:\/\/roveyayinevi.com.tr\/index.php\/wp-json\/wp\/v2\/product_tag?post=774632"}],"curies":[{"name":"wp","href":"https:\/\/api.w.org\/{rel}","templated":true}]}}