{"id":774630,"date":"2025-09-09T09:33:46","date_gmt":"2025-09-09T06:33:46","guid":{"rendered":"https:\/\/roveyayinevi.com.tr\/index.php\/urun\/ahmet-hasim\/"},"modified":"2026-04-16T02:05:01","modified_gmt":"2026-04-15T23:05:01","slug":"ahmet-hasim","status":"publish","type":"product","link":"https:\/\/roveyayinevi.com.tr\/index.php\/urun\/ahmet-hasim\/","title":{"rendered":"Ahmet Ha\u015fim"},"content":{"rendered":"<p>Ya\u015fant\u0131lar ya da ger\u00e7eklerin de\u011fil, bunlar\u0131n kendi hayalindeki yans\u0131malar\u0131n\u0131n, d\u0131\u015f evrenin i\u00e7 evreninde uyand\u0131rd\u0131\u011f\u0131 d\u00fc\u015fsel ve duygusal \u00e7a\u011fr\u0131\u015f\u0131mlar\u0131n, \u00e7a\u011fr\u0131\u015f\u0131mlarla b\u00fct\u00fcnle\u015fen izlenimlerin \u015fiiri i\u00e7in \u00f6nem ta\u015f\u0131d\u0131\u011f\u0131 bir \u015fair Ahmet Ha\u015fim. Yakup Kadri, Ahmet Ha\u015fim adl\u0131 monografisiyle \u015fiiri kadar latif, fakat do\u011frudan do\u011fruya yakalanmas\u0131 g\u00fc\u00e7 bir \u201cinsan\u201d\u0131 bize sunuyor. Aksi. al\u0131ngan, tatl\u0131 dedikoduya meyyal, bazen de en a\u00e7\u0131k pornogrofiye kadar giden fakat benzersiz hayalleriyle \u201ckendine mahsus saatleri olan\u201d Ahmet Ha\u015fim\u2019in ilgin\u00e7 d\u00fcnyas\u0131na a\u00e7\u0131lan kap\u0131lan aral\u0131yor. Yirminci y\u00fczy\u0131l\u0131n ilk yar\u0131s\u0131nda b\u00fcy\u00fck bir \u00fcretkenlikle dergilere yazd\u0131\u011f\u0131 \u015fiir, \u00f6yk\u00fc, makale ve ele\u015ftri t\u00fcr\u00fc yaz\u0131larla T\u00fcrk edebiyat\u0131 sahnesine ad\u0131m\u0131n\u0131 atan Yakup Kadri Karaosmano\u011flu, romanlar\u0131, hikayeleri, denemeleri, oyunlar\u0131 ve an\u0131lar\u0131yla, en \u00f6nemli edebiyat\u00e7\u0131lar\u0131m\u0131z aras\u0131nda yer al\u0131r. \u00dcslup \u00f6zellikleri bak\u0131m\u0131ndan Yakup Kadri\u2019nin 1910\u2019dan 1974\u2019e dek verdi\u011fi eserler T\u00fcrk\u00e7e\u2019nin ge\u00e7irdi\u011fi b\u00fct\u00fcn evreleri yans\u0131t\u0131r. Eserlerinin konu ve fikir zenginli\u011fi de dil \u00f6zelliklerinin \u00e7e\u015fitlili\u011finden a\u015fa\u011f\u0131 kalmaz. Yakup Kadri\u2019nin Frans\u0131z edebiyat\u0131 etkisinde ba\u015flayan yazarl\u0131\u011f\u0131, 1920\u2019lerden sonra \u00f6zg\u00fcn bir sese kavu\u015farak siyasi ve sosyolojik konulara, tarihe, d\u00f6nem \u00e7at\u0131\u015fmalar\u0131na ve birey psikolojisi irdelemelerine y\u00f6nelir. Fecr-i Ati\u2019den yeti\u015fmi\u015f ama bunu izleyen elli y\u0131l boyunca toplumsal ko\u015fullar, tarihi s\u00fcre\u00e7ler ve bireysel portreleri roman\u0131n dokusuna i\u015flemek i\u00e7in roman tekni\u011fiyle de bo\u011fu\u015fmu\u015f bir yazar olan Karaosmano\u011flu\u2019nun eserleri, hala t\u00fcketilmemi\u015f ayr\u0131nt\u0131lar\u0131n\u0131n tart\u0131\u015f\u0131l\u0131p incelenmesi gereken zengin bir \u201cpanoroma\u201dd\u0131r.<\/p>\n","protected":false},"excerpt":{"rendered":"<p>Ya\u015fant\u0131lar ya da ger\u00e7eklerin de\u011fil, bunlar\u0131n kendi hayalindeki yans\u0131malar\u0131n\u0131n, d\u0131\u015f evrenin i\u00e7 evreninde uyand\u0131rd\u0131\u011f\u0131 d\u00fc\u015fsel ve duygusal \u00e7a\u011fr\u0131\u015f\u0131mlar\u0131n, \u00e7a\u011fr\u0131\u015f\u0131mlarla b\u00fct\u00fcnle\u015fen izlenimlerin \u015fiiri i\u00e7in \u00f6nem ta\u015f\u0131d\u0131\u011f\u0131 bir<span class=\"excerpt-hellip\"> [\u2026]<\/span><\/p>\n","protected":false},"featured_media":0,"template":"","meta":{"_monsterinsights_skip_tracking":false,"_monsterinsights_sitenote_active":false,"_monsterinsights_sitenote_note":"","_monsterinsights_sitenote_category":0},"product_brand":[],"product_cat":[13946,12304],"product_tag":[],"class_list":{"0":"post-774630","1":"product","2":"type-product","3":"status-publish","5":"product_cat-biyografi-otobiyografi","6":"product_cat-tarih","7":"pa_cilt-ciltsiz","8":"pa_tur-kitap","9":"pa_yayinevi-iletisim-yayinlari","10":"pa_yazar-yakup-kadri-karaosmanoglu","12":"first","13":"instock","14":"sale","15":"shipping-taxable","16":"purchasable","17":"product-type-simple"},"_links":{"self":[{"href":"https:\/\/roveyayinevi.com.tr\/index.php\/wp-json\/wp\/v2\/product\/774630","targetHints":{"allow":["GET"]}}],"collection":[{"href":"https:\/\/roveyayinevi.com.tr\/index.php\/wp-json\/wp\/v2\/product"}],"about":[{"href":"https:\/\/roveyayinevi.com.tr\/index.php\/wp-json\/wp\/v2\/types\/product"}],"wp:attachment":[{"href":"https:\/\/roveyayinevi.com.tr\/index.php\/wp-json\/wp\/v2\/media?parent=774630"}],"wp:term":[{"taxonomy":"product_brand","embeddable":true,"href":"https:\/\/roveyayinevi.com.tr\/index.php\/wp-json\/wp\/v2\/product_brand?post=774630"},{"taxonomy":"product_cat","embeddable":true,"href":"https:\/\/roveyayinevi.com.tr\/index.php\/wp-json\/wp\/v2\/product_cat?post=774630"},{"taxonomy":"product_tag","embeddable":true,"href":"https:\/\/roveyayinevi.com.tr\/index.php\/wp-json\/wp\/v2\/product_tag?post=774630"}],"curies":[{"name":"wp","href":"https:\/\/api.w.org\/{rel}","templated":true}]}}