{"id":774627,"date":"2025-09-09T09:32:53","date_gmt":"2025-09-09T06:32:53","guid":{"rendered":"https:\/\/roveyayinevi.com.tr\/index.php\/urun\/goethe-oleyaziyor\/"},"modified":"2026-04-16T02:04:58","modified_gmt":"2026-04-15T23:04:58","slug":"goethe-oleyaziyor","status":"publish","type":"product","link":"https:\/\/roveyayinevi.com.tr\/index.php\/urun\/goethe-oleyaziyor\/","title":{"rendered":"Goethe \u00d6leyaz\u0131yor"},"content":{"rendered":"<p>Thomas Bernhard\u2019\u0131n ya\u015farken kitapla\u015ft\u0131\u011f\u0131n\u0131 g\u00f6remedi\u011fi, seksenli y\u0131llar\u0131n ba\u015f\u0131nda gazetelerde yay\u0131mlanan d\u00f6rt k\u0131sa \u00f6yk\u00fcs\u00fc, GOETHE \u00d6LEYAZIYOR\u2019da ilk kez bir araya geliyor. T\u0131pk\u0131 romanlar\u0131nda ve anlat\u0131lar\u0131nda oldu\u011fu gibi, bu d\u00f6rt \u00f6yk\u00fcde de Bernhard, ana izlekleri olan yaln\u0131zl\u0131k, anne babaya duyulan nefret, \u201cd\u00fcnyan\u0131n en \u00e7irkin ve g\u00fcl\u00fcn\u00e7 \u00fclkesi\u201d Avusturya ile sevgi-nefret ili\u015fkisini ayn\u0131 diren\u00e7le i\u015fliyor, trajik anlar ve komik durumlar\u0131 ustal\u0131kl\u0131 bir ironiyle a\u00e7\u0131\u011fa \u00e7\u0131kar\u0131yor. GOETHE \u00d6LEYAZIYOR, ku\u015fku felsefesine duydu\u011fu derin merakla \u201ckara hik\u00e2ye\u201d anlat\u0131c\u0131l\u0131\u011f\u0131n\u0131 birle\u015ftiren, ac\u0131 alay ustas\u0131 Bernhard\u2019\u0131n naho\u015f ve \u00e7\u0131plak ger\u00e7eklerin \u00e7eli\u015fkileriyle \u00f6rd\u00fc\u011f\u00fc yap\u0131t\u0131n\u0131n mikrokozmosu. A\u011f\u0131rl\u0131k merkezinde \u201cdirenmenin ironisi\u201dnin yer ald\u0131\u011f\u0131 bu d\u00f6rt \u00f6yk\u00fcn\u00fcn her biri, b\u00fct\u00fcn Thomas Bernhard evrenini i\u00e7inde ta\u015f\u0131yan bir h\u00fccre \u00e7ekirde\u011fi. Bu d\u00f6rt \u00f6yk\u00fc de, Thomas Bernhard\u2019\u0131n hik\u00e2ye anlatma arzusunu, direnmekle bile ilintili olsa,  bedensel bir haz olarak aktar\u0131yor. Deutschlandfunk Bernhard \u00e7a\u011fda\u015f Avrupa yaz\u0131n\u0131n\u0131n ustalar\u0131ndan&#8230; Kafka\u2019n\u0131n ve Canetti\u2019nin duyarl\u0131\u011f\u0131 ard\u0131ndan onunkisi modern edebiyatta en keskin, \u00f6rnek niteli\u011finde imgeler ve jestlere en h\u00e2kim olanlardan biri. George Steiner Hep iyile\u015fmek istemi\u015ftik, art\u0131k iyile\u015fmenin beklenemeyece\u011fi, \u00e7\u00fcnk\u00fc art\u0131k imk\u00e2ns\u0131z olmu\u015f olaca\u011f\u0131 noktada. Hep kurtulup \u00e7\u0131kmak istemi\u015ftik, kurtulup \u00e7\u0131k\u0131lamayacak noktada. Thomas Bernhard Metni<\/p>\n","protected":false},"excerpt":{"rendered":"<p>Thomas Bernhard\u2019\u0131n ya\u015farken kitapla\u015ft\u0131\u011f\u0131n\u0131 g\u00f6remedi\u011fi, seksenli y\u0131llar\u0131n ba\u015f\u0131nda gazetelerde yay\u0131mlanan d\u00f6rt k\u0131sa \u00f6yk\u00fcs\u00fc, GOETHE \u00d6LEYAZIYOR\u2019da ilk kez bir araya geliyor. T\u0131pk\u0131 romanlar\u0131nda ve anlat\u0131lar\u0131nda oldu\u011fu gibi,<span class=\"excerpt-hellip\"> [\u2026]<\/span><\/p>\n","protected":false},"featured_media":0,"template":"","meta":{"_monsterinsights_skip_tracking":false,"_monsterinsights_sitenote_active":false,"_monsterinsights_sitenote_note":"","_monsterinsights_sitenote_category":0},"product_brand":[],"product_cat":[12891,12291],"product_tag":[],"class_list":{"0":"post-774627","1":"product","2":"type-product","3":"status-publish","5":"product_cat-amerikan-edebiyati","6":"product_cat-edebiyat","7":"pa_cilt-ciltsiz","8":"pa_tur-kitap","9":"pa_yayinevi-yapi-kredi-yayinlari","10":"pa_yazar-thomas-bernhard","12":"first","13":"instock","14":"sale","15":"shipping-taxable","16":"purchasable","17":"product-type-simple"},"_links":{"self":[{"href":"https:\/\/roveyayinevi.com.tr\/index.php\/wp-json\/wp\/v2\/product\/774627","targetHints":{"allow":["GET"]}}],"collection":[{"href":"https:\/\/roveyayinevi.com.tr\/index.php\/wp-json\/wp\/v2\/product"}],"about":[{"href":"https:\/\/roveyayinevi.com.tr\/index.php\/wp-json\/wp\/v2\/types\/product"}],"wp:attachment":[{"href":"https:\/\/roveyayinevi.com.tr\/index.php\/wp-json\/wp\/v2\/media?parent=774627"}],"wp:term":[{"taxonomy":"product_brand","embeddable":true,"href":"https:\/\/roveyayinevi.com.tr\/index.php\/wp-json\/wp\/v2\/product_brand?post=774627"},{"taxonomy":"product_cat","embeddable":true,"href":"https:\/\/roveyayinevi.com.tr\/index.php\/wp-json\/wp\/v2\/product_cat?post=774627"},{"taxonomy":"product_tag","embeddable":true,"href":"https:\/\/roveyayinevi.com.tr\/index.php\/wp-json\/wp\/v2\/product_tag?post=774627"}],"curies":[{"name":"wp","href":"https:\/\/api.w.org\/{rel}","templated":true}]}}