{"id":774624,"date":"2025-09-09T09:32:27","date_gmt":"2025-09-09T06:32:27","guid":{"rendered":"https:\/\/roveyayinevi.com.tr\/index.php\/urun\/goethenin-doga-felsefesi\/"},"modified":"2026-04-16T02:04:41","modified_gmt":"2026-04-15T23:04:41","slug":"goethenin-doga-felsefesi","status":"publish","type":"product","link":"https:\/\/roveyayinevi.com.tr\/index.php\/urun\/goethenin-doga-felsefesi\/","title":{"rendered":"Goethe&#8217;nin Do\u011fa Felsefesi"},"content":{"rendered":"<p>Goethe&#8217;nin edebiyat ve do\u011fabilim alanlar\u0131nda yaratt\u0131\u011f\u0131 b\u00fct\u00fcn eserlerinin temelinde yatan do\u011fa felsefesi, bilginleri ve filozoflar\u0131 i\u00e7ine d\u00fc\u015ft\u00fckleri \u00e7\u0131kmaz sokaktan kurtaracak, onlar\u0131n soyut ve tek boyutlu d\u00fc\u015f\u00fcncelerini bir sa\u011falt\u0131m (terapi) s\u00fcrecinden ge\u00e7irecek, ayr\u0131ca da onlara organik d\u00fcnyan\u0131n nas\u0131l ara\u015ft\u0131r\u0131lmas\u0131 gerekti\u011fini \u00f6\u011fretecek \u00f6zelliktedir. \ufffcTan\u0131t\u0131m Metni<\/p>\n","protected":false},"excerpt":{"rendered":"<p>Goethe&#8217;nin edebiyat ve do\u011fabilim alanlar\u0131nda yaratt\u0131\u011f\u0131 b\u00fct\u00fcn eserlerinin temelinde yatan do\u011fa felsefesi, bilginleri ve filozoflar\u0131 i\u00e7ine d\u00fc\u015ft\u00fckleri \u00e7\u0131kmaz sokaktan kurtaracak, onlar\u0131n soyut ve tek boyutlu d\u00fc\u015f\u00fcncelerini<span class=\"excerpt-hellip\"> [\u2026]<\/span><\/p>\n","protected":false},"featured_media":0,"template":"","meta":{"_monsterinsights_skip_tracking":false,"_monsterinsights_sitenote_active":false,"_monsterinsights_sitenote_note":"","_monsterinsights_sitenote_category":0},"product_brand":[],"product_cat":[12388,15309],"product_tag":[],"class_list":{"0":"post-774624","1":"product","2":"type-product","3":"status-publish","5":"product_cat-felsefe","6":"product_cat-felsefi-akimlar","7":"pa_cilt-ciltsiz","8":"pa_tur-kitap","9":"pa_yayinevi-sun-yayinevi","10":"pa_yazar-dincer-yildiz","12":"first","13":"instock","14":"sale","15":"shipping-taxable","16":"purchasable","17":"product-type-simple"},"_links":{"self":[{"href":"https:\/\/roveyayinevi.com.tr\/index.php\/wp-json\/wp\/v2\/product\/774624","targetHints":{"allow":["GET"]}}],"collection":[{"href":"https:\/\/roveyayinevi.com.tr\/index.php\/wp-json\/wp\/v2\/product"}],"about":[{"href":"https:\/\/roveyayinevi.com.tr\/index.php\/wp-json\/wp\/v2\/types\/product"}],"wp:attachment":[{"href":"https:\/\/roveyayinevi.com.tr\/index.php\/wp-json\/wp\/v2\/media?parent=774624"}],"wp:term":[{"taxonomy":"product_brand","embeddable":true,"href":"https:\/\/roveyayinevi.com.tr\/index.php\/wp-json\/wp\/v2\/product_brand?post=774624"},{"taxonomy":"product_cat","embeddable":true,"href":"https:\/\/roveyayinevi.com.tr\/index.php\/wp-json\/wp\/v2\/product_cat?post=774624"},{"taxonomy":"product_tag","embeddable":true,"href":"https:\/\/roveyayinevi.com.tr\/index.php\/wp-json\/wp\/v2\/product_tag?post=774624"}],"curies":[{"name":"wp","href":"https:\/\/api.w.org\/{rel}","templated":true}]}}