{"id":774622,"date":"2025-09-09T09:32:18","date_gmt":"2025-09-09T06:32:18","guid":{"rendered":"https:\/\/roveyayinevi.com.tr\/index.php\/urun\/muhtesem-suleyman-2\/"},"modified":"2026-04-16T02:04:40","modified_gmt":"2026-04-15T23:04:40","slug":"muhtesem-suleyman-2","status":"publish","type":"product","link":"https:\/\/roveyayinevi.com.tr\/index.php\/urun\/muhtesem-suleyman-2\/","title":{"rendered":"Muhte\u015fem S\u00fcleyman"},"content":{"rendered":"<p>Kanuni Sultan S\u00fcleyman&#8217;\u0131n iktidar y\u0131llar\u0131 daha 17. y\u00fczy\u0131l yazarlar\u0131 taraf\u0131ndan  Alt\u0131n \u00c7a\u011f  olarak tarif edilmi\u015fti. Asl\u0131nda bu d\u00f6nem hayat\u0131n siyahla beyaz aras\u0131ndaki b\u00fct\u00fcn renklerini i\u00e7inde bar\u0131nd\u0131r\u0131yordu.Tahta \u00e7\u0131karken tek evlat olman\u0131n rahatl\u0131\u011f\u0131n\u0131 ya\u015fayan Kanuni, saltanat\u0131 s\u0131ras\u0131nda iki o\u011flu ile alt\u0131 torununu \u00f6ld\u00fcrtt\u00fc. \u0130mparatorlu\u011fun b\u00fcy\u00fck fetihlerle bir d\u00fcnya g\u00fcc\u00fc haline gelmesi de, ilk defa Harem-i H\u00fcmayun&#8217;dan bir hasekinin, H\u00fcrrem Sultan&#8217;\u0131nsiyasette aktif rol oynamas\u0131 da bu d\u00f6nemde oldu. Muhte\u015fem S\u00fcleyman, ayn\u0131 zamanda b\u00fcy\u00fck bir a\u015f\u0131kt\u0131. Zafer mutlulu\u011fu kadar a\u015fk\u0131n ve ayr\u0131l\u0131\u011f\u0131n \u0131st\u0131rab\u0131n\u0131 da bilen h\u00fck\u00fcmdard\u0131. Bu kitapta do\u011funun ve bat\u0131n\u0131n \u015fahitli\u011finde muhte\u015fem y\u00fczy\u0131l\u0131n bir panoramas\u0131n\u0131 bulacaks\u0131n\u0131z&#8230; <\/p>\n","protected":false},"excerpt":{"rendered":"<p>Kanuni Sultan S\u00fcleyman&#8217;\u0131n iktidar y\u0131llar\u0131 daha 17. y\u00fczy\u0131l yazarlar\u0131 taraf\u0131ndan Alt\u0131n \u00c7a\u011f olarak tarif edilmi\u015fti. Asl\u0131nda bu d\u00f6nem hayat\u0131n siyahla beyaz aras\u0131ndaki b\u00fct\u00fcn renklerini i\u00e7inde bar\u0131nd\u0131r\u0131yordu.Tahta<span class=\"excerpt-hellip\"> [\u2026]<\/span><\/p>\n","protected":false},"featured_media":0,"template":"","meta":{"_monsterinsights_skip_tracking":false,"_monsterinsights_sitenote_active":false,"_monsterinsights_sitenote_note":"","_monsterinsights_sitenote_category":0},"product_brand":[],"product_cat":[13517,12304],"product_tag":[],"class_list":{"0":"post-774622","1":"product","2":"type-product","3":"status-publish","5":"product_cat-osmanli-tarihi","6":"product_cat-tarih","7":"pa_cilt-ciltsiz","8":"pa_tur-kitap","9":"pa_yayinevi-yeditepe-yayinevi","10":"pa_yazar-erhan-afyoncu","12":"first","13":"instock","14":"sale","15":"shipping-taxable","16":"purchasable","17":"product-type-simple"},"_links":{"self":[{"href":"https:\/\/roveyayinevi.com.tr\/index.php\/wp-json\/wp\/v2\/product\/774622","targetHints":{"allow":["GET"]}}],"collection":[{"href":"https:\/\/roveyayinevi.com.tr\/index.php\/wp-json\/wp\/v2\/product"}],"about":[{"href":"https:\/\/roveyayinevi.com.tr\/index.php\/wp-json\/wp\/v2\/types\/product"}],"wp:attachment":[{"href":"https:\/\/roveyayinevi.com.tr\/index.php\/wp-json\/wp\/v2\/media?parent=774622"}],"wp:term":[{"taxonomy":"product_brand","embeddable":true,"href":"https:\/\/roveyayinevi.com.tr\/index.php\/wp-json\/wp\/v2\/product_brand?post=774622"},{"taxonomy":"product_cat","embeddable":true,"href":"https:\/\/roveyayinevi.com.tr\/index.php\/wp-json\/wp\/v2\/product_cat?post=774622"},{"taxonomy":"product_tag","embeddable":true,"href":"https:\/\/roveyayinevi.com.tr\/index.php\/wp-json\/wp\/v2\/product_tag?post=774622"}],"curies":[{"name":"wp","href":"https:\/\/api.w.org\/{rel}","templated":true}]}}