{"id":774621,"date":"2025-09-09T09:32:14","date_gmt":"2025-09-09T06:32:14","guid":{"rendered":"https:\/\/roveyayinevi.com.tr\/index.php\/urun\/ermeni-kaynaklarina-gore-mogollar\/"},"modified":"2026-04-16T02:04:39","modified_gmt":"2026-04-15T23:04:39","slug":"ermeni-kaynaklarina-gore-mogollar","status":"publish","type":"product","link":"https:\/\/roveyayinevi.com.tr\/index.php\/urun\/ermeni-kaynaklarina-gore-mogollar\/","title":{"rendered":"Ermeni Kaynaklar\u0131na G\u00f6re Mo\u011follar"},"content":{"rendered":"<p>Ermeni kaynaklar\u0131 aynen \u00c7in, Arap, Fars ve Rus kaynaklar\u0131 oldu\u011fu gibi T\u00fcrk Tarihi de d\u00e2hil olmak \u00fczere Avrasya tarihi a\u00e7\u0131s\u0131ndan \u00f6nemli kaynak konumundad\u0131rlar. Ermeni kaynaklar\u0131ndan \u00f6zellikle XII. y\u00fczy\u0131l\u0131n sonu &#8211; XIII. y\u00fczy\u0131l\u0131n ilk yar\u0131s\u0131ndaki T\u00fcrk ve Mo\u011fol tarihinin yaz\u0131m\u0131nda istifade edilmektedir. E\u00e7miadzin, Venedik, Viyana, Paris, Vatikan ba\u015fta olmak \u00fczere d\u00fcnyan\u0131n \u00e7e\u015fitli \u015fehirlerindeki ar\u015fivlerde saklanan ve \u00e7o\u011fu kilise ile manast\u0131rlarda kaleme al\u0131nan bu eserler, daha XIX. y\u00fczy\u0131ldan itibaren \u00e7e\u015fitli d\u00fcnya dillerine terc\u00fcme edilmi\u015f ve ara\u015ft\u0131rmac\u0131lar\u0131n istifadesine sunulmu\u015ftur. Bu alandaki en \u00f6nemli \u00e7al\u0131\u015fmalardan biri, T\u00fcrk\u00e7e\u2019ye \u00e7evirisini yapt\u0131\u011f\u0131m\u0131z A. G. Galstyan\u2019\u0131n 1961\u2019de yay\u0131mlad\u0131\u011f\u0131 Armyanskie \u0130sto\u00e7niki o Mongolah (Ermeni Kaynaklar\u0131na G\u00f6re Mo\u011follar) adl\u0131 kitab\u0131d\u0131r. Galstyan, bu eserinde Sebastatsi, Piskopos Stepanos, Vanakan Tavu\u015fetsi, Parts\u0131rtpertli Kostantin, S\u0131mbat Sparapet, Grigor Sisetsi, Ermeni Kral\u0131 II. Hetum, Mhitar Ayrivanetsi, Nerses Palients, David Bagi\u015fetsi gibi d\u00f6nemin Ermeni devlet ve din adamlar\u0131 ile m\u00fcelliflerinin eserlerinden Mo\u011follar ile ilgili olan k\u0131s\u0131mlar\u0131 kronolojik olarak vermektedir. Ermeni m\u00fcelliflerinin Mo\u011follar ile ilgili kaleme ald\u0131klar\u0131 eserler, \u00e7ok yanl\u0131 olmas\u0131na ra\u011fmen bunlar, Mo\u011fol tarihi ile ilgili di\u011fer kaynaklardan elde etti\u011fimiz bilgileri tamamlamaktad\u0131r. <\/p>\n","protected":false},"excerpt":{"rendered":"<p>Ermeni kaynaklar\u0131 aynen \u00c7in, Arap, Fars ve Rus kaynaklar\u0131 oldu\u011fu gibi T\u00fcrk Tarihi de d\u00e2hil olmak \u00fczere Avrasya tarihi a\u00e7\u0131s\u0131ndan \u00f6nemli kaynak konumundad\u0131rlar. Ermeni kaynaklar\u0131ndan \u00f6zellikle<span class=\"excerpt-hellip\"> [\u2026]<\/span><\/p>\n","protected":false},"featured_media":0,"template":"","meta":{"_monsterinsights_skip_tracking":false,"_monsterinsights_sitenote_active":false,"_monsterinsights_sitenote_note":"","_monsterinsights_sitenote_category":0},"product_brand":[],"product_cat":[12312,12304],"product_tag":[],"class_list":{"0":"post-774621","1":"product","2":"type-product","3":"status-publish","5":"product_cat-diger","6":"product_cat-tarih","7":"pa_cilt-ciltsiz","8":"pa_tur-kitap","9":"pa_yayinevi-yeditepe-yayinevi","10":"pa_yazar-a-g-galstyan","12":"first","13":"instock","14":"sale","15":"shipping-taxable","16":"purchasable","17":"product-type-simple"},"_links":{"self":[{"href":"https:\/\/roveyayinevi.com.tr\/index.php\/wp-json\/wp\/v2\/product\/774621","targetHints":{"allow":["GET"]}}],"collection":[{"href":"https:\/\/roveyayinevi.com.tr\/index.php\/wp-json\/wp\/v2\/product"}],"about":[{"href":"https:\/\/roveyayinevi.com.tr\/index.php\/wp-json\/wp\/v2\/types\/product"}],"wp:attachment":[{"href":"https:\/\/roveyayinevi.com.tr\/index.php\/wp-json\/wp\/v2\/media?parent=774621"}],"wp:term":[{"taxonomy":"product_brand","embeddable":true,"href":"https:\/\/roveyayinevi.com.tr\/index.php\/wp-json\/wp\/v2\/product_brand?post=774621"},{"taxonomy":"product_cat","embeddable":true,"href":"https:\/\/roveyayinevi.com.tr\/index.php\/wp-json\/wp\/v2\/product_cat?post=774621"},{"taxonomy":"product_tag","embeddable":true,"href":"https:\/\/roveyayinevi.com.tr\/index.php\/wp-json\/wp\/v2\/product_tag?post=774621"}],"curies":[{"name":"wp","href":"https:\/\/api.w.org\/{rel}","templated":true}]}}