{"id":774619,"date":"2025-09-09T09:32:09","date_gmt":"2025-09-09T06:32:09","guid":{"rendered":"https:\/\/roveyayinevi.com.tr\/index.php\/urun\/anadoluda-turkmen-asiretleri\/"},"modified":"2026-04-16T02:04:39","modified_gmt":"2026-04-15T23:04:39","slug":"anadoluda-turkmen-asiretleri","status":"publish","type":"product","link":"https:\/\/roveyayinevi.com.tr\/index.php\/urun\/anadoluda-turkmen-asiretleri\/","title":{"rendered":"Anadolu\u2019da T\u00fcrkmen A\u015firetleri"},"content":{"rendered":"<p>Do\u011fu ve G\u00fcneydo\u011fu Anadolu\u2019nun en kalabal\u0131k konar-g\u00f6\u00e7er toplulu\u011fu olan T\u00fcrkmenler, Diyarbak\u0131r-Erzurum hatt\u0131nda yaylak-k\u0131\u015flak hayat\u0131 s\u00fcrd\u00fcr\u00fcrlerdi. Onlar 16. y\u00fczy\u0131l\u0131n sonlar\u0131ndan itibaren Anadolu\u2019ya da\u011f\u0131ld\u0131lar. Diyarbak\u0131r\u2019dan ba\u015fka Ankara, Ayd\u0131n, Karaman T\u00fcrkmen a\u015firetlerinin yeni yaylak ve k\u0131\u015flak alanlar\u0131 oldu. Osmanl\u0131 merkez\u00ee y\u00f6netiminin Bozulus T\u00fcrkmenleri ad\u0131n\u0131 verdi\u011fi bu a\u015firetler bir\u00e7ok Anadolu \u015fehrinden daha kalabal\u0131k bir n\u00fcfusa sahiptiler.Bu kitapta, Bozulus T\u00fcrkmenlerinin sosyal hayatlar\u0131, a\u015firet d\u00fczenleri ve Osmanl\u0131 ekonomik yap\u0131s\u0131 i\u00e7indeki yerleri, Osmanl\u0131 ar\u015fiv vesikalar\u0131na g\u00f6re incelenmektedir.   <\/p>\n","protected":false},"excerpt":{"rendered":"<p>Do\u011fu ve G\u00fcneydo\u011fu Anadolu\u2019nun en kalabal\u0131k konar-g\u00f6\u00e7er toplulu\u011fu olan T\u00fcrkmenler, Diyarbak\u0131r-Erzurum hatt\u0131nda yaylak-k\u0131\u015flak hayat\u0131 s\u00fcrd\u00fcr\u00fcrlerdi. Onlar 16. y\u00fczy\u0131l\u0131n sonlar\u0131ndan itibaren Anadolu\u2019ya da\u011f\u0131ld\u0131lar. Diyarbak\u0131r\u2019dan ba\u015fka Ankara, Ayd\u0131n,<span class=\"excerpt-hellip\"> [\u2026]<\/span><\/p>\n","protected":false},"featured_media":0,"template":"","meta":{"_monsterinsights_skip_tracking":false,"_monsterinsights_sitenote_active":false,"_monsterinsights_sitenote_note":"","_monsterinsights_sitenote_category":0},"product_brand":[],"product_cat":[12304,13493],"product_tag":[],"class_list":{"0":"post-774619","1":"product","2":"type-product","3":"status-publish","5":"product_cat-tarih","6":"product_cat-turkiye-ve-cumhuriyet-tarihi","7":"pa_cilt-ciltsiz","8":"pa_tur-kitap","9":"pa_yayinevi-yeditepe-yayinevi","10":"pa_yazar-tufan-gunduz","12":"first","13":"instock","14":"sale","15":"shipping-taxable","16":"purchasable","17":"product-type-simple"},"_links":{"self":[{"href":"https:\/\/roveyayinevi.com.tr\/index.php\/wp-json\/wp\/v2\/product\/774619","targetHints":{"allow":["GET"]}}],"collection":[{"href":"https:\/\/roveyayinevi.com.tr\/index.php\/wp-json\/wp\/v2\/product"}],"about":[{"href":"https:\/\/roveyayinevi.com.tr\/index.php\/wp-json\/wp\/v2\/types\/product"}],"wp:attachment":[{"href":"https:\/\/roveyayinevi.com.tr\/index.php\/wp-json\/wp\/v2\/media?parent=774619"}],"wp:term":[{"taxonomy":"product_brand","embeddable":true,"href":"https:\/\/roveyayinevi.com.tr\/index.php\/wp-json\/wp\/v2\/product_brand?post=774619"},{"taxonomy":"product_cat","embeddable":true,"href":"https:\/\/roveyayinevi.com.tr\/index.php\/wp-json\/wp\/v2\/product_cat?post=774619"},{"taxonomy":"product_tag","embeddable":true,"href":"https:\/\/roveyayinevi.com.tr\/index.php\/wp-json\/wp\/v2\/product_tag?post=774619"}],"curies":[{"name":"wp","href":"https:\/\/api.w.org\/{rel}","templated":true}]}}