{"id":774615,"date":"2025-09-09T09:28:09","date_gmt":"2025-09-09T06:28:09","guid":{"rendered":"https:\/\/roveyayinevi.com.tr\/index.php\/urun\/locus-solus\/"},"modified":"2026-04-16T02:03:57","modified_gmt":"2026-04-15T23:03:57","slug":"locus-solus","status":"publish","type":"product","link":"https:\/\/roveyayinevi.com.tr\/index.php\/urun\/locus-solus\/","title":{"rendered":"Locus Solus"},"content":{"rendered":"<p>Raymond Roussel (1877-1933) \u00e7a\u011fc\u0131l Frans\u0131z yaz\u0131n\u0131n\u0131n b\u00fcy\u00fck \u00f6nc\u00fcleri aras\u0131nda say\u0131l\u0131r. Ger\u00e7ek\u00fcst\u00fcc\u00fcler, yaz\u0131n\u0131n ve ger\u00e7e\u011fin s\u0131n\u0131rlar\u0131nda bir i\u00e7 deneyimin \u00fcr\u00fcn\u00fc olan \u015fiirlerini ve d\u00fczyaz\u0131lar\u0131n\u0131 g\u00f6klere \u00e7\u0131kar\u0131rlar. Breton onu Lautreamont&#8217;la birlikte t\u00fcm \u00e7a\u011flar\u0131n en b\u00fcy\u00fck b\u00fcy\u00fcc\u00fcs\u00fc olarak niteler; Dali, bir yang\u0131ndan tek bir kitab\u0131 kurtarmas\u0131 gerekse, bu kitab\u0131n onun tek roman\u0131 Locus Solus olaca\u011f\u0131n\u0131 s\u00f6yler, Leiris de \u00fclk\u00fcsel bir yolcu olarak g\u00f6r\u00fcr onu. Ama Roussel hayranlar\u0131 ger\u00e7ek\u00fcst\u00fcc\u00fclerle s\u0131n\u0131rl\u0131 de\u011fildir. Y\u00fczy\u0131l\u0131m\u0131z\u0131n b\u00fcy\u00fck d\u00fc\u015f\u00fcn\u00fcrlerinden Michel Foucault onun \u00fczerine koca bir kitap yazar. Yeni Roman \u0131n iki \u00f6nemli \u00f6nc\u00fcs\u00fc, Alain Robbe-Grillet ve Michel Butor onu b\u00fcy\u00fck bir yaz\u0131 ve kurgu ustas\u0131 sayarlar, \u00e7\u00fcnk\u00fc, Locus Solus un da tan\u0131kl\u0131k etti\u011fi gibi, Raymond Roussel imgelemin s\u0131n\u0131rlar\u0131n\u0131 \u00f6ncelikle ayr\u0131nt\u0131larda zorlar. \ufffcTan\u0131t\u0131m Metni<\/p>\n","protected":false},"excerpt":{"rendered":"<p>Raymond Roussel (1877-1933) \u00e7a\u011fc\u0131l Frans\u0131z yaz\u0131n\u0131n\u0131n b\u00fcy\u00fck \u00f6nc\u00fcleri aras\u0131nda say\u0131l\u0131r. Ger\u00e7ek\u00fcst\u00fcc\u00fcler, yaz\u0131n\u0131n ve ger\u00e7e\u011fin s\u0131n\u0131rlar\u0131nda bir i\u00e7 deneyimin \u00fcr\u00fcn\u00fc olan \u015fiirlerini ve d\u00fczyaz\u0131lar\u0131n\u0131 g\u00f6klere \u00e7\u0131kar\u0131rlar. Breton<span class=\"excerpt-hellip\"> [\u2026]<\/span><\/p>\n","protected":false},"featured_media":0,"template":"","meta":{"_monsterinsights_skip_tracking":false,"_monsterinsights_sitenote_active":false,"_monsterinsights_sitenote_note":"","_monsterinsights_sitenote_category":0},"product_brand":[],"product_cat":[12291,13376],"product_tag":[],"class_list":{"0":"post-774615","1":"product","2":"type-product","3":"status-publish","5":"product_cat-edebiyat","6":"product_cat-fransiz-edebiyati","7":"pa_cilt-ciltsiz","8":"pa_tur-kitap","9":"pa_yayinevi-yapi-kredi-yayinlari","10":"pa_yazar-raymond-roussel","12":"first","13":"instock","14":"sale","15":"shipping-taxable","16":"purchasable","17":"product-type-simple"},"_links":{"self":[{"href":"https:\/\/roveyayinevi.com.tr\/index.php\/wp-json\/wp\/v2\/product\/774615","targetHints":{"allow":["GET"]}}],"collection":[{"href":"https:\/\/roveyayinevi.com.tr\/index.php\/wp-json\/wp\/v2\/product"}],"about":[{"href":"https:\/\/roveyayinevi.com.tr\/index.php\/wp-json\/wp\/v2\/types\/product"}],"wp:attachment":[{"href":"https:\/\/roveyayinevi.com.tr\/index.php\/wp-json\/wp\/v2\/media?parent=774615"}],"wp:term":[{"taxonomy":"product_brand","embeddable":true,"href":"https:\/\/roveyayinevi.com.tr\/index.php\/wp-json\/wp\/v2\/product_brand?post=774615"},{"taxonomy":"product_cat","embeddable":true,"href":"https:\/\/roveyayinevi.com.tr\/index.php\/wp-json\/wp\/v2\/product_cat?post=774615"},{"taxonomy":"product_tag","embeddable":true,"href":"https:\/\/roveyayinevi.com.tr\/index.php\/wp-json\/wp\/v2\/product_tag?post=774615"}],"curies":[{"name":"wp","href":"https:\/\/api.w.org\/{rel}","templated":true}]}}