{"id":774614,"date":"2025-09-09T09:26:50","date_gmt":"2025-09-09T06:26:50","guid":{"rendered":"https:\/\/roveyayinevi.com.tr\/index.php\/urun\/agaca-tuneyen-baron\/"},"modified":"2026-04-16T02:03:50","modified_gmt":"2026-04-15T23:03:50","slug":"agaca-tuneyen-baron","status":"publish","type":"product","link":"https:\/\/roveyayinevi.com.tr\/index.php\/urun\/agaca-tuneyen-baron\/","title":{"rendered":"A\u011faca T\u00fcneyen Baron"},"content":{"rendered":"<p>Italo Calvino&#8217;nun en sevilen kitaplar\u0131ndan biri olan A\u011faca T\u00fcneyen Baron, daha sonra yazar\u0131n Atalar\u0131m\u0131z \u00fc\u00e7lemesinde bir araya getirdi\u011fi kitaplardan ikincisidir. Birinci kitap \u0130kiye B\u00f6l\u00fcnen Vikont, \u00fc\u00e7\u00fcnc\u00fc kitap ise Varolmayan \u015e\u00f6valye&#8217;dir. A\u011faca T\u00fcneyen Baron, soylu bir aileden gelen, on iki ya\u015f\u0131ndayken babas\u0131na isyan edip a\u011faca \u00e7\u0131kan Cosimo \u00fcst\u00fcne yaz\u0131lm\u0131\u015f bir \u00fctopyad\u0131r&#8230; Bir daha yery\u00fcz\u00fcne ayak basmayaca\u011f\u0131n\u0131 s\u00f6yleyip b\u00fct\u00fcn \u00f6mr\u00fcn\u00fc a\u011fa\u00e7lar\u0131n \u00fcst\u00fcnde ge\u00e7iren, b\u00fct\u00fcn ihtiya\u00e7lar\u0131n\u0131 orada gideren; a\u011fa\u00e7lar\u0131n \u00fcst\u00fcnde yemek yiyen, temizlenen, okuyan, \u00f6\u011frenen, hatta a\u015f\u0131k olan Cosimo, toplumd\u0131\u015f\u0131 ya\u015fay\u0131\u015f\u0131na ra\u011fmen insanlarla birlikte hareket etmekte, onlar\u0131n yap\u0131p ettiklerine m\u00fcdahil olmaktad\u0131r. O, d\u00fcnyay\u0131 de\u011fi\u015ftirmese de tan\u0131maya ve anlamaya \u00e7al\u0131\u015fmaktad\u0131r. Cosimo&#8217;nun biraz komik, biraz h\u00fcz\u00fcnl\u00fc ve pek tuhaf bir \u015fekilde son bulan hikayesi, asl\u0131nda insanl\u0131k tarihinin kazanma ve kaybetmesi \u00fcst\u00fcne bir hikayedir. A\u011faca T\u00fcneyen Baron, ilk kez her ya\u015ftan okura hitap eden bu resimli bask\u0131s\u0131yla T\u00fcrk\u00e7ede&#8230; \ufffc<\/p>\n","protected":false},"excerpt":{"rendered":"<p>Italo Calvino&#8217;nun en sevilen kitaplar\u0131ndan biri olan A\u011faca T\u00fcneyen Baron, daha sonra yazar\u0131n Atalar\u0131m\u0131z \u00fc\u00e7lemesinde bir araya getirdi\u011fi kitaplardan ikincisidir. Birinci kitap \u0130kiye B\u00f6l\u00fcnen Vikont, \u00fc\u00e7\u00fcnc\u00fc<span class=\"excerpt-hellip\"> [\u2026]<\/span><\/p>\n","protected":false},"featured_media":0,"template":"","meta":{"_monsterinsights_skip_tracking":false,"_monsterinsights_sitenote_active":false,"_monsterinsights_sitenote_note":"","_monsterinsights_sitenote_category":0},"product_brand":[],"product_cat":[12274,12284],"product_tag":[],"class_list":{"0":"post-774614","1":"product","2":"type-product","3":"status-publish","5":"product_cat-cocuk-ve-genclik-kitaplari","6":"product_cat-hikayeler","7":"pa_cilt-ciltsiz","8":"pa_tur-kitap","9":"pa_yayinevi-yapi-kredi-yayinlari","10":"pa_yazar-italo-calvino","12":"first","13":"instock","14":"sale","15":"shipping-taxable","16":"purchasable","17":"product-type-simple"},"_links":{"self":[{"href":"https:\/\/roveyayinevi.com.tr\/index.php\/wp-json\/wp\/v2\/product\/774614","targetHints":{"allow":["GET"]}}],"collection":[{"href":"https:\/\/roveyayinevi.com.tr\/index.php\/wp-json\/wp\/v2\/product"}],"about":[{"href":"https:\/\/roveyayinevi.com.tr\/index.php\/wp-json\/wp\/v2\/types\/product"}],"wp:attachment":[{"href":"https:\/\/roveyayinevi.com.tr\/index.php\/wp-json\/wp\/v2\/media?parent=774614"}],"wp:term":[{"taxonomy":"product_brand","embeddable":true,"href":"https:\/\/roveyayinevi.com.tr\/index.php\/wp-json\/wp\/v2\/product_brand?post=774614"},{"taxonomy":"product_cat","embeddable":true,"href":"https:\/\/roveyayinevi.com.tr\/index.php\/wp-json\/wp\/v2\/product_cat?post=774614"},{"taxonomy":"product_tag","embeddable":true,"href":"https:\/\/roveyayinevi.com.tr\/index.php\/wp-json\/wp\/v2\/product_tag?post=774614"}],"curies":[{"name":"wp","href":"https:\/\/api.w.org\/{rel}","templated":true}]}}