{"id":774608,"date":"2025-09-09T09:21:40","date_gmt":"2025-09-09T06:21:40","guid":{"rendered":"https:\/\/roveyayinevi.com.tr\/index.php\/urun\/hayaletin-laneti\/"},"modified":"2026-04-16T02:03:03","modified_gmt":"2026-04-15T23:03:03","slug":"hayaletin-laneti","status":"publish","type":"product","link":"https:\/\/roveyayinevi.com.tr\/index.php\/urun\/hayaletin-laneti\/","title":{"rendered":"Hayaletin Laneti"},"content":{"rendered":"<p>Hayalet ve \u00e7\u0131ra\u011f\u0131 Thomas Ward yar\u0131m kalm\u0131\u015f bir i\u015fi halletmek i\u00e7in Priestown\u2019a gitti. Katedraldaki yer alt\u0131 mezarlar\u0131n\u0131n derinlerinde Hayalet\u2019in hi\u00e7bir zaman yenemedi\u011fi bir yarat\u0131k yatmaktayd\u0131. \u00d6yle bir yarat\u0131kt\u0131 ki herkes onun g\u00fc\u00e7lerinden korkuyordu. Ona Zehir diyorlard\u0131 Thomas ve hayalet, Zehir\u2019le m\u00fccadelerinde tek d\u00fc\u015fmanlar\u0131n\u0131n o olmad\u0131\u011f\u0131n\u0131 g\u00f6r\u00fcrler. Thomas ve ustas\u0131 onlar\u0131 izleyen bu lanetten kurtulabilecek mi?  Neredeyse alt\u0131 ayd\u0131r Bay Gregory\u2019nin \u00e7\u0131ra\u011f\u0131s\u0131n. Yani baz\u0131 \u015feyleri kendi ba\u015f\u0131na halledebilecek kadar e\u011fitim alm\u0131\u015f olmal\u0131s\u0131n  dedi annem.  ve art\u0131k karanl\u0131k seni fark etti, yakalay\u0131ncaya kadar da pe\u015fini b\u0131rakmayacakt\u0131r. Yani tehlikedesin o\u011flum ve bu tehlike giderek artacak. Ama \u015funu unutma sende b\u00fcy\u00fcyorsun o\u011flum. Gen\u00e7 bir erkek oldu\u011funda korkma s\u0131ras\u0131 karanl\u0131\u011fa ge\u00e7ecek, \u00e7\u00fcnk\u00fc o zaman sen av de\u011fil, avc\u0131 olacaks\u0131n. Sana bu y\u00fczden hayat verdim.   T\u00fcylerinizi diken diken edecek bir devam kitab\u0131.  -Amanda Craig, The Times-  Tom Ward \u00fcrk\u00fct\u00fcc\u00fc bir hik\u00e2ye ile geri d\u00f6nd\u00fc. Bu maceran\u0131n i\u00e7inde kaybolmaya bay\u0131lacaks\u0131n\u0131z.  -Funday Times- <\/p>\n","protected":false},"excerpt":{"rendered":"<p>Hayalet ve \u00e7\u0131ra\u011f\u0131 Thomas Ward yar\u0131m kalm\u0131\u015f bir i\u015fi halletmek i\u00e7in Priestown\u2019a gitti. Katedraldaki yer alt\u0131 mezarlar\u0131n\u0131n derinlerinde Hayalet\u2019in hi\u00e7bir zaman yenemedi\u011fi bir yarat\u0131k yatmaktayd\u0131. \u00d6yle<span class=\"excerpt-hellip\"> [\u2026]<\/span><\/p>\n","protected":false},"featured_media":0,"template":"","meta":{"_monsterinsights_skip_tracking":false,"_monsterinsights_sitenote_active":false,"_monsterinsights_sitenote_note":"","_monsterinsights_sitenote_category":0},"product_brand":[],"product_cat":[12291,12711],"product_tag":[],"class_list":{"0":"post-774608","1":"product","2":"type-product","3":"status-publish","5":"product_cat-edebiyat","6":"product_cat-roman-oyku","7":"pa_tur-kitap","8":"pa_yayinevi-tudem-yayinlari","9":"pa_yazar-joseph-delaney","11":"first","12":"instock","13":"sale","14":"shipping-taxable","15":"purchasable","16":"product-type-simple"},"_links":{"self":[{"href":"https:\/\/roveyayinevi.com.tr\/index.php\/wp-json\/wp\/v2\/product\/774608","targetHints":{"allow":["GET"]}}],"collection":[{"href":"https:\/\/roveyayinevi.com.tr\/index.php\/wp-json\/wp\/v2\/product"}],"about":[{"href":"https:\/\/roveyayinevi.com.tr\/index.php\/wp-json\/wp\/v2\/types\/product"}],"wp:attachment":[{"href":"https:\/\/roveyayinevi.com.tr\/index.php\/wp-json\/wp\/v2\/media?parent=774608"}],"wp:term":[{"taxonomy":"product_brand","embeddable":true,"href":"https:\/\/roveyayinevi.com.tr\/index.php\/wp-json\/wp\/v2\/product_brand?post=774608"},{"taxonomy":"product_cat","embeddable":true,"href":"https:\/\/roveyayinevi.com.tr\/index.php\/wp-json\/wp\/v2\/product_cat?post=774608"},{"taxonomy":"product_tag","embeddable":true,"href":"https:\/\/roveyayinevi.com.tr\/index.php\/wp-json\/wp\/v2\/product_tag?post=774608"}],"curies":[{"name":"wp","href":"https:\/\/api.w.org\/{rel}","templated":true}]}}