{"id":774605,"date":"2025-09-09T09:20:57","date_gmt":"2025-09-09T06:20:57","guid":{"rendered":"https:\/\/roveyayinevi.com.tr\/index.php\/urun\/kucuk-agacin-egitimi\/"},"modified":"2026-04-16T02:03:00","modified_gmt":"2026-04-15T23:03:00","slug":"kucuk-agacin-egitimi","status":"publish","type":"product","link":"https:\/\/roveyayinevi.com.tr\/index.php\/urun\/kucuk-agacin-egitimi\/","title":{"rendered":"K\u00fc\u00e7\u00fck A\u011fa\u00e7\u2019\u0131n E\u011fitimi"},"content":{"rendered":"<p>Sevgiyi, duyarl\u0131l\u0131\u011f\u0131, d\u00fcr\u00fcstl\u00fc\u011f\u00fc, samimiyeti K\u0131z\u0131lderili mant\u0131\u011f\u0131yla i\u015fleyen muhte\u015fem bir kitap&#8230;Egemenlik ve g\u00fc\u00e7 tutkusu pe\u015finde ko\u015fan Beyaz Adam\u2019\u0131n ac\u0131mas\u0131zca yok etti\u011fi \u00c7erokilere ithaf edilen bu kitap, insan\u0131 umursayan, ac\u0131lar\u0131n\u0131 payla\u015fan, ya\u015fam\u0131n b\u00fct\u00fcnselli\u011fini savunan bir k\u00fclt\u00fcr\u00fcn mesaj\u0131&#8230; Evrensel dostluk ve bar\u0131\u015f\u0131n hik\u00e2yesi&#8230; \u0130nsani duyarl\u0131l\u0131\u011f\u0131n g\u00f6rkemli direni\u015fi&#8230; Y\u00fczeysel ve mekanik ili\u015fkilerin h\u00e2kim oldu\u011fu g\u00fcn\u00fcm\u00fczde, yitirilen de\u011ferlere sayg\u0131 duru\u015funda bulunma denemesi&#8230; Heidi, K\u00fc\u00e7\u00fck Prens, \u015eeker Portakal\u0131 ve Mart\u0131\u2019daki samimiyeti, d\u00fcr\u00fcstl\u00fc\u011f\u00fc \u00f6zleyenler; co\u015fmak, sevmek, \u00f6zg\u00fcr olmak, h\u00fcz\u00fcnlenmek, doya doya a\u011flamak isteyenler i\u00e7in&#8230; En \u00e7ok da kitle ileti\u015fim ara\u00e7lar\u0131n\u0131n k\u00f6lesi olanlar, yarat\u0131c\u0131l\u0131\u011f\u0131 k\u00f6relten e\u011fitimi sorgulamak isteyenler i\u00e7in&#8230; <\/p>\n","protected":false},"excerpt":{"rendered":"<p>Sevgiyi, duyarl\u0131l\u0131\u011f\u0131, d\u00fcr\u00fcstl\u00fc\u011f\u00fc, samimiyeti K\u0131z\u0131lderili mant\u0131\u011f\u0131yla i\u015fleyen muhte\u015fem bir kitap&#8230;Egemenlik ve g\u00fc\u00e7 tutkusu pe\u015finde ko\u015fan Beyaz Adam\u2019\u0131n ac\u0131mas\u0131zca yok etti\u011fi \u00c7erokilere ithaf edilen bu kitap, insan\u0131<span class=\"excerpt-hellip\"> [\u2026]<\/span><\/p>\n","protected":false},"featured_media":0,"template":"","meta":{"_monsterinsights_skip_tracking":false,"_monsterinsights_sitenote_active":false,"_monsterinsights_sitenote_note":"","_monsterinsights_sitenote_category":0},"product_brand":[],"product_cat":[12891,12291],"product_tag":[],"class_list":{"0":"post-774605","1":"product","2":"type-product","3":"status-publish","5":"product_cat-amerikan-edebiyati","6":"product_cat-edebiyat","7":"pa_cilt-ciltsiz","8":"pa_tur-kitap","9":"pa_yayinevi-say-yayinlari","10":"pa_yazar-forrest-carter","12":"first","13":"instock","14":"sale","15":"shipping-taxable","16":"purchasable","17":"product-type-simple"},"_links":{"self":[{"href":"https:\/\/roveyayinevi.com.tr\/index.php\/wp-json\/wp\/v2\/product\/774605","targetHints":{"allow":["GET"]}}],"collection":[{"href":"https:\/\/roveyayinevi.com.tr\/index.php\/wp-json\/wp\/v2\/product"}],"about":[{"href":"https:\/\/roveyayinevi.com.tr\/index.php\/wp-json\/wp\/v2\/types\/product"}],"wp:attachment":[{"href":"https:\/\/roveyayinevi.com.tr\/index.php\/wp-json\/wp\/v2\/media?parent=774605"}],"wp:term":[{"taxonomy":"product_brand","embeddable":true,"href":"https:\/\/roveyayinevi.com.tr\/index.php\/wp-json\/wp\/v2\/product_brand?post=774605"},{"taxonomy":"product_cat","embeddable":true,"href":"https:\/\/roveyayinevi.com.tr\/index.php\/wp-json\/wp\/v2\/product_cat?post=774605"},{"taxonomy":"product_tag","embeddable":true,"href":"https:\/\/roveyayinevi.com.tr\/index.php\/wp-json\/wp\/v2\/product_tag?post=774605"}],"curies":[{"name":"wp","href":"https:\/\/api.w.org\/{rel}","templated":true}]}}