{"id":774604,"date":"2025-09-09T09:20:52","date_gmt":"2025-09-09T06:20:52","guid":{"rendered":"https:\/\/roveyayinevi.com.tr\/index.php\/urun\/solen-2\/"},"modified":"2026-04-16T02:03:00","modified_gmt":"2026-04-15T23:03:00","slug":"solen-2","status":"publish","type":"product","link":"https:\/\/roveyayinevi.com.tr\/index.php\/urun\/solen-2\/","title":{"rendered":"\u015e\u00f6len"},"content":{"rendered":"<p>Platon, hi\u00e7 ku\u015fku yok ki d\u00fc\u015f\u00fcnce tarihinin en \u00f6nemli ve etkili filozoflar\u0131ndan biridir. Felsefenin kurumsalla\u015fmas\u0131na ve felsefede yaz\u0131l\u0131 gelene\u011fin olu\u015fmas\u0131na katk\u0131da bulunmu\u015f, iki d\u00fcnyal\u0131 metafizi\u011fiyle b\u00fct\u00fcn bir Orta\u00e7a\u011f d\u00fc\u015f\u00fcncesini belirleyecek olan idealist felsefe gelene\u011finin ba\u015flat\u0131c\u0131s\u0131 olmu\u015ftur. H\u0131ristiyan Orta\u00e7a\u011f felsefesine ve \u0130slam d\u00fc\u015f\u00fcncesine etkisi bak\u0131m\u0131ndan da ayr\u0131ca \u00f6nem ta\u015f\u0131yan Platon, d\u00fc\u015f\u00fcnce tarihi boyunca tart\u0131\u015f\u0131lan t\u00fcm problemleri y\u00fczlerce y\u0131l \u00f6ncesinden ele alm\u0131\u015f ve ilk b\u00fcy\u00fck felsefi sistemi in\u015fa etmi\u015ftir. \u015e\u00f6len, Platon\u2019un entelekt\u00fcel ve sanatsal a\u00e7\u0131dan g\u00fcc\u00fcn\u00fcn doruk noktas\u0131nda oldu\u011fu bir d\u00f6nemde yaz\u0131lm\u0131\u015f, en \u00f6zel, en \u00f6nemli ve etkili diyaloglar\u0131n ba\u015f\u0131nda gelir. Uygarl\u0131k tarihinin ilahi a\u015fk, romantik a\u015fk ve Freudyen a\u015fkla birlikte d\u00f6rt b\u00fcy\u00fck a\u015fk teorisinden biri olan Sokratik-Platonik a\u015fk diyalo\u011fun temel konusudur. A\u015fk\u0131n yani Eros\u2019un do\u011fas\u0131n\u0131, amac\u0131n\u0131 ve do\u011fu\u015funu inceler. Sokrates\u2019e g\u00f6re a\u015fk, hayat\u0131n itici g\u00fcc\u00fc, enerjik ilkesi olarak insan\u0131 kendisini ger\u00e7ekle\u015ftirmeye sevk eden, hayat\u0131 ve insan\u0131 tamamlayan, onu ger\u00e7ekle\u015ftirip zenginle\u015ftiren, tam ve mutlu k\u0131lan bir \u015feydir. \u015e\u00f6len, edebiyat ile felsefeyi e\u015fsiz \u015fekilde bir araya getiren bir \u015faheser olarak nitelendirilmektedir. \ufffcTan\u0131t\u0131m Metni<\/p>\n","protected":false},"excerpt":{"rendered":"<p>Platon, hi\u00e7 ku\u015fku yok ki d\u00fc\u015f\u00fcnce tarihinin en \u00f6nemli ve etkili filozoflar\u0131ndan biridir. Felsefenin kurumsalla\u015fmas\u0131na ve felsefede yaz\u0131l\u0131 gelene\u011fin olu\u015fmas\u0131na katk\u0131da bulunmu\u015f, iki d\u00fcnyal\u0131 metafizi\u011fiyle b\u00fct\u00fcn<span class=\"excerpt-hellip\"> [\u2026]<\/span><\/p>\n","protected":false},"featured_media":0,"template":"","meta":{"_monsterinsights_skip_tracking":false,"_monsterinsights_sitenote_active":false,"_monsterinsights_sitenote_note":"","_monsterinsights_sitenote_category":0},"product_brand":[],"product_cat":[12388,14717],"product_tag":[],"class_list":{"0":"post-774604","1":"product","2":"type-product","3":"status-publish","5":"product_cat-felsefe","6":"product_cat-felsefe-tarihi","7":"pa_cilt-ciltsiz","8":"pa_tur-kitap","9":"pa_yayinevi-say-yayinlari","10":"pa_yazar-platon-eflatun","12":"first","13":"instock","14":"sale","15":"shipping-taxable","16":"purchasable","17":"product-type-simple"},"_links":{"self":[{"href":"https:\/\/roveyayinevi.com.tr\/index.php\/wp-json\/wp\/v2\/product\/774604","targetHints":{"allow":["GET"]}}],"collection":[{"href":"https:\/\/roveyayinevi.com.tr\/index.php\/wp-json\/wp\/v2\/product"}],"about":[{"href":"https:\/\/roveyayinevi.com.tr\/index.php\/wp-json\/wp\/v2\/types\/product"}],"wp:attachment":[{"href":"https:\/\/roveyayinevi.com.tr\/index.php\/wp-json\/wp\/v2\/media?parent=774604"}],"wp:term":[{"taxonomy":"product_brand","embeddable":true,"href":"https:\/\/roveyayinevi.com.tr\/index.php\/wp-json\/wp\/v2\/product_brand?post=774604"},{"taxonomy":"product_cat","embeddable":true,"href":"https:\/\/roveyayinevi.com.tr\/index.php\/wp-json\/wp\/v2\/product_cat?post=774604"},{"taxonomy":"product_tag","embeddable":true,"href":"https:\/\/roveyayinevi.com.tr\/index.php\/wp-json\/wp\/v2\/product_tag?post=774604"}],"curies":[{"name":"wp","href":"https:\/\/api.w.org\/{rel}","templated":true}]}}