{"id":774602,"date":"2025-09-09T09:20:42","date_gmt":"2025-09-09T06:20:42","guid":{"rendered":"https:\/\/roveyayinevi.com.tr\/index.php\/urun\/insan-ruhuna-yonelis\/"},"modified":"2026-04-16T02:02:58","modified_gmt":"2026-04-15T23:02:58","slug":"insan-ruhuna-yonelis","status":"publish","type":"product","link":"https:\/\/roveyayinevi.com.tr\/index.php\/urun\/insan-ruhuna-yonelis\/","title":{"rendered":"\u0130nsan Ruhuna Y\u00f6neli\u015f"},"content":{"rendered":"<p>\u00c7a\u011fda\u015f psikolojinin \u00fc\u00e7 b\u00fcy\u00fck devinden biri ve analitik psikolojinin kurucusu, psikiyatr ve d\u00fcnyam\u0131z\u0131n ender Filozof-bilimadamlar\u0131ndan biri olan C. G. Jung, \u0130nsan Ruhuna Y\u00f6neli\u015f\u2019te psikolojinin en temel ve \u00f6zg\u00fcn kavramlar\u0131n\u0131 sunuyor: Kompleksler, d\u00fc\u015fler ve bireysel anlamlar\u0131, \u00e7a\u011fr\u0131\u015f\u0131m deneyleri, yans\u0131tmalar, arketipler, bilin\u00e7, bilin\u00e7alt\u0131 ve bilin\u00e7d\u0131\u015f\u0131n\u0131n i\u015flevleri&#8230; \ufffcTan\u0131t\u0131m Metni<\/p>\n","protected":false},"excerpt":{"rendered":"<p>\u00c7a\u011fda\u015f psikolojinin \u00fc\u00e7 b\u00fcy\u00fck devinden biri ve analitik psikolojinin kurucusu, psikiyatr ve d\u00fcnyam\u0131z\u0131n ender Filozof-bilimadamlar\u0131ndan biri olan C. G. Jung, \u0130nsan Ruhuna Y\u00f6neli\u015f\u2019te psikolojinin en temel<span class=\"excerpt-hellip\"> [\u2026]<\/span><\/p>\n","protected":false},"featured_media":0,"template":"","meta":{"_monsterinsights_skip_tracking":false,"_monsterinsights_sitenote_active":false,"_monsterinsights_sitenote_note":"","_monsterinsights_sitenote_category":0},"product_brand":[],"product_cat":[12358,12357],"product_tag":[],"class_list":{"0":"post-774602","1":"product","2":"type-product","3":"status-publish","5":"product_cat-genel-psikoloji","6":"product_cat-psikoloji","7":"pa_cilt-ciltsiz","8":"pa_tur-kitap","9":"pa_yayinevi-say-yayinlari","10":"pa_yazar-carl-gustav-jung","12":"first","13":"instock","14":"sale","15":"shipping-taxable","16":"purchasable","17":"product-type-simple"},"_links":{"self":[{"href":"https:\/\/roveyayinevi.com.tr\/index.php\/wp-json\/wp\/v2\/product\/774602","targetHints":{"allow":["GET"]}}],"collection":[{"href":"https:\/\/roveyayinevi.com.tr\/index.php\/wp-json\/wp\/v2\/product"}],"about":[{"href":"https:\/\/roveyayinevi.com.tr\/index.php\/wp-json\/wp\/v2\/types\/product"}],"wp:attachment":[{"href":"https:\/\/roveyayinevi.com.tr\/index.php\/wp-json\/wp\/v2\/media?parent=774602"}],"wp:term":[{"taxonomy":"product_brand","embeddable":true,"href":"https:\/\/roveyayinevi.com.tr\/index.php\/wp-json\/wp\/v2\/product_brand?post=774602"},{"taxonomy":"product_cat","embeddable":true,"href":"https:\/\/roveyayinevi.com.tr\/index.php\/wp-json\/wp\/v2\/product_cat?post=774602"},{"taxonomy":"product_tag","embeddable":true,"href":"https:\/\/roveyayinevi.com.tr\/index.php\/wp-json\/wp\/v2\/product_tag?post=774602"}],"curies":[{"name":"wp","href":"https:\/\/api.w.org\/{rel}","templated":true}]}}