{"id":774601,"date":"2025-09-09T09:20:37","date_gmt":"2025-09-09T06:20:37","guid":{"rendered":"https:\/\/roveyayinevi.com.tr\/index.php\/urun\/felsefenin-kisa-tarihi-3\/"},"modified":"2026-04-16T02:02:58","modified_gmt":"2026-04-15T23:02:58","slug":"felsefenin-kisa-tarihi-3","status":"publish","type":"product","link":"https:\/\/roveyayinevi.com.tr\/index.php\/urun\/felsefenin-kisa-tarihi-3\/","title":{"rendered":"Felsefenin K\u0131sa Tarihi"},"content":{"rendered":"<p>Felsefenin K\u0131sa Tarihi, felsefeye ve felsefe tarihine ilgi duyan okurlar\u0131n yan\u0131 s\u0131ra; felsefe, sosyoloji ve be\u015feri bilimleralanlar\u0131nda e\u011fitim alan \u00f6\u011frenciler i\u00e7in haz\u0131rlanm\u0131\u015ft\u0131r. Antik Felsefe\u2019den 21. y\u00fczy\u0131l K\u0131ta Felsefesi\u2019ne dek, filozoflar, \u00e7a\u011flar vefelsefe ak\u0131mlar\u0131 hakk\u0131nda \u00f6zl\u00fc bilgiler sunarken, felsefi bir perspektif olu\u015fturmaya \u00e7al\u0131\u015fmaktad\u0131r.Felsefe ve felsefe e\u011fitimi alanlar\u0131nda \u00e7ok say\u0131da kitaba imza atan Prof. Ahmet Cevizci taraf\u0131ndan haz\u0131rlanan Felsefenin K\u0131saTarihi, bu alandaki \u00f6nemli bir bo\u015flu\u011fu dolduruyor.<\/p>\n","protected":false},"excerpt":{"rendered":"<p>Felsefenin K\u0131sa Tarihi, felsefeye ve felsefe tarihine ilgi duyan okurlar\u0131n yan\u0131 s\u0131ra; felsefe, sosyoloji ve be\u015feri bilimleralanlar\u0131nda e\u011fitim alan \u00f6\u011frenciler i\u00e7in haz\u0131rlanm\u0131\u015ft\u0131r. Antik Felsefe\u2019den 21. y\u00fczy\u0131l<span class=\"excerpt-hellip\"> [\u2026]<\/span><\/p>\n","protected":false},"featured_media":0,"template":"","meta":{"_monsterinsights_skip_tracking":false,"_monsterinsights_sitenote_active":false,"_monsterinsights_sitenote_note":"","_monsterinsights_sitenote_category":0},"product_brand":[],"product_cat":[12388,13555],"product_tag":[],"class_list":{"0":"post-774601","1":"product","2":"type-product","3":"status-publish","5":"product_cat-felsefe","6":"product_cat-genel-felsefe","7":"pa_cilt-ciltsiz","8":"pa_tur-kitap","9":"pa_yayinevi-say-yayinlari","10":"pa_yazar-ahmet-cevizci","12":"first","13":"instock","14":"sale","15":"shipping-taxable","16":"purchasable","17":"product-type-simple"},"_links":{"self":[{"href":"https:\/\/roveyayinevi.com.tr\/index.php\/wp-json\/wp\/v2\/product\/774601","targetHints":{"allow":["GET"]}}],"collection":[{"href":"https:\/\/roveyayinevi.com.tr\/index.php\/wp-json\/wp\/v2\/product"}],"about":[{"href":"https:\/\/roveyayinevi.com.tr\/index.php\/wp-json\/wp\/v2\/types\/product"}],"wp:attachment":[{"href":"https:\/\/roveyayinevi.com.tr\/index.php\/wp-json\/wp\/v2\/media?parent=774601"}],"wp:term":[{"taxonomy":"product_brand","embeddable":true,"href":"https:\/\/roveyayinevi.com.tr\/index.php\/wp-json\/wp\/v2\/product_brand?post=774601"},{"taxonomy":"product_cat","embeddable":true,"href":"https:\/\/roveyayinevi.com.tr\/index.php\/wp-json\/wp\/v2\/product_cat?post=774601"},{"taxonomy":"product_tag","embeddable":true,"href":"https:\/\/roveyayinevi.com.tr\/index.php\/wp-json\/wp\/v2\/product_tag?post=774601"}],"curies":[{"name":"wp","href":"https:\/\/api.w.org\/{rel}","templated":true}]}}