{"id":774592,"date":"2025-09-09T09:15:39","date_gmt":"2025-09-09T06:15:39","guid":{"rendered":"https:\/\/roveyayinevi.com.tr\/index.php\/urun\/tanri-ile-sohbet-olumden-sonra-4\/"},"modified":"2026-04-16T02:02:10","modified_gmt":"2026-04-15T23:02:10","slug":"tanri-ile-sohbet-olumden-sonra-4","status":"publish","type":"product","link":"https:\/\/roveyayinevi.com.tr\/index.php\/urun\/tanri-ile-sohbet-olumden-sonra-4\/","title":{"rendered":"Tanr\u0131 ile Sohbet \u00d6l\u00fcmden Sonra 4"},"content":{"rendered":"<p>Bu hayat bitti\u011finde ne olacak? Bizden \u00f6nce giden sevdiklerimizle yeniden bulu\u015facak m\u0131y\u0131z? Tanr\u0131 bizi orada kar\u015f\u0131layacak m\u0131? Yarg\u0131 G\u00fcn\u00fc var m\u0131? Sonsuzlu\u011fa kadar lanetlenecek miyiz? Cennete gidebilecek miyiz? \u00d6l\u00fcmden sonra neler oldu\u011funu ger\u00e7ekten bilebilecek miyiz? Bir \u015fey olacak m\u0131? Bu yan\u0131tlar\u0131 bilseydik hayat\u0131m\u0131z\u0131 \u00e7ok farkl\u0131 ya\u015far m\u0131yd\u0131k? \u00d6lmekten daha az korksayd\u0131k, hayat\u0131m\u0131z\u0131 daha az korkuyla ve daha \u00e7ok sevgiyle ya\u015far m\u0131yd\u0131k? Bu kitap, \u00f6l\u00fcmden sonra ne oldu\u011funu bilmeyenlere ve bu y\u00fczden hayat\u0131n ne oldu\u011funu anlamayanlara. Bu kitap, hayat\u0131n form\u00fcl\u00fcn\u00fcn fark\u0131nda olmayanlara. Bu kitap hayat\u0131 bir bilmece olarak g\u00f6renlere. Bu kitap, t\u00fcm bunlarla ilgili bir \u015feyler bilip bazen bildiklerinden \u015f\u00fcpheye d\u00fc\u015fenlere. Bu kitap, sadece korktuklar\u0131n\u0131 bilenlere. Bu kitap yukar\u0131daki gruplardan hi\u00e7birine girmeyip, ba\u015fkalar\u0131na yard\u0131m etmek isteyen ama nas\u0131l yard\u0131m edece\u011fini bilmeyenlere. \ufffcTan\u0131t\u0131m Metni<\/p>\n","protected":false},"excerpt":{"rendered":"<p>Bu hayat bitti\u011finde ne olacak? Bizden \u00f6nce giden sevdiklerimizle yeniden bulu\u015facak m\u0131y\u0131z? Tanr\u0131 bizi orada kar\u015f\u0131layacak m\u0131? Yarg\u0131 G\u00fcn\u00fc var m\u0131? Sonsuzlu\u011fa kadar lanetlenecek miyiz? Cennete<span class=\"excerpt-hellip\"> [\u2026]<\/span><\/p>\n","protected":false},"featured_media":0,"template":"","meta":{"_monsterinsights_skip_tracking":false,"_monsterinsights_sitenote_active":false,"_monsterinsights_sitenote_note":"","_monsterinsights_sitenote_category":0},"product_brand":[],"product_cat":[12364,12376],"product_tag":[],"class_list":{"0":"post-774592","1":"product","2":"type-product","3":"status-publish","5":"product_cat-genel-konular","6":"product_cat-kisisel-gelisim","7":"pa_cilt-ciltsiz","8":"pa_tur-kitap","9":"pa_yayinevi-otesi-yayincilik","10":"pa_yazar-neale-donald-walsch","12":"first","13":"instock","14":"sale","15":"shipping-taxable","16":"purchasable","17":"product-type-simple"},"_links":{"self":[{"href":"https:\/\/roveyayinevi.com.tr\/index.php\/wp-json\/wp\/v2\/product\/774592","targetHints":{"allow":["GET"]}}],"collection":[{"href":"https:\/\/roveyayinevi.com.tr\/index.php\/wp-json\/wp\/v2\/product"}],"about":[{"href":"https:\/\/roveyayinevi.com.tr\/index.php\/wp-json\/wp\/v2\/types\/product"}],"wp:attachment":[{"href":"https:\/\/roveyayinevi.com.tr\/index.php\/wp-json\/wp\/v2\/media?parent=774592"}],"wp:term":[{"taxonomy":"product_brand","embeddable":true,"href":"https:\/\/roveyayinevi.com.tr\/index.php\/wp-json\/wp\/v2\/product_brand?post=774592"},{"taxonomy":"product_cat","embeddable":true,"href":"https:\/\/roveyayinevi.com.tr\/index.php\/wp-json\/wp\/v2\/product_cat?post=774592"},{"taxonomy":"product_tag","embeddable":true,"href":"https:\/\/roveyayinevi.com.tr\/index.php\/wp-json\/wp\/v2\/product_tag?post=774592"}],"curies":[{"name":"wp","href":"https:\/\/api.w.org\/{rel}","templated":true}]}}