{"id":774589,"date":"2025-09-09T09:13:22","date_gmt":"2025-09-09T06:13:22","guid":{"rendered":"https:\/\/roveyayinevi.com.tr\/index.php\/urun\/gorunure-dair-kucuk-bir-teoriye-dogru-adimlar\/"},"modified":"2026-04-16T02:02:02","modified_gmt":"2026-04-15T23:02:02","slug":"gorunure-dair-kucuk-bir-teoriye-dogru-adimlar","status":"publish","type":"product","link":"https:\/\/roveyayinevi.com.tr\/index.php\/urun\/gorunure-dair-kucuk-bir-teoriye-dogru-adimlar\/","title":{"rendered":"G\u00f6r\u00fcn\u00fcre Dair K\u00fc\u00e7\u00fck Bir Teoriye Do\u011fru Ad\u0131mlar"},"content":{"rendered":"<p>Bug\u00fcn insanlar\u0131n i\u00e7inde ya\u015fad\u0131\u011f\u0131 yaln\u0131zl\u0131\u011f\u0131 kim \u00f6nceden bilebilirdi? Her g\u00fcn d\u00fcnyaya ili\u015fkin g\u00f6vdesiz ve sahte bir imgeler a\u011f\u0131 taraf\u0131ndan yeniden onaylanan bir yaln\u0131zl\u0131k. Ama imgelerin bu sahteli\u011fi bir hata de\u011fil. E\u011fer kar pe\u015finde ko\u015fmak insanl\u0131\u011f\u0131n kurtulu\u015funun tek yolu olarak g\u00f6r\u00fcl\u00fcrse, gelir elde etmek mutlak \u00f6ncelik haline gelirse, o zaman ger\u00e7ekten varolman\u0131n itibar g\u00f6rmemesi, g\u00f6rmezden gelinmesi ve bask\u0131 alt\u0131nda tutulmas\u0131 gerekir. Bug\u00fcn resim yapmak, yayg\u0131n bir ihtiyaca cevap veren bir direni\u015f eylemidir ve umutlanmaya te\u015fvik edebilir. &#8211; John Berger- \ufffcTan\u0131t\u0131m Metni<\/p>\n","protected":false},"excerpt":{"rendered":"<p>Bug\u00fcn insanlar\u0131n i\u00e7inde ya\u015fad\u0131\u011f\u0131 yaln\u0131zl\u0131\u011f\u0131 kim \u00f6nceden bilebilirdi? Her g\u00fcn d\u00fcnyaya ili\u015fkin g\u00f6vdesiz ve sahte bir imgeler a\u011f\u0131 taraf\u0131ndan yeniden onaylanan bir yaln\u0131zl\u0131k. Ama imgelerin bu<span class=\"excerpt-hellip\"> [\u2026]<\/span><\/p>\n","protected":false},"featured_media":0,"template":"","meta":{"_monsterinsights_skip_tracking":false,"_monsterinsights_sitenote_active":false,"_monsterinsights_sitenote_note":"","_monsterinsights_sitenote_category":0},"product_brand":[],"product_cat":[12312,12304],"product_tag":[],"class_list":{"0":"post-774589","1":"product","2":"type-product","3":"status-publish","5":"product_cat-diger","6":"product_cat-tarih","7":"pa_cilt-ciltsiz","8":"pa_tur-kitap","9":"pa_yayinevi-metis-yayinlari","10":"pa_yazar-john-berger","12":"first","13":"instock","14":"sale","15":"shipping-taxable","16":"purchasable","17":"product-type-simple"},"_links":{"self":[{"href":"https:\/\/roveyayinevi.com.tr\/index.php\/wp-json\/wp\/v2\/product\/774589","targetHints":{"allow":["GET"]}}],"collection":[{"href":"https:\/\/roveyayinevi.com.tr\/index.php\/wp-json\/wp\/v2\/product"}],"about":[{"href":"https:\/\/roveyayinevi.com.tr\/index.php\/wp-json\/wp\/v2\/types\/product"}],"wp:attachment":[{"href":"https:\/\/roveyayinevi.com.tr\/index.php\/wp-json\/wp\/v2\/media?parent=774589"}],"wp:term":[{"taxonomy":"product_brand","embeddable":true,"href":"https:\/\/roveyayinevi.com.tr\/index.php\/wp-json\/wp\/v2\/product_brand?post=774589"},{"taxonomy":"product_cat","embeddable":true,"href":"https:\/\/roveyayinevi.com.tr\/index.php\/wp-json\/wp\/v2\/product_cat?post=774589"},{"taxonomy":"product_tag","embeddable":true,"href":"https:\/\/roveyayinevi.com.tr\/index.php\/wp-json\/wp\/v2\/product_tag?post=774589"}],"curies":[{"name":"wp","href":"https:\/\/api.w.org\/{rel}","templated":true}]}}