{"id":774586,"date":"2025-09-09T09:10:44","date_gmt":"2025-09-09T06:10:44","guid":{"rendered":"https:\/\/roveyayinevi.com.tr\/index.php\/urun\/einsteindan-otesi\/"},"modified":"2026-04-16T02:00:52","modified_gmt":"2026-04-15T23:00:52","slug":"einsteindan-otesi","status":"publish","type":"product","link":"https:\/\/roveyayinevi.com.tr\/index.php\/urun\/einsteindan-otesi\/","title":{"rendered":"Einstein\u2019dan \u00d6tesi"},"content":{"rendered":"<p>Michio Kaku \u0130\u00e7in \u00d6vg\u00fcler: Bu adam, bilimi ilgi \u00e7ekici hale getirmeyi biliyor &#8211; Philadelphia Inquirer Kaku\u2019nun s\u00fcper sicim kuram\u0131 ilkelerine yapt\u0131\u011f\u0131 ke\u015fif gezisi duru, hareketli ve doyurucu&#8230; Stephen Hawking kadar k\u0131\u015fk\u0131rt\u0131c\u0131. -Kirkus Reviews- A\u00e7\u0131k ve g\u00fcl\u00fcmseyen tarz\u0131yla [Kaku] en g\u00f6ksel fikirleri dahi d\u00fcnyaya indirmeyi ba\u015far\u0131yor. -The Wall Street Journal- Bilimsel g\u00f6r\u00fc\u015fleri bu d\u00fcnyan\u0131n \u00f6tesinde. -Los Angeles Times-<\/p>\n","protected":false},"excerpt":{"rendered":"<p>Michio Kaku \u0130\u00e7in \u00d6vg\u00fcler: Bu adam, bilimi ilgi \u00e7ekici hale getirmeyi biliyor &#8211; Philadelphia Inquirer Kaku\u2019nun s\u00fcper sicim kuram\u0131 ilkelerine yapt\u0131\u011f\u0131 ke\u015fif gezisi duru, hareketli ve<span class=\"excerpt-hellip\"> [\u2026]<\/span><\/p>\n","protected":false},"featured_media":0,"template":"","meta":{"_monsterinsights_skip_tracking":false,"_monsterinsights_sitenote_active":false,"_monsterinsights_sitenote_note":"","_monsterinsights_sitenote_category":0},"product_brand":[],"product_cat":[13005,13006],"product_tag":[],"class_list":{"0":"post-774586","1":"product","2":"type-product","3":"status-publish","5":"product_cat-bilim-muhendislik","6":"product_cat-populer-bilim","7":"pa_tur-kitap","8":"pa_yayinevi-odtu-gelistirme-vakfi-yayincilik","9":"pa_yazar-michio-kaku","11":"first","12":"instock","13":"sale","14":"shipping-taxable","15":"purchasable","16":"product-type-simple"},"_links":{"self":[{"href":"https:\/\/roveyayinevi.com.tr\/index.php\/wp-json\/wp\/v2\/product\/774586","targetHints":{"allow":["GET"]}}],"collection":[{"href":"https:\/\/roveyayinevi.com.tr\/index.php\/wp-json\/wp\/v2\/product"}],"about":[{"href":"https:\/\/roveyayinevi.com.tr\/index.php\/wp-json\/wp\/v2\/types\/product"}],"wp:attachment":[{"href":"https:\/\/roveyayinevi.com.tr\/index.php\/wp-json\/wp\/v2\/media?parent=774586"}],"wp:term":[{"taxonomy":"product_brand","embeddable":true,"href":"https:\/\/roveyayinevi.com.tr\/index.php\/wp-json\/wp\/v2\/product_brand?post=774586"},{"taxonomy":"product_cat","embeddable":true,"href":"https:\/\/roveyayinevi.com.tr\/index.php\/wp-json\/wp\/v2\/product_cat?post=774586"},{"taxonomy":"product_tag","embeddable":true,"href":"https:\/\/roveyayinevi.com.tr\/index.php\/wp-json\/wp\/v2\/product_tag?post=774586"}],"curies":[{"name":"wp","href":"https:\/\/api.w.org\/{rel}","templated":true}]}}