{"id":774582,"date":"2025-09-09T09:10:05","date_gmt":"2025-09-09T06:10:05","guid":{"rendered":"https:\/\/roveyayinevi.com.tr\/index.php\/urun\/dersaadette-dans\/"},"modified":"2026-04-16T02:00:50","modified_gmt":"2026-04-15T23:00:50","slug":"dersaadette-dans","status":"publish","type":"product","link":"https:\/\/roveyayinevi.com.tr\/index.php\/urun\/dersaadette-dans\/","title":{"rendered":"Dersaadet&#8217;te Dans"},"content":{"rendered":"<p>Dersaadet\u2019te Dans, nas\u0131l ve ne zaman girildi\u011fi bilinemeyen bir \u00e7a\u011f\u0131n ba\u015fd\u00f6nd\u00fcr\u00fcc\u00fc dans\u0131ndan \u00f6ylece se\u00e7ilivermi\u015f, s\u0131radan bir mikrokozmosun masal\u0131. Bir \u015feylerin s\u00fcrekli \u00f6\u011f\u00fct\u00fcl\u00fcp yenilerinin varedildi\u011fi, gitgide h\u0131zlanarak, kaosun d\u00fczenle bulu\u015fup ayr\u0131ld\u0131\u011f\u0131 yerde, kaosun kenar\u0131nda s\u00fcr\u00fcp giden bir dans. Korkuya kap\u0131l\u0131p yads\u0131nmaya \u00e7al\u0131\u015f\u0131ld\u0131k\u00e7a i\u00e7inde daha \u00e7ok s\u00fcr\u00fcklenip savrulunan bir \u00e7a\u011f; uzun bir uykudan bu \u00e7\u0131lg\u0131n dans\u0131n ritmine uyan\u0131verip bu yeni \u00e7a\u011f\u0131n d\u00fcnya merkezlerinden biri olmaya aday bir kent. \u00c7\u0131plak \u00f6zseverli\u011fin giderek t\u0131rmand\u0131\u011f\u0131 bir d\u00fcnyada birlikte ya da tek ba\u015f\u0131na ya\u015fanmaya ba\u015flanan &#8220;yaln\u0131z k\u00fclt\u00fcr\u00fc.&#8221; Toprakla ba\u011f\u0131n\u0131 koparm\u0131\u015f \u00e7aresizlerin g\u00f6zlerini kozmosa \u00e7evirdi\u011fi ve al\u0131\u015f\u0131lagelmi\u015f sistemlerin ge\u00e7erli\u011fini h\u0131zla yitirdi\u011fi bir d\u00fcnyan\u0131n \u00f6yk\u00fcs\u00fc Dersaadet\u2019te Dans. K\u00fclt\u00fcrel birikimiyle teknolojinin sentezini ba\u015far\u0131yla ger\u00e7ekle\u015ftirip, kendini kendi i\u00e7inde kilitlenmeye mahkum eden yak\u0131n tarihin egemen g\u00fc\u00e7lerinin d\u00fczenine ayr\u0131ks\u0131 bir kentin \u00f6yk\u00fcs\u00fc. Gelece\u011fin provas\u0131n\u0131n yap\u0131ld\u0131\u011f\u0131, k\u00fclt\u00fcrlerin yerini enformasyon a\u011f\u0131n\u0131n dinamiklerine b\u0131rakmaya ba\u015flad\u0131\u011f\u0131 bir d\u00fcnyan\u0131n masal\u0131. <\/p>\n","protected":false},"excerpt":{"rendered":"<p>Dersaadet\u2019te Dans, nas\u0131l ve ne zaman girildi\u011fi bilinemeyen bir \u00e7a\u011f\u0131n ba\u015fd\u00f6nd\u00fcr\u00fcc\u00fc dans\u0131ndan \u00f6ylece se\u00e7ilivermi\u015f, s\u0131radan bir mikrokozmosun masal\u0131. Bir \u015feylerin s\u00fcrekli \u00f6\u011f\u00fct\u00fcl\u00fcp yenilerinin varedildi\u011fi, gitgide h\u0131zlanarak,<span class=\"excerpt-hellip\"> [\u2026]<\/span><\/p>\n","protected":false},"featured_media":0,"template":"","meta":{"_monsterinsights_skip_tracking":false,"_monsterinsights_sitenote_active":false,"_monsterinsights_sitenote_note":"","_monsterinsights_sitenote_category":0},"product_brand":[],"product_cat":[12291,12292],"product_tag":[],"class_list":{"0":"post-774582","1":"product","2":"type-product","3":"status-publish","5":"product_cat-edebiyat","6":"product_cat-turk-edebiyati","7":"pa_cilt-ciltsiz","8":"pa_tur-kitap","9":"pa_yayinevi-metis-yayinlari","10":"pa_yazar-engin-gectan","12":"first","13":"instock","14":"sale","15":"shipping-taxable","16":"purchasable","17":"product-type-simple"},"_links":{"self":[{"href":"https:\/\/roveyayinevi.com.tr\/index.php\/wp-json\/wp\/v2\/product\/774582","targetHints":{"allow":["GET"]}}],"collection":[{"href":"https:\/\/roveyayinevi.com.tr\/index.php\/wp-json\/wp\/v2\/product"}],"about":[{"href":"https:\/\/roveyayinevi.com.tr\/index.php\/wp-json\/wp\/v2\/types\/product"}],"wp:attachment":[{"href":"https:\/\/roveyayinevi.com.tr\/index.php\/wp-json\/wp\/v2\/media?parent=774582"}],"wp:term":[{"taxonomy":"product_brand","embeddable":true,"href":"https:\/\/roveyayinevi.com.tr\/index.php\/wp-json\/wp\/v2\/product_brand?post=774582"},{"taxonomy":"product_cat","embeddable":true,"href":"https:\/\/roveyayinevi.com.tr\/index.php\/wp-json\/wp\/v2\/product_cat?post=774582"},{"taxonomy":"product_tag","embeddable":true,"href":"https:\/\/roveyayinevi.com.tr\/index.php\/wp-json\/wp\/v2\/product_tag?post=774582"}],"curies":[{"name":"wp","href":"https:\/\/api.w.org\/{rel}","templated":true}]}}