{"id":774579,"date":"2025-09-09T09:09:12","date_gmt":"2025-09-09T06:09:12","guid":{"rendered":"https:\/\/roveyayinevi.com.tr\/index.php\/urun\/ayet-ve-slogan\/"},"modified":"2026-04-16T02:00:47","modified_gmt":"2026-04-15T23:00:47","slug":"ayet-ve-slogan","status":"publish","type":"product","link":"https:\/\/roveyayinevi.com.tr\/index.php\/urun\/ayet-ve-slogan\/","title":{"rendered":"Ayet ve Slogan"},"content":{"rendered":"<p>Son y\u0131llarda T\u00fcrkiye g\u00fcndemine yerle\u015fen \u0130slami hareket \u00fcst\u00fcne \u00e7ok az \u015fey biliyoruz. Bu bilgilerimizin \u00e7o\u011fu da yanl\u0131\u015f. Yanl\u0131\u015flar\u0131n ba\u015f\u0131nda, \u0130slami kesimin kenetlenmi\u015f bir cephe olarak alg\u0131lanmas\u0131 geliyor. \u00dclkedeki etkin \u0130slami olu\u015fumlar (tarikatlar, partiler, ekoller, \u00e7evreler&#8230;) hakk\u0131nda ayr\u0131 ayr\u0131 bilgi veren ilk kapsaml\u0131 belgesel \u00e7al\u0131\u015fma olan bu kitap esas olarak bu bilgisizli\u011fi k\u0131rmay\u0131 ama\u00e7l\u0131yor.  Ayet ve Slogan, \u0130slami hareket i\u00e7indeki ideolojik-politik-\u00f6rg\u00fctsel g\u00f6r\u00fc\u015f ve sorunlar\u0131, Sol&#8217;un tek k\u0131stas\u0131 san\u0131lan &#8220;ilericilik-gericilik&#8221; ikilemine ra\u011fbet etmeden &#8220;gelenek ile modernlik&#8221; aras\u0131ndaki ili\u015fkiler ba\u011flam\u0131nda irdeliyor. Ru\u015fen \u00c7ak\u0131r&#8217;\u0131n be\u015f y\u0131l boyunca ger\u00e7ekle\u015ftirdi\u011fi say\u0131s\u0131z y\u00fczy\u00fcze g\u00f6r\u00fc\u015fmenin ve bu s\u00fcre i\u00e7inde yay\u0131nlanan \u0130slami kaynaklar\u0131n b\u00fcy\u00fck \u00e7o\u011funlu\u011funu taramas\u0131n\u0131n \u00fcr\u00fcn\u00fc olan kitap, yaln\u0131zca \u0130slami hareketin d\u00fcn\u00fc, bug\u00fcn\u00fc ve gelece\u011fi hakk\u0131nda s\u00f6z s\u00f6ylemekle <\/p>\n","protected":false},"excerpt":{"rendered":"<p>Son y\u0131llarda T\u00fcrkiye g\u00fcndemine yerle\u015fen \u0130slami hareket \u00fcst\u00fcne \u00e7ok az \u015fey biliyoruz. Bu bilgilerimizin \u00e7o\u011fu da yanl\u0131\u015f. Yanl\u0131\u015flar\u0131n ba\u015f\u0131nda, \u0130slami kesimin kenetlenmi\u015f bir cephe olarak alg\u0131lanmas\u0131<span class=\"excerpt-hellip\"> [\u2026]<\/span><\/p>\n","protected":false},"featured_media":0,"template":"","meta":{"_monsterinsights_skip_tracking":false,"_monsterinsights_sitenote_active":false,"_monsterinsights_sitenote_note":"","_monsterinsights_sitenote_category":0},"product_brand":[],"product_cat":[12304,13493],"product_tag":[],"class_list":{"0":"post-774579","1":"product","2":"type-product","3":"status-publish","5":"product_cat-tarih","6":"product_cat-turkiye-ve-cumhuriyet-tarihi","7":"pa_cilt-ciltsiz","8":"pa_tur-kitap","9":"pa_yayinevi-metis-yayinlari","10":"pa_yazar-rusen-cakir","12":"first","13":"instock","14":"sale","15":"shipping-taxable","16":"purchasable","17":"product-type-simple"},"_links":{"self":[{"href":"https:\/\/roveyayinevi.com.tr\/index.php\/wp-json\/wp\/v2\/product\/774579","targetHints":{"allow":["GET"]}}],"collection":[{"href":"https:\/\/roveyayinevi.com.tr\/index.php\/wp-json\/wp\/v2\/product"}],"about":[{"href":"https:\/\/roveyayinevi.com.tr\/index.php\/wp-json\/wp\/v2\/types\/product"}],"wp:attachment":[{"href":"https:\/\/roveyayinevi.com.tr\/index.php\/wp-json\/wp\/v2\/media?parent=774579"}],"wp:term":[{"taxonomy":"product_brand","embeddable":true,"href":"https:\/\/roveyayinevi.com.tr\/index.php\/wp-json\/wp\/v2\/product_brand?post=774579"},{"taxonomy":"product_cat","embeddable":true,"href":"https:\/\/roveyayinevi.com.tr\/index.php\/wp-json\/wp\/v2\/product_cat?post=774579"},{"taxonomy":"product_tag","embeddable":true,"href":"https:\/\/roveyayinevi.com.tr\/index.php\/wp-json\/wp\/v2\/product_tag?post=774579"}],"curies":[{"name":"wp","href":"https:\/\/api.w.org\/{rel}","templated":true}]}}