{"id":774572,"date":"2025-09-09T09:07:10","date_gmt":"2025-09-09T06:07:10","guid":{"rendered":"https:\/\/roveyayinevi.com.tr\/index.php\/urun\/totaliter-ve-otoriter-rejimler\/"},"modified":"2026-04-16T02:00:23","modified_gmt":"2026-04-15T23:00:23","slug":"totaliter-ve-otoriter-rejimler","status":"publish","type":"product","link":"https:\/\/roveyayinevi.com.tr\/index.php\/urun\/totaliter-ve-otoriter-rejimler\/","title":{"rendered":"Totaliter ve Otoriter Rejimler"},"content":{"rendered":"<p>Bir\u00e7ok \u00fclke, rejiminin ismi farkl\u0131 olsa da ayn\u0131 totaliter-otoriter y\u00f6netimler taraf\u0131ndan y\u00f6netiliyor. Ba\u015fta son derece \u0131l\u0131ml\u0131 s\u00f6ylemlerle iktidara gelen kadrolar, zamanla totaliter-otoriter bir yap\u0131ya do\u011fru y\u00f6neliyor ve bir s\u00fcre sonra \u00fclkede tam manas\u0131yla totaliter-otoriter bir rejim h\u00fck\u00fcm s\u00fcrmeye ba\u015fl\u0131yor. Sistemlerin bu \u015fekilde evrilmesi, d\u00fcnyan\u0131n bir\u00e7ok yerinde, \u00fclkelerin benzer s\u00fcre\u00e7lerden ge\u00e7mesiyle olu\u015fuyor. \u00dclkelerin izledi\u011fi tarih\u00ee seyiri dikkate ald\u0131\u011f\u0131n\u0131zda ortaya \u00e7\u0131kan tablo, benzer s\u00fcre\u00e7lerden ge\u00e7en \u00fclkelerin benzer \u015fekilde totaliterle\u015fti\u011fini-otoriterle\u015fti\u011fini g\u00f6steriyor. H\u00e2lihaz\u0131rda kitab\u0131n tahlil etti\u011fi y\u00f6netim tipleri bug\u00fcn h\u00e2l\u00e2 d\u00fcnya g\u00fcndeminde ilgin\u00e7 \u00e7\u0131k\u0131\u015flar\u0131 ile dikkat \u00e7ekiyorlar.Linz\u2019in bu kitab\u0131, totaliter-otoriter rejimleri iyi bir tahlilini sunarken, asl\u0131nda bu \u00fclkelerin ya\u015fad\u0131\u011f\u0131 s\u00fcre\u00e7lerden sonra meydana gelen totaliter y\u00f6netimlerin tesad\u00fcf olmad\u0131\u011f\u0131n\u0131 g\u00f6steriyor. Bu m\u00e2n\u00e2da, sistemin giderek otoriter-totaliter bir yap\u0131ya b\u00fcr\u00fcnmesi, baz\u0131 temel noktalar\u0131 kavrayan biri i\u00e7in pek s\u00fcrpriz olmuyor.Ergun \u00d6zbudun\u2019un \u00e7evirisi ile uzun bir s\u00fcre \u00f6nce T\u00fcrk\u00e7e\u2019ye kazand\u0131r\u0131lan bu temel eser, uzun zamand\u0131r piyasada bulunmuyordu. Yaz\u0131l\u0131\u015f tarihi \u00fczerinden uzun zaman ge\u00e7mesine ra\u011fmen son derece g\u00fcncel olan bu kitap, otoriter-totaliter rejimler konusunda \u00f6nemli bir ba\u015fvuru kayna\u011f\u0131 olarak, alan\u0131nda \u00f6nemli bir bo\u015flu\u011fu dolduracakt\u0131r.<\/p>\n","protected":false},"excerpt":{"rendered":"<p>Bir\u00e7ok \u00fclke, rejiminin ismi farkl\u0131 olsa da ayn\u0131 totaliter-otoriter y\u00f6netimler taraf\u0131ndan y\u00f6netiliyor. Ba\u015fta son derece \u0131l\u0131ml\u0131 s\u00f6ylemlerle iktidara gelen kadrolar, zamanla totaliter-otoriter bir yap\u0131ya do\u011fru y\u00f6neliyor<span class=\"excerpt-hellip\"> [\u2026]<\/span><\/p>\n","protected":false},"featured_media":0,"template":"","meta":{"_monsterinsights_skip_tracking":false,"_monsterinsights_sitenote_active":false,"_monsterinsights_sitenote_note":"","_monsterinsights_sitenote_category":0},"product_brand":[],"product_cat":[17574,13527],"product_tag":[],"class_list":{"0":"post-774572","1":"product","2":"type-product","3":"status-publish","5":"product_cat-politika","6":"product_cat-sureli-yayinlar","7":"pa_cilt-ciltsiz","8":"pa_tur-kitap","9":"pa_yayinevi-liberte-yayinlari","10":"pa_yazar-juan-j-linz","12":"first","13":"instock","14":"sale","15":"shipping-taxable","16":"purchasable","17":"product-type-simple"},"_links":{"self":[{"href":"https:\/\/roveyayinevi.com.tr\/index.php\/wp-json\/wp\/v2\/product\/774572","targetHints":{"allow":["GET"]}}],"collection":[{"href":"https:\/\/roveyayinevi.com.tr\/index.php\/wp-json\/wp\/v2\/product"}],"about":[{"href":"https:\/\/roveyayinevi.com.tr\/index.php\/wp-json\/wp\/v2\/types\/product"}],"wp:attachment":[{"href":"https:\/\/roveyayinevi.com.tr\/index.php\/wp-json\/wp\/v2\/media?parent=774572"}],"wp:term":[{"taxonomy":"product_brand","embeddable":true,"href":"https:\/\/roveyayinevi.com.tr\/index.php\/wp-json\/wp\/v2\/product_brand?post=774572"},{"taxonomy":"product_cat","embeddable":true,"href":"https:\/\/roveyayinevi.com.tr\/index.php\/wp-json\/wp\/v2\/product_cat?post=774572"},{"taxonomy":"product_tag","embeddable":true,"href":"https:\/\/roveyayinevi.com.tr\/index.php\/wp-json\/wp\/v2\/product_tag?post=774572"}],"curies":[{"name":"wp","href":"https:\/\/api.w.org\/{rel}","templated":true}]}}