{"id":774568,"date":"2025-09-09T09:03:48","date_gmt":"2025-09-09T06:03:48","guid":{"rendered":"https:\/\/roveyayinevi.com.tr\/index.php\/urun\/kiz-kardesim-icin\/"},"modified":"2026-04-16T01:59:53","modified_gmt":"2026-04-15T22:59:53","slug":"kiz-kardesim-icin","status":"publish","type":"product","link":"https:\/\/roveyayinevi.com.tr\/index.php\/urun\/kiz-kardesim-icin\/","title":{"rendered":"K\u0131z Karde\u015fim \u0130\u00e7in"},"content":{"rendered":"<p>Siz olsayd\u0131n\u0131z, ne yapard\u0131n\u0131z? Anna hasta de\u011fil ama \u00f6n \u00fc\u00e7 ya\u015f\u0131na dek say\u0131s\u0131z ameliyat, nakil ve operasyon ge\u00e7irdi, i\u011fneler vuruldu. Hepsi ablas\u0131 Kate&#8217;in \u00e7ocuklu\u011fundan beri yakas\u0131n\u0131 b\u0131rakmayan l\u00f6semiyle m\u00fccadele edebilmesi i\u00e7in. Kate ile tam doku uyumu olmas\u0131 i\u00e7in laboratuvar ortam\u0131nda genleri \u00f6zel olarak se\u00e7ilen \u00f6zel \u00fcretim bir \u00e7ocuk olan Anna, ablas\u0131na ilik verebilmesi i\u00e7in d\u00fcnyaya getirilmi\u015fti, rol\u00fcn\u00fc ve hayat\u0131n\u0131 hi\u00e7 sorgulamad\u0131\u2026 bug\u00fcne dek. \u015eimdi ergenlik \u00e7a\u011f\u0131ndaki \u00e7o\u011fu gen\u00e7 gibi Anna da ger\u00e7ekte kim oldu\u011funu sorgulamaya ba\u015fl\u0131yor ve sonunda \u00e7o\u011fu insan i\u00e7in akla getirmesi bile m\u00fcmk\u00fcn olmayan bir karar al\u0131yor; ailesini parampar\u00e7a edecek ve sevdi\u011fi ablas\u0131 i\u00e7in belki de \u00f6l\u00fcmc\u00fcl sonu\u00e7lar do\u011furabilecek bir karar. Anna proje \u00e7ocuk olarak ya\u015fam\u0131n\u0131 s\u00fcrd\u00fcrmeyi kabul mu etmeli, yoksa kaderinin y\u00f6netimini eline mi almal\u0131? Hayat geride kurbanlar b\u0131rakacak kadar de\u011ferli mi? Sevgi nerede ba\u015flar ve hangi noktada nefrete d\u00f6n\u00fc\u015f\u00fcr? \u00c7ok \u00f6nemli etik tart\u0131\u015fmalar\u0131 k\u00f6r\u00fckleyen k\u0131\u015fk\u0131rt\u0131c\u0131 bir roman olan K\u0131z Karde\u015fim \u0130\u00e7in, bir ailenin ne pahas\u0131na olursa olsun verdi\u011fi hayatta kalma m\u00fccadelesini ve ibret al\u0131nacak bir ahlak \u00f6yk\u00fcs\u00fcn\u00fc anlat\u0131yor.   \u201cPicoult kestirilemez bir ihti\u015famla yaz\u0131yor.\u201d Stephen King &#8220;Picoult&#8217;nun son roman\u0131 ile uykusuz gecelere haz\u0131r olun. Sadece, elinizden b\u0131rakamayaca\u011f\u0131n\u0131z bir hikaye dersek, bu eserin hakk\u0131n\u0131 yemi\u015f oluruz. Elinizde tuttu\u011funuz muhte\u015fem, y\u00fcrekleri da\u011flayan, tart\u0131\u015fmalar ve ikilemlerle dolu, d\u00fcr\u00fcst\u00e7e anlat\u0131lm\u0131\u015f bir kitap.&#8221;Booklist &#8220;Picoult son derece karma\u015f\u0131k bir konuyu cesurca ve a\u00e7\u0131k\u00e7a ele al\u0131yor ve kitab\u0131na inan\u0131lmaz \u015fa\u015f\u0131rt\u0131c\u0131 bir nokta koyuyor.&#8221; Publishers Weekly Uluslararas\u0131 \u00e7ok satan yazar Jodi Picoult en g\u00fc\u00e7l\u00fc roman\u0131 K\u0131z Karde\u015fim \u0130\u00e7in ile huzurlar\u0131n\u0131zda. <\/p>\n","protected":false},"excerpt":{"rendered":"<p>Siz olsayd\u0131n\u0131z, ne yapard\u0131n\u0131z? Anna hasta de\u011fil ama \u00f6n \u00fc\u00e7 ya\u015f\u0131na dek say\u0131s\u0131z ameliyat, nakil ve operasyon ge\u00e7irdi, i\u011fneler vuruldu. Hepsi ablas\u0131 Kate&#8217;in \u00e7ocuklu\u011fundan beri yakas\u0131n\u0131<span class=\"excerpt-hellip\"> [\u2026]<\/span><\/p>\n","protected":false},"featured_media":0,"template":"","meta":{"_monsterinsights_skip_tracking":false,"_monsterinsights_sitenote_active":false,"_monsterinsights_sitenote_note":"","_monsterinsights_sitenote_category":0},"product_brand":[],"product_cat":[12291,12711],"product_tag":[],"class_list":{"0":"post-774568","1":"product","2":"type-product","3":"status-publish","5":"product_cat-edebiyat","6":"product_cat-roman-oyku","7":"pa_cilt-ciltsiz","8":"pa_tur-kitap","9":"pa_yayinevi-april-yayincilik","10":"pa_yazar-jodi-picoult","12":"first","13":"instock","14":"sale","15":"shipping-taxable","16":"purchasable","17":"product-type-simple"},"_links":{"self":[{"href":"https:\/\/roveyayinevi.com.tr\/index.php\/wp-json\/wp\/v2\/product\/774568","targetHints":{"allow":["GET"]}}],"collection":[{"href":"https:\/\/roveyayinevi.com.tr\/index.php\/wp-json\/wp\/v2\/product"}],"about":[{"href":"https:\/\/roveyayinevi.com.tr\/index.php\/wp-json\/wp\/v2\/types\/product"}],"wp:attachment":[{"href":"https:\/\/roveyayinevi.com.tr\/index.php\/wp-json\/wp\/v2\/media?parent=774568"}],"wp:term":[{"taxonomy":"product_brand","embeddable":true,"href":"https:\/\/roveyayinevi.com.tr\/index.php\/wp-json\/wp\/v2\/product_brand?post=774568"},{"taxonomy":"product_cat","embeddable":true,"href":"https:\/\/roveyayinevi.com.tr\/index.php\/wp-json\/wp\/v2\/product_cat?post=774568"},{"taxonomy":"product_tag","embeddable":true,"href":"https:\/\/roveyayinevi.com.tr\/index.php\/wp-json\/wp\/v2\/product_tag?post=774568"}],"curies":[{"name":"wp","href":"https:\/\/api.w.org\/{rel}","templated":true}]}}