{"id":774567,"date":"2025-09-09T09:03:38","date_gmt":"2025-09-09T06:03:38","guid":{"rendered":"https:\/\/roveyayinevi.com.tr\/index.php\/urun\/agackakan\/"},"modified":"2026-04-16T01:59:52","modified_gmt":"2026-04-15T22:59:52","slug":"agackakan","status":"publish","type":"product","link":"https:\/\/roveyayinevi.com.tr\/index.php\/urun\/agackakan\/","title":{"rendered":"A\u011fa\u00e7kakan"},"content":{"rendered":"<p>Bir Camel paketine bakarak neler s\u00f6yleyebilirsiniz? \u00c2\u015f\u0131k de\u011filseniz, o da her nesne kadar anlams\u0131zd\u0131r. Ama, az\u0131l\u0131 bir bombac\u0131 akl\u0131n\u0131z\u0131 ba\u015f\u0131n\u0131zdan alm\u0131\u015fsa ve aylarca Camel paketi d\u0131\u015f\u0131nda hi\u00e7bir \u015fey okumam\u0131\u015fsan\u0131z , siz de Prenses Leigh-Cheri gibi k\u00e2inat\u0131n s\u0131rlar\u0131n\u0131 \u00e7\u00f6zebilirsiniz belki. A\u011fa\u00e7kakan, s\u0131ra d\u0131\u015f\u0131 kahramanlar\u0131n ya\u015fad\u0131\u011f\u0131 tutkulu bir a\u015fk hik\u00e2yesi&#8230; Tahttan s\u00fcr\u00fclm\u00fc\u015f bir kraliyet ailesinin Prenses k\u0131z\u0131 ile g\u00f6\u011fs\u00fcne bantlanm\u0131\u015f dinamit lokumlar\u0131yla dola\u015fan me\u015fhur bombac\u0131 Bernard, nam-\u0131 di\u011fer A\u011fa\u00e7kakan, Hawaii\u2019de kar\u015f\u0131la\u015f\u0131r. A\u011fa\u00e7kakan bir kanun ka\u00e7a\u011f\u0131d\u0131r ama s\u0131radan bir su\u00e7lu de\u011fildir; \u015ferefli bir davas\u0131 ve sayg\u0131 de\u011fer bir felsefesi vard\u0131r. Prenses ise seksin ars\u0131z \u00e7a\u011fr\u0131s\u0131na do\u011fru d\u00f6rtnala ko\u015fturan soylu v\u00fccudunu \u0131slah etmeye karar vermi\u015ftir. Y\u00fcksek toplumsal ve \u00e7evresel duyarl\u0131l\u0131\u011f\u0131 A\u011fa\u00e7kakan\u2019\u0131n romantik bireycili\u011fine toslay\u0131nca, Prenses bamba\u015fka bir davan\u0131n pe\u015finden ko\u015fmaya ba\u015flayacakt\u0131r: A\u015fk&#8230; A\u015fk bazen gelir; ama sonra geldi\u011fi gibi gider. Robbins\u2019in h\u0131nz\u0131r, dalgac\u0131, hiperaktif d\u00fcnyas\u0131nda renkli ve hareketli bir a\u015fk turu atarken, ezeli bir soruya cevap bulma aray\u0131\u015f\u0131ndaki Prenses ile A\u011fa\u00e7kakan\u2019a e\u015flik ediyoruz: A\u015fk\u0131 kal\u0131c\u0131 k\u0131lman\u0131n yolu nedir? Bu aray\u0131\u015f s\u0131ras\u0131nda, piramitler, k\u0131z\u0131l sa\u00e7l\u0131lar, uzayl\u0131lar, Ay\u2019\u0131n ve G\u00fcne\u015f\u2019in misyonu ve tabii Camel paketi aras\u0131ndaki esrarl\u0131 ili\u015fkileri ke\u015ffetmek de onlara k\u0131smet olacakt\u0131r. Robbins a\u015fk\u0131 m\u0131 ti ye al\u0131yor; yoksa a\u015fk kar\u015f\u0131s\u0131ndaki \u00e7aresizli\u011fimizi mi? Kendiniz karar verin.<\/p>\n","protected":false},"excerpt":{"rendered":"<p>Bir Camel paketine bakarak neler s\u00f6yleyebilirsiniz? \u00c2\u015f\u0131k de\u011filseniz, o da her nesne kadar anlams\u0131zd\u0131r. Ama, az\u0131l\u0131 bir bombac\u0131 akl\u0131n\u0131z\u0131 ba\u015f\u0131n\u0131zdan alm\u0131\u015fsa ve aylarca Camel paketi d\u0131\u015f\u0131nda<span class=\"excerpt-hellip\"> [\u2026]<\/span><\/p>\n","protected":false},"featured_media":0,"template":"","meta":{"_monsterinsights_skip_tracking":false,"_monsterinsights_sitenote_active":false,"_monsterinsights_sitenote_note":"","_monsterinsights_sitenote_category":0},"product_brand":[],"product_cat":[12891,12291],"product_tag":[],"class_list":{"0":"post-774567","1":"product","2":"type-product","3":"status-publish","5":"product_cat-amerikan-edebiyati","6":"product_cat-edebiyat","7":"pa_cilt-ciltsiz","8":"pa_tur-kitap","9":"pa_yayinevi-ayrinti-yayinlari","10":"pa_yazar-tom-robbins","12":"first","13":"instock","14":"sale","15":"shipping-taxable","16":"purchasable","17":"product-type-simple"},"_links":{"self":[{"href":"https:\/\/roveyayinevi.com.tr\/index.php\/wp-json\/wp\/v2\/product\/774567","targetHints":{"allow":["GET"]}}],"collection":[{"href":"https:\/\/roveyayinevi.com.tr\/index.php\/wp-json\/wp\/v2\/product"}],"about":[{"href":"https:\/\/roveyayinevi.com.tr\/index.php\/wp-json\/wp\/v2\/types\/product"}],"wp:attachment":[{"href":"https:\/\/roveyayinevi.com.tr\/index.php\/wp-json\/wp\/v2\/media?parent=774567"}],"wp:term":[{"taxonomy":"product_brand","embeddable":true,"href":"https:\/\/roveyayinevi.com.tr\/index.php\/wp-json\/wp\/v2\/product_brand?post=774567"},{"taxonomy":"product_cat","embeddable":true,"href":"https:\/\/roveyayinevi.com.tr\/index.php\/wp-json\/wp\/v2\/product_cat?post=774567"},{"taxonomy":"product_tag","embeddable":true,"href":"https:\/\/roveyayinevi.com.tr\/index.php\/wp-json\/wp\/v2\/product_tag?post=774567"}],"curies":[{"name":"wp","href":"https:\/\/api.w.org\/{rel}","templated":true}]}}