{"id":774563,"date":"2025-09-09T08:56:55","date_gmt":"2025-09-09T05:56:55","guid":{"rendered":"https:\/\/roveyayinevi.com.tr\/index.php\/urun\/sosyoloji-notlari-ve-konferanslar\/"},"modified":"2026-04-16T01:58:47","modified_gmt":"2026-04-15T22:58:47","slug":"sosyoloji-notlari-ve-konferanslar","status":"publish","type":"product","link":"https:\/\/roveyayinevi.com.tr\/index.php\/urun\/sosyoloji-notlari-ve-konferanslar\/","title":{"rendered":"Sosyoloji Notlar\u0131 ve Konferanslar"},"content":{"rendered":"<p>Yazan de\u011fil konu\u015fan Cemil Meri\u00e7. \u0130stanbul \u00dcniversitesiEdebiyat Fak\u00fcltesi Sosyoloji B\u00f6l\u00fcm\u00fc\u2019nde 1965\u2019ten 1969\u2019a kadar Cemil Meri\u00e7\u2019in anlatt\u0131\u011f\u0131 dersler, verdi\u011fi konferanslar ve baz\u0131 sohbetler s\u0131ras\u0131nda tutulmu\u015f notlar. Donmu\u015f bir m\u00fcfredat\u0131 anlatan bir \u201choca\u201d de\u011fil, \u00f6\u011frencileri ve dinleyenleriyle birlikte sesli d\u00fc\u015f\u00fcnen bir fikir adam\u0131n\u0131n g\u00f6r\u00fc\u015fleri. Meri\u00e7\u2019in kitaplar\u0131n\u0131n malzemesinin olu\u015fumu.\ufffc<\/p>\n","protected":false},"excerpt":{"rendered":"<p>Yazan de\u011fil konu\u015fan Cemil Meri\u00e7. \u0130stanbul \u00dcniversitesiEdebiyat Fak\u00fcltesi Sosyoloji B\u00f6l\u00fcm\u00fc\u2019nde 1965\u2019ten 1969\u2019a kadar Cemil Meri\u00e7\u2019in anlatt\u0131\u011f\u0131 dersler, verdi\u011fi konferanslar ve baz\u0131 sohbetler s\u0131ras\u0131nda tutulmu\u015f notlar. Donmu\u015f<span class=\"excerpt-hellip\"> [\u2026]<\/span><\/p>\n","protected":false},"featured_media":0,"template":"","meta":{"_monsterinsights_skip_tracking":false,"_monsterinsights_sitenote_active":false,"_monsterinsights_sitenote_note":"","_monsterinsights_sitenote_category":0},"product_brand":[],"product_cat":[12312,12304],"product_tag":[],"class_list":{"0":"post-774563","1":"product","2":"type-product","3":"status-publish","5":"product_cat-diger","6":"product_cat-tarih","7":"pa_cilt-ciltsiz","8":"pa_tur-kitap","9":"pa_yayinevi-iletisim-yayinlari","10":"pa_yazar-cemil-meric","12":"first","13":"instock","14":"sale","15":"shipping-taxable","16":"purchasable","17":"product-type-simple"},"_links":{"self":[{"href":"https:\/\/roveyayinevi.com.tr\/index.php\/wp-json\/wp\/v2\/product\/774563","targetHints":{"allow":["GET"]}}],"collection":[{"href":"https:\/\/roveyayinevi.com.tr\/index.php\/wp-json\/wp\/v2\/product"}],"about":[{"href":"https:\/\/roveyayinevi.com.tr\/index.php\/wp-json\/wp\/v2\/types\/product"}],"wp:attachment":[{"href":"https:\/\/roveyayinevi.com.tr\/index.php\/wp-json\/wp\/v2\/media?parent=774563"}],"wp:term":[{"taxonomy":"product_brand","embeddable":true,"href":"https:\/\/roveyayinevi.com.tr\/index.php\/wp-json\/wp\/v2\/product_brand?post=774563"},{"taxonomy":"product_cat","embeddable":true,"href":"https:\/\/roveyayinevi.com.tr\/index.php\/wp-json\/wp\/v2\/product_cat?post=774563"},{"taxonomy":"product_tag","embeddable":true,"href":"https:\/\/roveyayinevi.com.tr\/index.php\/wp-json\/wp\/v2\/product_tag?post=774563"}],"curies":[{"name":"wp","href":"https:\/\/api.w.org\/{rel}","templated":true}]}}