{"id":774561,"date":"2025-09-09T08:56:07","date_gmt":"2025-09-09T05:56:07","guid":{"rendered":"https:\/\/roveyayinevi.com.tr\/index.php\/urun\/uygarlik-sureci-cilt-1\/"},"modified":"2026-04-16T01:58:45","modified_gmt":"2026-04-15T22:58:45","slug":"uygarlik-sureci-cilt-1","status":"publish","type":"product","link":"https:\/\/roveyayinevi.com.tr\/index.php\/urun\/uygarlik-sureci-cilt-1\/","title":{"rendered":"Uygarl\u0131k S\u00fcreci Cilt 1"},"content":{"rendered":"<p>Norbert Elias\u2019\u0131n ba\u015fyap\u0131t\u0131 Uygarl\u0131k S\u00fcreci kadri sonradan bilinen nadir kitaplardan biridir. \u0130lk kez 1939\u2019da \u0130svi\u00e7re\u2019de yay\u0131mland\u0131\u011f\u0131nda kimselerin ilgisini \u00e7ekmedi. 1969\u2019da yap\u0131lan ikinci bask\u0131s\u0131 da pek dikkat \u00e7ekmedi. Kitab\u0131n de\u011feri ancak 1976\u2019da Almanya\u2019da yay\u0131mland\u0131\u011f\u0131nda anla\u015f\u0131ld\u0131 ve Elias\u2019a sosyolojinin klasikleri aras\u0131ndaki hakketti\u011fi yerini kazand\u0131rd\u0131. Kitab\u0131n ba\u015far\u0131s\u0131 yazar\u0131n \u00f6l\u00fcm\u00fcnden sonra da devam etti ve Uygarl\u0131k S\u00fcreci 1997\u2019de Adorno \u00d6d\u00fcl\u00fc\u2019ne de\u011fer bulundu. Modernle\u015fme s\u00fcreciyle ilgili analizlere yeni bir bak\u0131\u015f a\u00e7\u0131s\u0131 ve veriler kazand\u0131ran Elias, iki ciltlik bu \u00f6nemli eserinin ilk cildinde, uygarl\u0131k ve k\u00fclt\u00fcr kavramlar\u0131n\u0131n sosyal anlamda tarihsel olu\u015fumunu inceliyor. S\u00f6zkonusu sosyo-olu\u015fumun \u00f6nemli ve\u00e7helerinden birini, uygarl\u0131k-k\u00fclt\u00fcr kar\u015f\u0131tl\u0131\u011f\u0131 ve bu kar\u015f\u0131tl\u0131\u011f\u0131n a\u015f\u0131lmas\u0131 olarak vurguluyor, Elias. Kitapta, uygarl\u0131k insan davran\u0131\u015flar\u0131n\u0131n \u00f6zel bir de\u011fi\u015fim bi\u00e7imi olarak ele al\u0131n\u0131rken, g\u00fcndelik davran\u0131\u015flar\u0131n, adab-\u0131 mua\u015feretin, do\u011fal ihtiya\u00e7larla ilgili tav\u0131rlar\u0131n ve de\u011fer \u00f6l\u00e7\u00fclerinin de\u011fi\u015fimi inceleniyor. Duygu denetim modelleri ve standartlar\u0131 ile, utanma ve s\u0131k\u0131lma s\u0131n\u0131rlar\u0131ndaki geli\u015fmeler, Elias\u2019\u0131n el att\u0131\u011f\u0131 ilgin\u00e7 konulardan sadece ikisi. Sosyologlar taraf\u0131ndan yanl\u0131\u015f dilde, yanl\u0131\u015f \u00fclkede ve yanl\u0131\u015f zamanda yay\u0131mlanm\u0131\u015f bir ba\u015fyap\u0131t olarak de\u011ferlendirilen Uygarl\u0131k S\u00fcreci, sosyal adap, yemek yeme \u00e2detleri, oturup kalma, sel\u00e2mla\u015fma gibi g\u00fcndelik ya\u015fam\u0131n pek \u00e7ok ayr\u0131nt\u0131s\u0131n\u0131 tarih\u00ee boyutlar\u0131yla inceliyor. Zihniyet, maddi ya\u015fam, t\u00fcketim bi\u00e7imleri gibi alanlar\u0131 \u015fekillendiren iktidar s\u00fcre\u00e7leri; utanma, y\u00fcz k\u0131zarmas\u0131 gibi benzeri duygular\u0131n tarihi Elias\u2019\u0131n zengin ilgi alanlar\u0131ndan baz\u0131lar\u0131. Elias\u2019\u0131 di\u011fer sosyal bilimcilerden ve de tarih\u00e7ilerden ay\u0131ran en \u00f6nemli farkl\u0131l\u0131k, ele ald\u0131\u011f\u0131 b\u00fct\u00fcn bu konular\u0131 uygarl\u0131k kavram\u0131 ekseninde \u00e7\u00f6z\u00fcmlemesi ve \u00e7ok g\u00fc\u00e7l\u00fc bir anlat\u0131ma sahip olmas\u0131. \u00d6zetle Uygarl\u0131k S\u00fcreci, insan-bilimleri literat\u00fcr\u00fcn\u00fcn, onun da \u00f6tesinde modern d\u00fc\u015f\u00fcncenin \u00f6nc\u00fc ve kal\u0131c\u0131 \u00fcr\u00fcnlerinden birisi, belki de en \u00f6nemlisidir.<\/p>\n","protected":false},"excerpt":{"rendered":"<p>Norbert Elias\u2019\u0131n ba\u015fyap\u0131t\u0131 Uygarl\u0131k S\u00fcreci kadri sonradan bilinen nadir kitaplardan biridir. \u0130lk kez 1939\u2019da \u0130svi\u00e7re\u2019de yay\u0131mland\u0131\u011f\u0131nda kimselerin ilgisini \u00e7ekmedi. 1969\u2019da yap\u0131lan ikinci bask\u0131s\u0131 da pek dikkat<span class=\"excerpt-hellip\"> [\u2026]<\/span><\/p>\n","protected":false},"featured_media":0,"template":"","meta":{"_monsterinsights_skip_tracking":false,"_monsterinsights_sitenote_active":false,"_monsterinsights_sitenote_note":"","_monsterinsights_sitenote_category":0},"product_brand":[],"product_cat":[13633,12324],"product_tag":[],"class_list":{"0":"post-774561","1":"product","2":"type-product","3":"status-publish","5":"product_cat-kultur-ve-bilim","6":"product_cat-sosyoloji","7":"pa_cilt-ciltsiz","8":"pa_tur-kitap","9":"pa_yayinevi-iletisim-yayinlari","10":"pa_yazar-norbert-elias","12":"first","13":"instock","14":"sale","15":"shipping-taxable","16":"purchasable","17":"product-type-simple"},"_links":{"self":[{"href":"https:\/\/roveyayinevi.com.tr\/index.php\/wp-json\/wp\/v2\/product\/774561","targetHints":{"allow":["GET"]}}],"collection":[{"href":"https:\/\/roveyayinevi.com.tr\/index.php\/wp-json\/wp\/v2\/product"}],"about":[{"href":"https:\/\/roveyayinevi.com.tr\/index.php\/wp-json\/wp\/v2\/types\/product"}],"wp:attachment":[{"href":"https:\/\/roveyayinevi.com.tr\/index.php\/wp-json\/wp\/v2\/media?parent=774561"}],"wp:term":[{"taxonomy":"product_brand","embeddable":true,"href":"https:\/\/roveyayinevi.com.tr\/index.php\/wp-json\/wp\/v2\/product_brand?post=774561"},{"taxonomy":"product_cat","embeddable":true,"href":"https:\/\/roveyayinevi.com.tr\/index.php\/wp-json\/wp\/v2\/product_cat?post=774561"},{"taxonomy":"product_tag","embeddable":true,"href":"https:\/\/roveyayinevi.com.tr\/index.php\/wp-json\/wp\/v2\/product_tag?post=774561"}],"curies":[{"name":"wp","href":"https:\/\/api.w.org\/{rel}","templated":true}]}}