{"id":774560,"date":"2025-09-09T08:55:14","date_gmt":"2025-09-09T05:55:14","guid":{"rendered":"https:\/\/roveyayinevi.com.tr\/index.php\/urun\/beyaz-unsuz-sekersiz-hamur-isleri\/"},"modified":"2026-04-16T01:58:43","modified_gmt":"2026-04-15T22:58:43","slug":"beyaz-unsuz-sekersiz-hamur-isleri","status":"publish","type":"product","link":"https:\/\/roveyayinevi.com.tr\/index.php\/urun\/beyaz-unsuz-sekersiz-hamur-isleri\/","title":{"rendered":"Beyaz Unsuz \u015eekersiz Hamur \u0130\u015fleri"},"content":{"rendered":"<p>Klasik bir yemek tarifleri kitab\u0131 de\u011fil bu. Sizi yeni bir ya\u015fam bi\u00e7imine davet ediyor, &#8220;sevgi ve sa\u011fl\u0131k dolu mutfa\u011fa&#8221; geri d\u00f6n\u00fc\u015f \u00e7a\u011fr\u0131s\u0131 yap\u0131yor. Anneannelerimizin, babaannelerimizin anlatt\u0131\u011f\u0131 &#8220;hakiki&#8221; yemekleri, &#8220;sahici&#8221; aile ortamlar\u0131n\u0131 geri getirmeyi hedefliyor. Kitap, y\u0131llarca birlikte yemek pi\u015firmi\u015f, mutfaktan sevgiyi eksik etmemi\u015f anne k\u0131z\u0131n deneyimlerinin &#8220;do\u011fal&#8221; bir sonucu. Balkan g\u00f6\u00e7menli\u011finden m\u00fctevellit hamur i\u015finde uzman ikilinin, mutfaklar\u0131ndan rafine beyaz un, rafine beyaz \u015feker ve rafine tuzu uzakla\u015ft\u0131rmaya karar vermesiyle ba\u015fl\u0131yor ser\u00fcven&#8230; \u00c7o\u011fu i\u00e7i bo\u015f, sahte yiyece\u011fin yerine saf ve do\u011fal malzemelerin kullan\u0131lmas\u0131yla devam ediyor. Tam bu\u011fday unu, pekmez, bal gibi \u00e7ok daha \u015fifal\u0131 malzemelerle haz\u0131rlanan 100 hamur i\u015fi tarifiyle de son buluyor. Hamur i\u015flerinin yan\u0131nda anne k\u0131z\u0131n aile, kom\u015fuluk hat\u0131ralar\u0131 ve \u00e7ok k\u0131ymetli a\u015f\u00e7\u0131l\u0131k ipu\u00e7lar\u0131 cabas\u0131. <\/p>\n","protected":false},"excerpt":{"rendered":"<p>Klasik bir yemek tarifleri kitab\u0131 de\u011fil bu. Sizi yeni bir ya\u015fam bi\u00e7imine davet ediyor, &#8220;sevgi ve sa\u011fl\u0131k dolu mutfa\u011fa&#8221; geri d\u00f6n\u00fc\u015f \u00e7a\u011fr\u0131s\u0131 yap\u0131yor. Anneannelerimizin, babaannelerimizin anlatt\u0131\u011f\u0131<span class=\"excerpt-hellip\"> [\u2026]<\/span><\/p>\n","protected":false},"featured_media":0,"template":"","meta":{"_monsterinsights_skip_tracking":false,"_monsterinsights_sitenote_active":false,"_monsterinsights_sitenote_note":"","_monsterinsights_sitenote_category":0},"product_brand":[],"product_cat":[12458,12457],"product_tag":[],"class_list":{"0":"post-774560","1":"product","2":"type-product","3":"status-publish","5":"product_cat-turk-mutfagi","6":"product_cat-yemek-kitaplari","7":"pa_cilt-ciltsiz","8":"pa_tur-kitap","9":"pa_yayinevi-hayykitap","10":"pa_yazar-ulfet-aygen","12":"first","13":"instock","14":"sale","15":"shipping-taxable","16":"purchasable","17":"product-type-simple"},"_links":{"self":[{"href":"https:\/\/roveyayinevi.com.tr\/index.php\/wp-json\/wp\/v2\/product\/774560","targetHints":{"allow":["GET"]}}],"collection":[{"href":"https:\/\/roveyayinevi.com.tr\/index.php\/wp-json\/wp\/v2\/product"}],"about":[{"href":"https:\/\/roveyayinevi.com.tr\/index.php\/wp-json\/wp\/v2\/types\/product"}],"wp:attachment":[{"href":"https:\/\/roveyayinevi.com.tr\/index.php\/wp-json\/wp\/v2\/media?parent=774560"}],"wp:term":[{"taxonomy":"product_brand","embeddable":true,"href":"https:\/\/roveyayinevi.com.tr\/index.php\/wp-json\/wp\/v2\/product_brand?post=774560"},{"taxonomy":"product_cat","embeddable":true,"href":"https:\/\/roveyayinevi.com.tr\/index.php\/wp-json\/wp\/v2\/product_cat?post=774560"},{"taxonomy":"product_tag","embeddable":true,"href":"https:\/\/roveyayinevi.com.tr\/index.php\/wp-json\/wp\/v2\/product_tag?post=774560"}],"curies":[{"name":"wp","href":"https:\/\/api.w.org\/{rel}","templated":true}]}}