{"id":774557,"date":"2025-09-09T08:53:12","date_gmt":"2025-09-09T05:53:12","guid":{"rendered":"https:\/\/roveyayinevi.com.tr\/index.php\/urun\/piyes-yazma-sanati\/"},"modified":"2026-02-03T02:00:05","modified_gmt":"2026-02-02T23:00:05","slug":"piyes-yazma-sanati","status":"publish","type":"product","link":"https:\/\/roveyayinevi.com.tr\/index.php\/urun\/piyes-yazma-sanati\/","title":{"rendered":"Piyes Yazma Sanat\u0131"},"content":{"rendered":"<p>Lajos Egri\u2019nin tiyatro literat\u00fcr\u00fcnde vazge\u00e7ilmez bir klasik halini alm\u0131\u015f olan Piyes Yazma Sanat\u0131 , bir tiyatro oyun metni yazman\u0131n ana hatlar\u0131yla ilgili yol g\u00f6sterici bir kitap olma \u00f6zelli\u011fini koruyor&#8230; \ufffc\ufffcTan\u0131t\u0131m Metni<\/p>\n","protected":false},"excerpt":{"rendered":"<p>Lajos Egri\u2019nin tiyatro literat\u00fcr\u00fcnde vazge\u00e7ilmez bir klasik halini alm\u0131\u015f olan Piyes Yazma Sanat\u0131 , bir tiyatro oyun metni yazman\u0131n ana hatlar\u0131yla ilgili yol g\u00f6sterici bir kitap<span class=\"excerpt-hellip\"> [\u2026]<\/span><\/p>\n","protected":false},"featured_media":0,"template":"","meta":{"_monsterinsights_skip_tracking":false,"_monsterinsights_sitenote_active":false,"_monsterinsights_sitenote_note":"","_monsterinsights_sitenote_category":0},"product_brand":[],"product_cat":[12409,12408],"product_tag":[],"class_list":{"0":"post-774557","1":"product","2":"type-product","3":"status-publish","5":"product_cat-fotograf-sinema-tiyatro","6":"product_cat-sanat","7":"pa_cilt-ciltsiz","8":"pa_tur-kitap","9":"pa_yayinevi-agora-kitapligi","10":"pa_yazar-lajos-egri","12":"first","13":"instock","14":"sale","15":"shipping-taxable","16":"purchasable","17":"product-type-simple"},"_links":{"self":[{"href":"https:\/\/roveyayinevi.com.tr\/index.php\/wp-json\/wp\/v2\/product\/774557","targetHints":{"allow":["GET"]}}],"collection":[{"href":"https:\/\/roveyayinevi.com.tr\/index.php\/wp-json\/wp\/v2\/product"}],"about":[{"href":"https:\/\/roveyayinevi.com.tr\/index.php\/wp-json\/wp\/v2\/types\/product"}],"wp:attachment":[{"href":"https:\/\/roveyayinevi.com.tr\/index.php\/wp-json\/wp\/v2\/media?parent=774557"}],"wp:term":[{"taxonomy":"product_brand","embeddable":true,"href":"https:\/\/roveyayinevi.com.tr\/index.php\/wp-json\/wp\/v2\/product_brand?post=774557"},{"taxonomy":"product_cat","embeddable":true,"href":"https:\/\/roveyayinevi.com.tr\/index.php\/wp-json\/wp\/v2\/product_cat?post=774557"},{"taxonomy":"product_tag","embeddable":true,"href":"https:\/\/roveyayinevi.com.tr\/index.php\/wp-json\/wp\/v2\/product_tag?post=774557"}],"curies":[{"name":"wp","href":"https:\/\/api.w.org\/{rel}","templated":true}]}}