{"id":774552,"date":"2025-08-30T17:37:49","date_gmt":"2025-08-30T14:37:49","guid":{"rendered":"https:\/\/roveyayinevi.com.tr\/index.php\/urun\/kutahya-ve-ilceleri-kultur-ansiklopedisi-sivama-cilt\/"},"modified":"2026-03-03T03:54:17","modified_gmt":"2026-03-03T00:54:17","slug":"kutahya-ve-ilceleri-kultur-ansiklopedisi-sivama-cilt","status":"publish","type":"product","link":"https:\/\/roveyayinevi.com.tr\/index.php\/urun\/kutahya-ve-ilceleri-kultur-ansiklopedisi-sivama-cilt\/","title":{"rendered":"K\u00fctahya ve \u0130l\u00e7eleri K\u00fclt\u00fcr Ansiklopedisi (S\u0131vama Cilt)"},"content":{"rendered":"<p>K\u00fctahya ili, k\u00fclt\u00fcr-sanat, gelenek, g\u00f6renekleri ve sanat\u00e7\u0131lar\u0131, derlemeler, t\u00fcrk\u00fcler, velhas\u0131l Folklorik t\u00fcm konular\u0131 i\u00e7ine alan bu kitab\u0131 bizden sonraki nesillere ve konu ile ilgili ara\u015ft\u0131rmac\u0131lara faydal\u0131 olmas\u0131 d\u00fc\u015f\u00fcncesiyle bir k\u00fclt\u00fcr hizmeti olarak yazma cesareti buldum.K\u00fctahya\u2019m\u0131z\u0131n ve il\u00e7elerimizin pek \u00e7ok de\u011feri ve \u00f6zellikleri \u00e7\u0131km\u0131\u015ft\u0131r. Bu de\u011ferler ve \u00f6zellikler, ya\u015fad\u0131\u011f\u0131m\u0131z co\u011frafya, i\u00e7inden \u00e7\u0131kt\u0131\u011f\u0131m\u0131z tarih hayat\u0131m\u0131z\u0131 b\u00fct\u00fcnleyen k\u00fclt\u00fcr, gelenek ve g\u00f6reneklerimiz ve de sanat\u00e7\u0131lar\u0131m\u0131z olmu\u015ftur. Bahsi ge\u00e7en bu de\u011ferlerin baz\u0131lar\u0131 k\u0131sa metinler halinde, bilhassa T\u00fcrk\u00fclerimiz ve \u00f6yk\u00fclerimiz daha geni\u015f anlamda, gelenek ve g\u00f6reneklerimiz ve \u00fcnl\u00fclerimiz k\u0131smen bu eserde belirtilmeye \u00e7al\u0131\u015f\u0131lm\u0131\u015ft\u0131r.   Bu \u00e7al\u0131\u015fma, birbirini tamamlayan birka\u00e7 merhaleden meydana gelmi\u015ftir. Bunlardan birincisi sorup \u00f6\u011frendiklerimiz, ikincisi \u00e7evremiz hakk\u0131nda yaz\u0131lan inceleme, bro\u015f\u00fcr ve kitaplar olmu\u015ftur. Bunlardan canl\u0131 kaynak olarak K\u00fctahya il merkezinden ve 12 adet il\u00e7emiz kasaba ve k\u00f6ylerimizden konulara vak\u0131f olan \u015fahsiyetlerden sorup \u00f6\u011frendiklerimiz; gelenek-g\u00f6renek, adetler, d\u00fc\u011f\u00fcnler, t\u00fcrk\u00fc, \u00f6yk\u00fc, m\u00e2ni, tekerlemeleri irdeleyip k\u00fclt\u00fcr\u00fcm\u00fcz\u00fcn \u00f6z\u00fcne en uygun olanlar\u0131n\u0131 kitab\u0131ma ald\u0131m.<\/p>\n","protected":false},"excerpt":{"rendered":"<p>K\u00fctahya ili, k\u00fclt\u00fcr-sanat, gelenek, g\u00f6renekleri ve sanat\u00e7\u0131lar\u0131, derlemeler, t\u00fcrk\u00fcler, velhas\u0131l Folklorik t\u00fcm konular\u0131 i\u00e7ine alan bu kitab\u0131 bizden sonraki nesillere ve konu ile ilgili ara\u015ft\u0131rmac\u0131lara faydal\u0131<span class=\"excerpt-hellip\"> [\u2026]<\/span><\/p>\n","protected":false},"featured_media":0,"template":"","meta":{"_monsterinsights_skip_tracking":false,"_monsterinsights_sitenote_active":false,"_monsterinsights_sitenote_note":"","_monsterinsights_sitenote_category":0},"product_brand":[],"product_cat":[12364,16266],"product_tag":[],"class_list":{"0":"post-774552","1":"product","2":"type-product","3":"status-publish","5":"product_cat-genel-konular","6":"product_cat-referans-kaynak-kitap","7":"pa_cilt-ciltli","8":"pa_tur-kitap","9":"pa_yayinevi-bilgin-kultur-sanat","10":"pa_yazar-mustafa-salun","12":"first","13":"instock","14":"sale","15":"shipping-taxable","16":"purchasable","17":"product-type-simple"},"_links":{"self":[{"href":"https:\/\/roveyayinevi.com.tr\/index.php\/wp-json\/wp\/v2\/product\/774552","targetHints":{"allow":["GET"]}}],"collection":[{"href":"https:\/\/roveyayinevi.com.tr\/index.php\/wp-json\/wp\/v2\/product"}],"about":[{"href":"https:\/\/roveyayinevi.com.tr\/index.php\/wp-json\/wp\/v2\/types\/product"}],"wp:attachment":[{"href":"https:\/\/roveyayinevi.com.tr\/index.php\/wp-json\/wp\/v2\/media?parent=774552"}],"wp:term":[{"taxonomy":"product_brand","embeddable":true,"href":"https:\/\/roveyayinevi.com.tr\/index.php\/wp-json\/wp\/v2\/product_brand?post=774552"},{"taxonomy":"product_cat","embeddable":true,"href":"https:\/\/roveyayinevi.com.tr\/index.php\/wp-json\/wp\/v2\/product_cat?post=774552"},{"taxonomy":"product_tag","embeddable":true,"href":"https:\/\/roveyayinevi.com.tr\/index.php\/wp-json\/wp\/v2\/product_tag?post=774552"}],"curies":[{"name":"wp","href":"https:\/\/api.w.org\/{rel}","templated":true}]}}