{"id":774550,"date":"2025-08-30T16:43:44","date_gmt":"2025-08-30T13:43:44","guid":{"rendered":"https:\/\/roveyayinevi.com.tr\/index.php\/urun\/modern-ruhu-kurtarmak\/"},"modified":"2026-04-15T03:31:34","modified_gmt":"2026-04-15T00:31:34","slug":"modern-ruhu-kurtarmak","status":"publish","type":"product","link":"https:\/\/roveyayinevi.com.tr\/index.php\/urun\/modern-ruhu-kurtarmak\/","title":{"rendered":"Modern Ruhu Kurtarmak"},"content":{"rendered":"<p>Bir\u00e7ok k\u00fclt\u00fcr ele\u015ftirmenine g\u00f6re, g\u00fcn\u00fcm\u00fcz insan\u0131n\u0131n en b\u00fcy\u00fck trajedilerinden biri, duygular\u0131n ve manevi ya\u015fam\u0131n terapi ve ki\u015fisel geli\u015fim sanayisi taraf\u0131ndan pazarlanabilir \u00fcr\u00fcnler h\u00e2line getirilmi\u015f olmas\u0131d\u0131r: Modern birey, kendi duygusal derinli\u011fini \u201ciyile\u015ftirmek\u201d i\u00e7in s\u00fcrekli olarak piyasaya y\u00f6nelmekte ama bu s\u00fcre\u00e7te ruhsal tatminini de t\u00fcketim k\u00fclt\u00fcr\u00fcne teslim etmektedir. Terapi seanslar\u0131, \u00f6zyard\u0131m kitaplar\u0131 ve ki\u015fisel geli\u015fim seminerleri, manevi huzurun re\u00e7eteleri gibi sunulsa da, insanlar\u0131 daha derin bir tatminsizlik d\u00f6ng\u00fcs\u00fcne hapsetmekte, duygular\u0131m\u0131z\u0131 ve benlik alg\u0131m\u0131z\u0131 metala\u015ft\u0131rarak insan ruhunun \u00f6z\u00fcn\u00fc yok etmektedir. Bir bak\u0131ma modern ruhun trajedisi, kendini iyile\u015ftirmeye \u00e7al\u0131\u015f\u0131rken, giderek daha fazla yara almas\u0131d\u0131r.   Tan\u0131nm\u0131\u015f k\u00fclt\u00fcr ele\u015ftirmeni ve sosyolo\u011fu Eva Illouz, Modern Ruhu Kurtarmak\u2019ta bu soruna e\u011filiyor ve modern psikolojinin duygusal hayatlar\u0131m\u0131z\u0131, ki\u015fisel ili\u015fkilerimizi ve toplumsal kurumlar\u0131m\u0131z\u0131 nas\u0131l \u015fekillendirdi\u011fini derinlemesine inceliyor. Terapi k\u00fclt\u00fcr\u00fcn\u00fcn varolu\u015fumuzun her y\u00f6n\u00fcne nas\u0131l s\u0131zd\u0131\u011f\u0131n\u0131, kendimizi alg\u0131lay\u0131\u015f\u0131m\u0131z\u0131, ba\u015fkalar\u0131yla etkile\u015fimimizi ve mutlulu\u011fu aray\u0131\u015f bi\u00e7imimizi nas\u0131l d\u00f6n\u00fc\u015ft\u00fcrd\u00fc\u011f\u00fcn\u00fc titizlikle ortaya koyuyor. &#8220;\u015eifa bulma&#8221; ve \u201c\u015fifa olma\u201d giri\u015fimlerinden \u00e7ok \u00f6teye ge\u00e7en terapi ve duygusal y\u00f6netim k\u00fclt\u00fcr\u00fcn\u00fcn, modern d\u00fcnyada insan olman\u0131n anlam\u0131n\u0131 yeniden tan\u0131mlad\u0131\u011f\u0131n\u0131 savunuyor. Kendimizi ve ili\u015fkilerimizi s\u00fcrekli geli\u015ftirmemiz gerekti\u011fi fikrini ne kadar i\u00e7selle\u015ftirdi\u011fimizi sorguluyor. Modern ya\u015fam\u0131n alametifarikas\u0131 h\u00e2line gelmi\u015f duygu ideolojilerini ve modern d\u00fcnyan\u0131n kurtar\u0131c\u0131s\u0131 muamelesi g\u00f6ren terapi ve ki\u015fisel geli\u015fim sanayisini ele\u015ftirel bir bak\u0131\u015fla yeniden d\u00fc\u015f\u00fcnmeye davet ediyor. <\/p>\n","protected":false},"excerpt":{"rendered":"<p>Bir\u00e7ok k\u00fclt\u00fcr ele\u015ftirmenine g\u00f6re, g\u00fcn\u00fcm\u00fcz insan\u0131n\u0131n en b\u00fcy\u00fck trajedilerinden biri, duygular\u0131n ve manevi ya\u015fam\u0131n terapi ve ki\u015fisel geli\u015fim sanayisi taraf\u0131ndan pazarlanabilir \u00fcr\u00fcnler h\u00e2line getirilmi\u015f olmas\u0131d\u0131r: Modern<span class=\"excerpt-hellip\"> [\u2026]<\/span><\/p>\n","protected":false},"featured_media":0,"template":"","meta":{"_monsterinsights_skip_tracking":false,"_monsterinsights_sitenote_active":false,"_monsterinsights_sitenote_note":"","_monsterinsights_sitenote_category":0},"product_brand":[],"product_cat":[12324],"product_tag":[],"class_list":{"0":"post-774550","1":"product","2":"type-product","3":"status-publish","5":"product_cat-sosyoloji","6":"pa_cilt-ciltsiz","7":"pa_tur-kitap","8":"pa_yayinevi-fol-kitap","9":"pa_yazar-eva-illouz","11":"first","12":"instock","13":"sale","14":"shipping-taxable","15":"purchasable","16":"product-type-simple"},"_links":{"self":[{"href":"https:\/\/roveyayinevi.com.tr\/index.php\/wp-json\/wp\/v2\/product\/774550","targetHints":{"allow":["GET"]}}],"collection":[{"href":"https:\/\/roveyayinevi.com.tr\/index.php\/wp-json\/wp\/v2\/product"}],"about":[{"href":"https:\/\/roveyayinevi.com.tr\/index.php\/wp-json\/wp\/v2\/types\/product"}],"wp:attachment":[{"href":"https:\/\/roveyayinevi.com.tr\/index.php\/wp-json\/wp\/v2\/media?parent=774550"}],"wp:term":[{"taxonomy":"product_brand","embeddable":true,"href":"https:\/\/roveyayinevi.com.tr\/index.php\/wp-json\/wp\/v2\/product_brand?post=774550"},{"taxonomy":"product_cat","embeddable":true,"href":"https:\/\/roveyayinevi.com.tr\/index.php\/wp-json\/wp\/v2\/product_cat?post=774550"},{"taxonomy":"product_tag","embeddable":true,"href":"https:\/\/roveyayinevi.com.tr\/index.php\/wp-json\/wp\/v2\/product_tag?post=774550"}],"curies":[{"name":"wp","href":"https:\/\/api.w.org\/{rel}","templated":true}]}}