{"id":774544,"date":"2025-08-30T10:48:09","date_gmt":"2025-08-30T07:48:09","guid":{"rendered":"https:\/\/roveyayinevi.com.tr\/index.php\/urun\/kamu-diplomasisi-3\/"},"modified":"2026-04-16T02:18:44","modified_gmt":"2026-04-15T23:18:44","slug":"kamu-diplomasisi-3","status":"publish","type":"product","link":"https:\/\/roveyayinevi.com.tr\/index.php\/urun\/kamu-diplomasisi-3\/","title":{"rendered":"Kamu Diplomasisi"},"content":{"rendered":"<p>\u0130\u00e7indekiler 1-Stratejik \u0130leti\u015fim ve Kamu Diplomasisi 2- Kamu Diplomasisinde Etkinlik \u00d6l\u00e7\u00fcm Ara\u015ft\u0131rmas\u0131 <\/p>\n","protected":false},"excerpt":{"rendered":"<p>\u0130\u00e7indekiler 1-Stratejik \u0130leti\u015fim ve Kamu Diplomasisi 2- Kamu Diplomasisinde Etkinlik \u00d6l\u00e7\u00fcm Ara\u015ft\u0131rmas\u0131<\/p>\n","protected":false},"featured_media":0,"template":"","meta":{"_monsterinsights_skip_tracking":false,"_monsterinsights_sitenote_active":false,"_monsterinsights_sitenote_note":"","_monsterinsights_sitenote_category":0},"product_brand":[],"product_cat":[12573,12566],"product_tag":[],"class_list":{"0":"post-774544","1":"product","2":"type-product","3":"status-publish","5":"product_cat-akademik-kitaplar","6":"product_cat-egitim","7":"pa_cilt-ciltsiz","8":"pa_tur-kitap","9":"pa_yayinevi-gazi-kitabevi","10":"pa_yazar-ugur-unal","12":"first","13":"instock","14":"sale","15":"shipping-taxable","16":"purchasable","17":"product-type-simple"},"_links":{"self":[{"href":"https:\/\/roveyayinevi.com.tr\/index.php\/wp-json\/wp\/v2\/product\/774544","targetHints":{"allow":["GET"]}}],"collection":[{"href":"https:\/\/roveyayinevi.com.tr\/index.php\/wp-json\/wp\/v2\/product"}],"about":[{"href":"https:\/\/roveyayinevi.com.tr\/index.php\/wp-json\/wp\/v2\/types\/product"}],"wp:attachment":[{"href":"https:\/\/roveyayinevi.com.tr\/index.php\/wp-json\/wp\/v2\/media?parent=774544"}],"wp:term":[{"taxonomy":"product_brand","embeddable":true,"href":"https:\/\/roveyayinevi.com.tr\/index.php\/wp-json\/wp\/v2\/product_brand?post=774544"},{"taxonomy":"product_cat","embeddable":true,"href":"https:\/\/roveyayinevi.com.tr\/index.php\/wp-json\/wp\/v2\/product_cat?post=774544"},{"taxonomy":"product_tag","embeddable":true,"href":"https:\/\/roveyayinevi.com.tr\/index.php\/wp-json\/wp\/v2\/product_tag?post=774544"}],"curies":[{"name":"wp","href":"https:\/\/api.w.org\/{rel}","templated":true}]}}