{"id":774543,"date":"2025-08-30T10:44:14","date_gmt":"2025-08-30T07:44:14","guid":{"rendered":"https:\/\/roveyayinevi.com.tr\/index.php\/urun\/seker-kutusu\/"},"modified":"2026-04-16T02:17:58","modified_gmt":"2026-04-15T23:17:58","slug":"seker-kutusu","status":"publish","type":"product","link":"https:\/\/roveyayinevi.com.tr\/index.php\/urun\/seker-kutusu\/","title":{"rendered":"\u015eeker Kutusu"},"content":{"rendered":"<p>R\u0131fat Ilgaz\u2019\u0131n \u00f6zellikle gen\u00e7ler taraf\u0131ndan \u00e7ok sevilen kitab\u0131 \u015eeker Kutusu, yeni kapa\u011f\u0131 ve 14. bask\u0131s\u0131yla yeniden yay\u0131mland\u0131.R\u0131fat Ilgaz, toplumdaki aksakl\u0131klar\u0131 b\u00fcy\u00fcte\u00e7 alt\u0131na al\u0131r \u00f6yk\u00fclerinde.Toplumun her kesiminden insan\u0131n boy g\u00f6sterdi\u011fi \u00f6yk\u00fcler, T\u00fcrkiye\u2019nin duygu, d\u00fc\u015f\u00fcnce ve anlay\u0131\u015f haritas\u0131n\u0131 ortaya \u00e7\u0131kar\u0131r.Ilgaz\u2019\u0131n \u00f6yk\u00fclerinde en ayk\u0131r\u0131 ki\u015fiyi bile yad\u0131rgamaz okur; \u00e7\u00fcnk\u00fc bunlar her g\u00fcn rastlad\u0131\u011f\u0131m\u0131z, selamla\u015ft\u0131\u011f\u0131m\u0131z ya da g\u00f6z ucuyla izledi\u011fimiz ger\u00e7ek ki\u015filerden izler ta\u015f\u0131r.\u015eeker Kutusu\u2019nda da hepimizin yak\u0131ndan bildi\u011fi ki\u015filer ve kahkahalarla g\u00fcl\u00fcnecek olaylar var. <\/p>\n","protected":false},"excerpt":{"rendered":"<p>R\u0131fat Ilgaz\u2019\u0131n \u00f6zellikle gen\u00e7ler taraf\u0131ndan \u00e7ok sevilen kitab\u0131 \u015eeker Kutusu, yeni kapa\u011f\u0131 ve 14. bask\u0131s\u0131yla yeniden yay\u0131mland\u0131.R\u0131fat Ilgaz, toplumdaki aksakl\u0131klar\u0131 b\u00fcy\u00fcte\u00e7 alt\u0131na al\u0131r \u00f6yk\u00fclerinde.Toplumun her kesiminden<span class=\"excerpt-hellip\"> [\u2026]<\/span><\/p>\n","protected":false},"featured_media":0,"template":"","meta":{"_monsterinsights_skip_tracking":false,"_monsterinsights_sitenote_active":false,"_monsterinsights_sitenote_note":"","_monsterinsights_sitenote_category":0},"product_brand":[],"product_cat":[12275,12274],"product_tag":[],"class_list":{"0":"post-774543","1":"product","2":"type-product","3":"status-publish","5":"product_cat-6-12-yas-kitaplari","6":"product_cat-cocuk-ve-genclik-kitaplari","7":"pa_cilt-ciltsiz","8":"pa_tur-kitap","9":"pa_yayinevi-cinar-yayinlari","10":"pa_yazar-rifat-ilgaz","12":"first","13":"instock","14":"sale","15":"shipping-taxable","16":"purchasable","17":"product-type-simple"},"_links":{"self":[{"href":"https:\/\/roveyayinevi.com.tr\/index.php\/wp-json\/wp\/v2\/product\/774543","targetHints":{"allow":["GET"]}}],"collection":[{"href":"https:\/\/roveyayinevi.com.tr\/index.php\/wp-json\/wp\/v2\/product"}],"about":[{"href":"https:\/\/roveyayinevi.com.tr\/index.php\/wp-json\/wp\/v2\/types\/product"}],"wp:attachment":[{"href":"https:\/\/roveyayinevi.com.tr\/index.php\/wp-json\/wp\/v2\/media?parent=774543"}],"wp:term":[{"taxonomy":"product_brand","embeddable":true,"href":"https:\/\/roveyayinevi.com.tr\/index.php\/wp-json\/wp\/v2\/product_brand?post=774543"},{"taxonomy":"product_cat","embeddable":true,"href":"https:\/\/roveyayinevi.com.tr\/index.php\/wp-json\/wp\/v2\/product_cat?post=774543"},{"taxonomy":"product_tag","embeddable":true,"href":"https:\/\/roveyayinevi.com.tr\/index.php\/wp-json\/wp\/v2\/product_tag?post=774543"}],"curies":[{"name":"wp","href":"https:\/\/api.w.org\/{rel}","templated":true}]}}