{"id":774542,"date":"2025-08-30T10:42:09","date_gmt":"2025-08-30T07:42:09","guid":{"rendered":"https:\/\/roveyayinevi.com.tr\/index.php\/urun\/gokte-kuslarla\/"},"modified":"2026-04-16T02:17:36","modified_gmt":"2026-04-15T23:17:36","slug":"gokte-kuslarla","status":"publish","type":"product","link":"https:\/\/roveyayinevi.com.tr\/index.php\/urun\/gokte-kuslarla\/","title":{"rendered":"G\u00f6kte Ku\u015flarla"},"content":{"rendered":"<p>Hik\u00e2yemiz ku\u015flar\u0131n g\u00f6ky\u00fcz\u00fc hari\u00e7 her yerde oldu\u011fu zamanlardage\u00e7iyor. Ku\u015flar, sokaklar\u0131, yollar\u0131 i\u015fgal etti\u011fi i\u00e7in hareket etmektezorluk \u00e7eken U\u00e7u\u00e7gil ailesi buna bir \u00e7\u00f6z\u00fcm bulmak i\u00e7in kollar\u0131 s\u0131v\u0131yor.Becerikli aile, ula\u015f\u0131m tarihinde \u00e7\u0131\u011f\u0131r a\u00e7acak bir bulu\u015fa imzaat\u0131yor.John Yeoman ve Quentin Blake\u2019in 1960 y\u0131l\u0131nda ba\u015flayan ortakl\u0131klar\u0131halen devam ediyor. Hans Christian Andersen \u00d6d\u00fcl\u00fc\u2019ne2002\u2019de de\u011fer g\u00f6r\u00fclen Quentin Blake, \u00e7ocuk kitab\u0131 resimlemeyeilk kez John Yeoman metinleri ile ba\u015flad\u0131. \u0130kilinin ortak imzal\u0131 46kitab\u0131 bulunuyor. <\/p>\n","protected":false},"excerpt":{"rendered":"<p>Hik\u00e2yemiz ku\u015flar\u0131n g\u00f6ky\u00fcz\u00fc hari\u00e7 her yerde oldu\u011fu zamanlardage\u00e7iyor. Ku\u015flar, sokaklar\u0131, yollar\u0131 i\u015fgal etti\u011fi i\u00e7in hareket etmektezorluk \u00e7eken U\u00e7u\u00e7gil ailesi buna bir \u00e7\u00f6z\u00fcm bulmak i\u00e7in kollar\u0131 s\u0131v\u0131yor.Becerikli<span class=\"excerpt-hellip\"> [\u2026]<\/span><\/p>\n","protected":false},"featured_media":0,"template":"","meta":{"_monsterinsights_skip_tracking":false,"_monsterinsights_sitenote_active":false,"_monsterinsights_sitenote_note":"","_monsterinsights_sitenote_category":0},"product_brand":[],"product_cat":[12275,12274],"product_tag":[],"class_list":{"0":"post-774542","1":"product","2":"type-product","3":"status-publish","5":"product_cat-6-12-yas-kitaplari","6":"product_cat-cocuk-ve-genclik-kitaplari","7":"pa_cilt-ciltsiz","8":"pa_tur-kitap","9":"pa_yayinevi-hep-kitap","10":"pa_yazar-john-yeoman","12":"first","13":"instock","14":"sale","15":"shipping-taxable","16":"purchasable","17":"product-type-simple"},"_links":{"self":[{"href":"https:\/\/roveyayinevi.com.tr\/index.php\/wp-json\/wp\/v2\/product\/774542","targetHints":{"allow":["GET"]}}],"collection":[{"href":"https:\/\/roveyayinevi.com.tr\/index.php\/wp-json\/wp\/v2\/product"}],"about":[{"href":"https:\/\/roveyayinevi.com.tr\/index.php\/wp-json\/wp\/v2\/types\/product"}],"wp:attachment":[{"href":"https:\/\/roveyayinevi.com.tr\/index.php\/wp-json\/wp\/v2\/media?parent=774542"}],"wp:term":[{"taxonomy":"product_brand","embeddable":true,"href":"https:\/\/roveyayinevi.com.tr\/index.php\/wp-json\/wp\/v2\/product_brand?post=774542"},{"taxonomy":"product_cat","embeddable":true,"href":"https:\/\/roveyayinevi.com.tr\/index.php\/wp-json\/wp\/v2\/product_cat?post=774542"},{"taxonomy":"product_tag","embeddable":true,"href":"https:\/\/roveyayinevi.com.tr\/index.php\/wp-json\/wp\/v2\/product_tag?post=774542"}],"curies":[{"name":"wp","href":"https:\/\/api.w.org\/{rel}","templated":true}]}}