{"id":774540,"date":"2025-08-30T10:26:16","date_gmt":"2025-08-30T07:26:16","guid":{"rendered":"https:\/\/roveyayinevi.com.tr\/index.php\/urun\/iste-gauguin-ciltli\/"},"modified":"2026-04-16T02:14:55","modified_gmt":"2026-04-15T23:14:55","slug":"iste-gauguin-ciltli","status":"publish","type":"product","link":"https:\/\/roveyayinevi.com.tr\/index.php\/urun\/iste-gauguin-ciltli\/","title":{"rendered":"\u0130\u015fte Gauguin (Ciltli)"},"content":{"rendered":"<p>Bacon, Caravaggio, C\u00e9zanne, Dal\u00ed, Gaudi, Gauguin, Goya, Kandinsky, Leonardo da Vinci, Magritte, Matisse, Monet, Pollock, Rembrandt, Van Gogh, Warhol, Frank Lloyd Wright. Farkl\u0131 \u00fclkelerden, farkl\u0131 ak\u0131mlardan, sanat d\u00fcnyas\u0131nda iz b\u0131rakm\u0131\u015f 17 sanat\u00e7\u0131. \u00d6d\u00fcll\u00fc \u00e7izerlerin kitaplara \u00f6zel \u00e7izdikleri ill\u00fcstrasyonlarla her biri kendi ba\u015f\u0131na da bir sanat eseri aday\u0131 olan 17 kitap. hep kitap \u201c\u0130\u015fte\u201d dizisiyle sanatseverleri keyifli bir yolculu\u011fa \u00e7\u0131kar\u0131yor. \u0130\u015fte Van Gogh ve \u0130\u015fte Warhol\u2019un ard\u0131ndan dizinin bu ayki kitaplar\u0131 \u0130\u015fte Leonardo da Vinci, \u0130\u015fte Gauguin ve \u0130\u015fte Dal\u00ed.Bir yazar, bir heykelt\u0131ra\u015f ve \u00f6zellikle renkleri kullan\u0131\u015f\u0131 ile \u00fcnlenen bir ressam, sembolizm ak\u0131m\u0131n\u0131n \u00f6nemli ismi. Bir ansiklopedi bilgisinden daha fazlas\u0131n\u0131, kendi deyimi ile ya\u015fam\u0131n daha derin gizemlerini sezip bulmak i\u00e7in varl\u0131klar\u0131n g\u00f6r\u00fcn\u00fc\u015f\u00fcn\u00fcn alt\u0131ndakileri g\u00f6rebilen bir hayalperest&#8230; Damarlar\u0131nda \u0130nkalar\u0131n ve G\u00fcney Pasifik Adalar\u0131 yerlilerinin kanlar\u0131n\u0131n akt\u0131\u011f\u0131n\u0131 iddia eden, i\u015fini ve ailesini b\u0131rak\u0131p sanat\u0131 u\u011fruna kendini s\u00fcrg\u00fcne mahk\u00fbm eden, Tahitililerin mistik d\u00fcnyas\u0131nda yer edinmeye \u00e7al\u0131\u015fan bir sanat\u00e7\u0131&#8230; Yak\u0131ndan tan\u0131d\u0131k\u00e7a daha fazla \u015fa\u015f\u0131raca\u011f\u0131n\u0131z bir ressam: \u0130\u015fte Gauguin.Sanat tarih\u00e7isi George Roddam\u2019\u0131n bilgi birikimi ile \u00f6d\u00fcll\u00fc \u00e7izer S\u0142awa Harasymowicz\u2019in bu kitaba \u00f6zel \u00e7izimleri birle\u015fiyor ve \u201cilkellik\u201d arzusuyla teselliyi sanatta arayan Gauguin\u2019in eserlerinin \u00fczerindeki s\u0131rlar birer birer ayd\u0131nlat\u0131l\u0131yor.<\/p>\n","protected":false},"excerpt":{"rendered":"<p>Bacon, Caravaggio, C\u00e9zanne, Dal\u00ed, Gaudi, Gauguin, Goya, Kandinsky, Leonardo da Vinci, Magritte, Matisse, Monet, Pollock, Rembrandt, Van Gogh, Warhol, Frank Lloyd Wright. Farkl\u0131 \u00fclkelerden, farkl\u0131 ak\u0131mlardan,<span class=\"excerpt-hellip\"> [\u2026]<\/span><\/p>\n","protected":false},"featured_media":0,"template":"","meta":{"_monsterinsights_skip_tracking":false,"_monsterinsights_sitenote_active":false,"_monsterinsights_sitenote_note":"","_monsterinsights_sitenote_category":0},"product_brand":[],"product_cat":[15733,12408],"product_tag":[],"class_list":{"0":"post-774540","1":"product","2":"type-product","3":"status-publish","5":"product_cat-resim","6":"product_cat-sanat","7":"pa_cilt-ciltli","8":"pa_tur-kitap","9":"pa_yayinevi-hep-kitap","10":"pa_yazar-george-roddam","12":"first","13":"instock","14":"sale","15":"shipping-taxable","16":"purchasable","17":"product-type-simple"},"_links":{"self":[{"href":"https:\/\/roveyayinevi.com.tr\/index.php\/wp-json\/wp\/v2\/product\/774540","targetHints":{"allow":["GET"]}}],"collection":[{"href":"https:\/\/roveyayinevi.com.tr\/index.php\/wp-json\/wp\/v2\/product"}],"about":[{"href":"https:\/\/roveyayinevi.com.tr\/index.php\/wp-json\/wp\/v2\/types\/product"}],"wp:attachment":[{"href":"https:\/\/roveyayinevi.com.tr\/index.php\/wp-json\/wp\/v2\/media?parent=774540"}],"wp:term":[{"taxonomy":"product_brand","embeddable":true,"href":"https:\/\/roveyayinevi.com.tr\/index.php\/wp-json\/wp\/v2\/product_brand?post=774540"},{"taxonomy":"product_cat","embeddable":true,"href":"https:\/\/roveyayinevi.com.tr\/index.php\/wp-json\/wp\/v2\/product_cat?post=774540"},{"taxonomy":"product_tag","embeddable":true,"href":"https:\/\/roveyayinevi.com.tr\/index.php\/wp-json\/wp\/v2\/product_tag?post=774540"}],"curies":[{"name":"wp","href":"https:\/\/api.w.org\/{rel}","templated":true}]}}