{"id":774529,"date":"2025-08-29T18:26:15","date_gmt":"2025-08-29T15:26:15","guid":{"rendered":"https:\/\/roveyayinevi.com.tr\/index.php\/urun\/anadolu-sifaciligi\/"},"modified":"2026-04-15T03:41:40","modified_gmt":"2026-04-15T00:41:40","slug":"anadolu-sifaciligi","status":"publish","type":"product","link":"https:\/\/roveyayinevi.com.tr\/index.php\/urun\/anadolu-sifaciligi\/","title":{"rendered":"Anadolu \u015eifac\u0131l\u0131\u011f\u0131"},"content":{"rendered":"<p>K\u00f6klendi\u011fin yerden \u015fifa bulursun. Belki de arad\u0131\u011f\u0131n, hep oradayd\u0131.   Son y\u0131llarda giderek artan psikolojik ve ruhsal sorunlar\u0131n temelinde, \u00e7o\u011fu zaman g\u00f6rmezden geldi\u011fimiz bir eksiklik yat\u0131yor: Maneviyat. Oysa \u015fifa, sand\u0131\u011f\u0131m\u0131zdan daha yak\u0131n\u0131m\u0131zda. Bizi b\u00fcy\u00fcten, yo\u011furan, yola \u00e7\u0131karan topra\u011f\u0131n kendisinde sakl\u0131. Bu kitap, Osmanl\u0131 \u015fifahanelerinden g\u00fcn\u00fcm\u00fcze uzanan, ancak zamanla unutulmaya y\u00fcz tutmu\u015f olan Anadolu\u2019nun kadim \u015fifa gelene\u011fini g\u00fcn y\u00fcz\u00fcne \u00e7\u0131kar\u0131yor. Do\u011fal ta\u015flardan t\u00fcts\u00fclere, dualardan esmalara uzanan bu geleneksel y\u00f6ntemlerle hem bedeninize hem ruhunuza iyi gelmenin yollar\u0131n\u0131 sunuyor.   Bu rehberde \u015funlar\u0131 bulacaks\u0131n\u0131z: * Nazar ve y\u0131ld\u0131z d\u00fc\u015f\u00fckl\u00fc\u011f\u00fc gibi enerjisel etkilerin hayat\u0131m\u0131za yans\u0131malar\u0131 * Ne yenmeli, neden uzak durulmal\u0131 ve her mizaca uygun beslenme \u00f6nerileri * Vesvese, evham ve i\u00e7 daralmas\u0131na kar\u015f\u0131 okunabilecek \u00f6zel dualar * Bur\u00e7lara \u00f6zel do\u011fal ta\u015flar, kokular ve esmalar * Negatif enerjiyi ar\u0131nd\u0131ran t\u00fcts\u00fcler ve kullan\u0131m bi\u00e7imleri * Kuran\u2019daki \u015fifa ayetlerinin ta\u015f\u0131d\u0131\u011f\u0131 derinlikli anlamlar     Ayr\u0131ca korku, afakan, b\u00fcy\u00fc ve musallat gibi karma\u015f\u0131k g\u00f6r\u00fcnen manevi sorunlarla nas\u0131l ba\u015fa \u00e7\u0131kabilece\u011fimizi bu topraklar\u0131n \u015fifac\u0131 gelene\u011fine kulak vererek birlikte ke\u015ffedece\u011fiz. \u015eifa ve rehber olmas\u0131 \u00fcmidiyle&#8230; <\/p>\n","protected":false},"excerpt":{"rendered":"<p>K\u00f6klendi\u011fin yerden \u015fifa bulursun. Belki de arad\u0131\u011f\u0131n, hep oradayd\u0131. Son y\u0131llarda giderek artan psikolojik ve ruhsal sorunlar\u0131n temelinde, \u00e7o\u011fu zaman g\u00f6rmezden geldi\u011fimiz bir eksiklik yat\u0131yor: Maneviyat.<span class=\"excerpt-hellip\"> [\u2026]<\/span><\/p>\n","protected":false},"featured_media":0,"template":"","meta":{"_monsterinsights_skip_tracking":false,"_monsterinsights_sitenote_active":false,"_monsterinsights_sitenote_note":"","_monsterinsights_sitenote_category":0},"product_brand":[],"product_cat":[12718,12719,15238],"product_tag":[],"class_list":{"0":"post-774529","1":"product","2":"type-product","3":"status-publish","5":"product_cat-din","6":"product_cat-islam","7":"product_cat-tasavvuf","8":"pa_cilt-ciltsiz","9":"pa_tur-kitap","10":"pa_yayinevi-destek-yayinlari","11":"pa_yazar-ramazan-tolga-yolyapan","13":"first","14":"instock","15":"sale","16":"shipping-taxable","17":"purchasable","18":"product-type-simple"},"_links":{"self":[{"href":"https:\/\/roveyayinevi.com.tr\/index.php\/wp-json\/wp\/v2\/product\/774529","targetHints":{"allow":["GET"]}}],"collection":[{"href":"https:\/\/roveyayinevi.com.tr\/index.php\/wp-json\/wp\/v2\/product"}],"about":[{"href":"https:\/\/roveyayinevi.com.tr\/index.php\/wp-json\/wp\/v2\/types\/product"}],"wp:attachment":[{"href":"https:\/\/roveyayinevi.com.tr\/index.php\/wp-json\/wp\/v2\/media?parent=774529"}],"wp:term":[{"taxonomy":"product_brand","embeddable":true,"href":"https:\/\/roveyayinevi.com.tr\/index.php\/wp-json\/wp\/v2\/product_brand?post=774529"},{"taxonomy":"product_cat","embeddable":true,"href":"https:\/\/roveyayinevi.com.tr\/index.php\/wp-json\/wp\/v2\/product_cat?post=774529"},{"taxonomy":"product_tag","embeddable":true,"href":"https:\/\/roveyayinevi.com.tr\/index.php\/wp-json\/wp\/v2\/product_tag?post=774529"}],"curies":[{"name":"wp","href":"https:\/\/api.w.org\/{rel}","templated":true}]}}