{"id":774526,"date":"2025-08-29T18:26:06","date_gmt":"2025-08-29T15:26:06","guid":{"rendered":"https:\/\/roveyayinevi.com.tr\/index.php\/urun\/zamanin-sessiz-ruhu-2\/"},"modified":"2026-04-15T03:41:40","modified_gmt":"2026-04-15T00:41:40","slug":"zamanin-sessiz-ruhu-2","status":"publish","type":"product","link":"https:\/\/roveyayinevi.com.tr\/index.php\/urun\/zamanin-sessiz-ruhu-2\/","title":{"rendered":"Zaman\u0131n Sessiz Ruhu"},"content":{"rendered":"<p>\u201cBu kitap, otomatik pilottan \u00e7\u0131k\u0131p ya\u015fam\u0131n \u00f6z\u00fcne varma \u00e7a\u011fr\u0131s\u0131d\u0131r.\u201d   K\u0131rm\u0131z\u0131 \u0131\u015f\u0131kta durdu\u011fumda oldu. Araban\u0131n i\u00e7inde, gecenin sessizli\u011finde&#8230; Aniden sars\u0131ld\u0131m. Uykuya dalarken d\u00fc\u015f\u00fcyormu\u015f gibi de\u011fil, ya\u015fam\u0131n ta kendisine \u00e7arpm\u0131\u015f gibiydim. O an, ger\u00e7ekten ya\u015fad\u0131\u011f\u0131m\u0131 hissettim. \u00c7o\u011fu insan otomatik pilottad\u0131r. Soluk al\u0131r ama fark etmez, y\u00fcr\u00fcr ama gitmez. Oysa fark\u0131ndal\u0131k, varl\u0131\u011f\u0131m\u0131z\u0131 b\u00fct\u00fcn h\u00fccrelerimizle duyumsamak; damarlar\u0131m\u0131zdaki kan\u0131 bir \u00e7a\u011flayan gibi hissetmektir. Diskodan eve d\u00f6nerken kar\u015f\u0131dan kar\u015f\u0131ya ge\u00e7en gen\u00e7 bir k\u0131z g\u00f6rd\u00fcm. O sakin bak\u0131\u015flar\u0131, belki de bir daha asla g\u00f6rmeyece\u011fim bir yabanc\u0131n\u0131n g\u00f6zlerinde yank\u0131land\u0131. Ard\u0131ndan gecenin i\u00e7inde s\u00fcz\u00fclen bir kedi&#8230; Ve sonra&#8230; Kendime \u00e7arpt\u0131m. Kendimle b\u00fct\u00fcnle\u015ftim. Bu kitap, o k\u0131rm\u0131z\u0131 \u0131\u015f\u0131kta ba\u015flayan i\u00e7sel bir uyan\u0131\u015f\u0131n hik\u00e2yesi. <\/p>\n","protected":false},"excerpt":{"rendered":"<p>\u201cBu kitap, otomatik pilottan \u00e7\u0131k\u0131p ya\u015fam\u0131n \u00f6z\u00fcne varma \u00e7a\u011fr\u0131s\u0131d\u0131r.\u201d K\u0131rm\u0131z\u0131 \u0131\u015f\u0131kta durdu\u011fumda oldu. Araban\u0131n i\u00e7inde, gecenin sessizli\u011finde&#8230; Aniden sars\u0131ld\u0131m. Uykuya dalarken d\u00fc\u015f\u00fcyormu\u015f gibi de\u011fil, ya\u015fam\u0131n ta<span class=\"excerpt-hellip\"> [\u2026]<\/span><\/p>\n","protected":false},"featured_media":0,"template":"","meta":{"_monsterinsights_skip_tracking":false,"_monsterinsights_sitenote_active":false,"_monsterinsights_sitenote_note":"","_monsterinsights_sitenote_category":0},"product_brand":[],"product_cat":[12777,12291],"product_tag":[],"class_list":{"0":"post-774526","1":"product","2":"type-product","3":"status-publish","5":"product_cat-deneme","6":"product_cat-edebiyat","7":"pa_cilt-ciltsiz","8":"pa_tur-kitap","9":"pa_yayinevi-destek-yayinlari","10":"pa_yazar-adil-yildirim","12":"first","13":"instock","14":"sale","15":"shipping-taxable","16":"purchasable","17":"product-type-simple"},"_links":{"self":[{"href":"https:\/\/roveyayinevi.com.tr\/index.php\/wp-json\/wp\/v2\/product\/774526","targetHints":{"allow":["GET"]}}],"collection":[{"href":"https:\/\/roveyayinevi.com.tr\/index.php\/wp-json\/wp\/v2\/product"}],"about":[{"href":"https:\/\/roveyayinevi.com.tr\/index.php\/wp-json\/wp\/v2\/types\/product"}],"wp:attachment":[{"href":"https:\/\/roveyayinevi.com.tr\/index.php\/wp-json\/wp\/v2\/media?parent=774526"}],"wp:term":[{"taxonomy":"product_brand","embeddable":true,"href":"https:\/\/roveyayinevi.com.tr\/index.php\/wp-json\/wp\/v2\/product_brand?post=774526"},{"taxonomy":"product_cat","embeddable":true,"href":"https:\/\/roveyayinevi.com.tr\/index.php\/wp-json\/wp\/v2\/product_cat?post=774526"},{"taxonomy":"product_tag","embeddable":true,"href":"https:\/\/roveyayinevi.com.tr\/index.php\/wp-json\/wp\/v2\/product_tag?post=774526"}],"curies":[{"name":"wp","href":"https:\/\/api.w.org\/{rel}","templated":true}]}}