{"id":774519,"date":"2025-08-29T01:42:53","date_gmt":"2025-08-28T22:42:53","guid":{"rendered":"https:\/\/roveyayinevi.com.tr\/index.php\/urun\/insan-kendinden-gecer\/"},"modified":"2026-04-15T03:41:46","modified_gmt":"2026-04-15T00:41:46","slug":"insan-kendinden-gecer","status":"publish","type":"product","link":"https:\/\/roveyayinevi.com.tr\/index.php\/urun\/insan-kendinden-gecer\/","title":{"rendered":"\u0130nsan Kendinden Ge\u00e7er"},"content":{"rendered":"<p>Kalbini sakla; \u00e7\u00fcnk\u00fc a\u015fik\u00e2r olan her \u015fey berbat olmu\u015ftur. Benli\u011fini ba\u015fkalar\u0131yla k\u0131yaslama, Her karakterin benli\u011findeki ayd\u0131nl\u0131\u011f\u0131n\u0131 g\u00f6stermesi Farkl\u0131 zamanlar al\u0131r. Unutma her \u015fey sende gizli.<\/p>\n","protected":false},"excerpt":{"rendered":"<p>Kalbini sakla; \u00e7\u00fcnk\u00fc a\u015fik\u00e2r olan her \u015fey berbat olmu\u015ftur. Benli\u011fini ba\u015fkalar\u0131yla k\u0131yaslama, Her karakterin benli\u011findeki ayd\u0131nl\u0131\u011f\u0131n\u0131 g\u00f6stermesi Farkl\u0131 zamanlar al\u0131r. Unutma her \u015fey sende gizli.<\/p>\n","protected":false},"featured_media":0,"template":"","meta":{"_monsterinsights_skip_tracking":false,"_monsterinsights_sitenote_active":false,"_monsterinsights_sitenote_note":"","_monsterinsights_sitenote_category":0},"product_brand":[],"product_cat":[12777,12291],"product_tag":[],"class_list":{"0":"post-774519","1":"product","2":"type-product","3":"status-publish","5":"product_cat-deneme","6":"product_cat-edebiyat","7":"pa_cilt-ciltsiz","8":"pa_tur-kitap","9":"pa_yayinevi-kuytu-yayinlari","10":"pa_yazar-sema-kutlu","12":"first","13":"instock","14":"sale","15":"shipping-taxable","16":"purchasable","17":"product-type-simple"},"_links":{"self":[{"href":"https:\/\/roveyayinevi.com.tr\/index.php\/wp-json\/wp\/v2\/product\/774519","targetHints":{"allow":["GET"]}}],"collection":[{"href":"https:\/\/roveyayinevi.com.tr\/index.php\/wp-json\/wp\/v2\/product"}],"about":[{"href":"https:\/\/roveyayinevi.com.tr\/index.php\/wp-json\/wp\/v2\/types\/product"}],"wp:attachment":[{"href":"https:\/\/roveyayinevi.com.tr\/index.php\/wp-json\/wp\/v2\/media?parent=774519"}],"wp:term":[{"taxonomy":"product_brand","embeddable":true,"href":"https:\/\/roveyayinevi.com.tr\/index.php\/wp-json\/wp\/v2\/product_brand?post=774519"},{"taxonomy":"product_cat","embeddable":true,"href":"https:\/\/roveyayinevi.com.tr\/index.php\/wp-json\/wp\/v2\/product_cat?post=774519"},{"taxonomy":"product_tag","embeddable":true,"href":"https:\/\/roveyayinevi.com.tr\/index.php\/wp-json\/wp\/v2\/product_tag?post=774519"}],"curies":[{"name":"wp","href":"https:\/\/api.w.org\/{rel}","templated":true}]}}