{"id":774514,"date":"2025-08-29T01:42:43","date_gmt":"2025-08-28T22:42:43","guid":{"rendered":"https:\/\/roveyayinevi.com.tr\/index.php\/urun\/firtina-yaklasirken\/"},"modified":"2026-04-15T03:41:44","modified_gmt":"2026-04-15T00:41:44","slug":"firtina-yaklasirken","status":"publish","type":"product","link":"https:\/\/roveyayinevi.com.tr\/index.php\/urun\/firtina-yaklasirken\/","title":{"rendered":"F\u0131rt\u0131na Yakla\u015f\u0131rken"},"content":{"rendered":"<p>\u201cCesaret, diren\u00e7 ve ola\u011fan\u00fcst\u00fc hayvanlarla dolu,  muhte\u015fem bir hik\u00e2ye.\u201d Emma Carroll Eyl\u00fcl 1939. Britanya sava\u015f\u0131n e\u015fi\u011finde\u2026 Noah Price\u2019\u0131n babas\u0131 cepheye gitmeden \u00f6nce o\u011flundan tek bir \u015fey ister: Ne olursa olsun, k\u00f6pekleri Winn\u2019i koruyaca\u011f\u0131na s\u00f6z vermelidir. Noah bu s\u00f6z\u00fc tutmaya kararl\u0131d\u0131r. Ancak h\u00fck\u00fbmetin sava\u015f haz\u0131rl\u0131klar\u0131 kapsam\u0131nda halktan evcil hayvanlar\u0131n\u0131 uyutmalar\u0131n\u0131 istemesi, kimsenin beklemedi\u011fi bir geli\u015fmedir. Veteriner kliniklerinin \u00f6n\u00fcnde uzay\u0131p giden kuyruklar, g\u00f6zya\u015flar\u0131 i\u00e7inde t\u00fcyl\u00fc dostlar\u0131na veda eden \u00e7ocuklar\u2026 Fakat Noah, ak\u0131ll\u0131 ve g\u00f6z\u00fc kara bir \u00e7ocuktur. Ona s\u00f6yleneni yapmaya hi\u00e7 niyeti yoktur. Yan\u0131na iki arkada\u015f\u0131n\u0131 da alarak bir ant i\u00e7er: Ka\u00e7acak ve ne pahas\u0131na olursa olsun m\u00fcmk\u00fcn oldu\u011funca \u00e7ok hayvan\u0131 kurtaracakt\u0131r. B\u00f6ylece babas\u0131n\u0131n teknesiyle ve farkl\u0131 hayvanlarla yola \u00e7\u0131kan Noah i\u00e7in unutulmaz bir macera ba\u015flar. Peki Noah, hayvanlar\u0131 ger\u00e7ekten kurtar\u0131p onlar\u0131 \u00f6zg\u00fcrce ya\u015fayabilecekleri tek yere g\u00f6t\u00fcrebilecek midir?  \u201dPhil Earle bir kez daha zirvede.\u201d The Times <\/p>\n","protected":false},"excerpt":{"rendered":"<p>\u201cCesaret, diren\u00e7 ve ola\u011fan\u00fcst\u00fc hayvanlarla dolu, muhte\u015fem bir hik\u00e2ye.\u201d Emma Carroll Eyl\u00fcl 1939. Britanya sava\u015f\u0131n e\u015fi\u011finde\u2026 Noah Price\u2019\u0131n babas\u0131 cepheye gitmeden \u00f6nce o\u011flundan tek bir \u015fey<span class=\"excerpt-hellip\"> [\u2026]<\/span><\/p>\n","protected":false},"featured_media":0,"template":"","meta":{"_monsterinsights_skip_tracking":false,"_monsterinsights_sitenote_active":false,"_monsterinsights_sitenote_note":"","_monsterinsights_sitenote_category":0},"product_brand":[],"product_cat":[12291,12711],"product_tag":[],"class_list":{"0":"post-774514","1":"product","2":"type-product","3":"status-publish","5":"product_cat-edebiyat","6":"product_cat-roman-oyku","7":"pa_cilt-ciltsiz","8":"pa_tur-kitap","9":"pa_yayinevi-yediveren-yayinlari","10":"pa_yazar-phil-earle","12":"first","13":"instock","14":"sale","15":"shipping-taxable","16":"purchasable","17":"product-type-simple"},"_links":{"self":[{"href":"https:\/\/roveyayinevi.com.tr\/index.php\/wp-json\/wp\/v2\/product\/774514","targetHints":{"allow":["GET"]}}],"collection":[{"href":"https:\/\/roveyayinevi.com.tr\/index.php\/wp-json\/wp\/v2\/product"}],"about":[{"href":"https:\/\/roveyayinevi.com.tr\/index.php\/wp-json\/wp\/v2\/types\/product"}],"wp:attachment":[{"href":"https:\/\/roveyayinevi.com.tr\/index.php\/wp-json\/wp\/v2\/media?parent=774514"}],"wp:term":[{"taxonomy":"product_brand","embeddable":true,"href":"https:\/\/roveyayinevi.com.tr\/index.php\/wp-json\/wp\/v2\/product_brand?post=774514"},{"taxonomy":"product_cat","embeddable":true,"href":"https:\/\/roveyayinevi.com.tr\/index.php\/wp-json\/wp\/v2\/product_cat?post=774514"},{"taxonomy":"product_tag","embeddable":true,"href":"https:\/\/roveyayinevi.com.tr\/index.php\/wp-json\/wp\/v2\/product_tag?post=774514"}],"curies":[{"name":"wp","href":"https:\/\/api.w.org\/{rel}","templated":true}]}}