{"id":774508,"date":"2025-08-29T01:42:31","date_gmt":"2025-08-28T22:42:31","guid":{"rendered":"https:\/\/roveyayinevi.com.tr\/index.php\/urun\/kod\/"},"modified":"2026-04-12T03:31:54","modified_gmt":"2026-04-12T00:31:54","slug":"kod","status":"publish","type":"product","link":"https:\/\/roveyayinevi.com.tr\/index.php\/urun\/kod\/","title":{"rendered":"Kod"},"content":{"rendered":"<p>KOD, i\u00e7sel y\u0131k\u0131mlar\u0131n ard\u0131ndan gelen uyan\u0131\u015flar\u0131n, zihinsel temizliklerin ve yeni bir benlik haritas\u0131n\u0131n sat\u0131r sat\u0131r yaz\u0131ld\u0131\u011f\u0131 bir yolculuktur. Her b\u00f6l\u00fcm; ya\u015fanm\u0131\u015f, hissedilmi\u015f ve d\u00f6n\u00fc\u015ft\u00fcr\u00fclm\u00fc\u015f ger\u00e7eklerdir ve i\u00e7 sesinizi yeniden duyman\u0131z i\u00e7in yap\u0131lan bir \u00e7a\u011fr\u0131d\u0131r. E\u011fer bu sat\u0131rlar y\u00fcre\u011finize dokunduysa bilin ki yaln\u0131z de\u011filsiniz. KOD, ba\u015fkalar\u0131n\u0131n inan\u00e7lar\u0131ndan \u00f6zg\u00fcrle\u015fip, kendi hayat\u0131n\u0131za y\u00fcr\u00fcyebilmeniz i\u00e7in yaz\u0131ld\u0131. Art\u0131k sadece ba\u015fkalar\u0131n\u0131n sesiyle de\u011fil, kendi i\u00e7 sesinizle ya\u015famaya haz\u0131rsan\u0131z haydi ba\u015flayal\u0131m. KOD \u00e7\u00f6z\u00fcls\u00fcn. Siz g\u00f6r\u00fcn. Siz se\u00e7in. Siz olun. \u00c7\u00fcnk\u00fc siz ba\u015fkalar\u0131n\u0131n hayat\u0131n\u0131 ta\u015f\u0131mak i\u00e7in de\u011fil, bir g\u00fcn kendi ger\u00e7e\u011finizi hat\u0131rlay\u0131p, ona geri d\u00f6nebilmek i\u00e7in geldiniz. <\/p>\n","protected":false},"excerpt":{"rendered":"<p>KOD, i\u00e7sel y\u0131k\u0131mlar\u0131n ard\u0131ndan gelen uyan\u0131\u015flar\u0131n, zihinsel temizliklerin ve yeni bir benlik haritas\u0131n\u0131n sat\u0131r sat\u0131r yaz\u0131ld\u0131\u011f\u0131 bir yolculuktur. Her b\u00f6l\u00fcm; ya\u015fanm\u0131\u015f, hissedilmi\u015f ve d\u00f6n\u00fc\u015ft\u00fcr\u00fclm\u00fc\u015f ger\u00e7eklerdir ve<span class=\"excerpt-hellip\"> [\u2026]<\/span><\/p>\n","protected":false},"featured_media":0,"template":"","meta":{"_monsterinsights_skip_tracking":false,"_monsterinsights_sitenote_active":false,"_monsterinsights_sitenote_note":"","_monsterinsights_sitenote_category":0},"product_brand":[],"product_cat":[12364,12376],"product_tag":[],"class_list":{"0":"post-774508","1":"product","2":"type-product","3":"status-publish","5":"product_cat-genel-konular","6":"product_cat-kisisel-gelisim","7":"pa_cilt-ciltsiz","8":"pa_tur-kitap","9":"pa_yayinevi-gulnar-yayinlari","10":"pa_yazar-kevser-sencan","12":"first","13":"instock","14":"sale","15":"shipping-taxable","16":"purchasable","17":"product-type-simple"},"_links":{"self":[{"href":"https:\/\/roveyayinevi.com.tr\/index.php\/wp-json\/wp\/v2\/product\/774508","targetHints":{"allow":["GET"]}}],"collection":[{"href":"https:\/\/roveyayinevi.com.tr\/index.php\/wp-json\/wp\/v2\/product"}],"about":[{"href":"https:\/\/roveyayinevi.com.tr\/index.php\/wp-json\/wp\/v2\/types\/product"}],"wp:attachment":[{"href":"https:\/\/roveyayinevi.com.tr\/index.php\/wp-json\/wp\/v2\/media?parent=774508"}],"wp:term":[{"taxonomy":"product_brand","embeddable":true,"href":"https:\/\/roveyayinevi.com.tr\/index.php\/wp-json\/wp\/v2\/product_brand?post=774508"},{"taxonomy":"product_cat","embeddable":true,"href":"https:\/\/roveyayinevi.com.tr\/index.php\/wp-json\/wp\/v2\/product_cat?post=774508"},{"taxonomy":"product_tag","embeddable":true,"href":"https:\/\/roveyayinevi.com.tr\/index.php\/wp-json\/wp\/v2\/product_tag?post=774508"}],"curies":[{"name":"wp","href":"https:\/\/api.w.org\/{rel}","templated":true}]}}