{"id":774503,"date":"2025-08-29T01:42:14","date_gmt":"2025-08-28T22:42:14","guid":{"rendered":"https:\/\/roveyayinevi.com.tr\/index.php\/urun\/kendine-ait-bir-oda-12\/"},"modified":"2026-04-15T03:41:41","modified_gmt":"2026-04-15T00:41:41","slug":"kendine-ait-bir-oda-12","status":"publish","type":"product","link":"https:\/\/roveyayinevi.com.tr\/index.php\/urun\/kendine-ait-bir-oda-12\/","title":{"rendered":"Kendine Ait Bir Oda"},"content":{"rendered":"<p>\u201cEntelekt\u00fcel \u00f6zg\u00fcrl\u00fck maddiyata ba\u011fl\u0131d\u0131r. \u015eiir ise entelekt\u00fcel \u00f6zg\u00fcrl\u00fc\u011fe ba\u011fl\u0131d\u0131r. Ve kad\u0131nlar hep yoksul olmu\u015flard\u0131r; yaln\u0131zca son iki y\u00fczy\u0131ld\u0131r de\u011fil, ezelden beridir.\u201d   Edebiyat sadece yetenekle de\u011fil; zamanla, alanla ve ekonomik g\u00fcvenceyle de ilgilidir. Kendine Ait Bir Oda, t\u00fcm bu olanaklardan mahrum b\u0131rak\u0131lm\u0131\u015f kad\u0131nlar\u0131n sesi, tarihi ve gelece\u011fe d\u00f6n\u00fck \u00e7a\u011fr\u0131s\u0131d\u0131r. Virginia Woolf, \u00e7arp\u0131c\u0131 bir g\u00f6zlem ve zarif bir \u00fcslupla kad\u0131n\u0131n yok say\u0131lan yarat\u0131c\u0131 g\u00fcc\u00fcn\u00fc g\u00fcn y\u00fcz\u00fcne \u00e7\u0131kar\u0131yor. <\/p>\n","protected":false},"excerpt":{"rendered":"<p>\u201cEntelekt\u00fcel \u00f6zg\u00fcrl\u00fck maddiyata ba\u011fl\u0131d\u0131r. \u015eiir ise entelekt\u00fcel \u00f6zg\u00fcrl\u00fc\u011fe ba\u011fl\u0131d\u0131r. Ve kad\u0131nlar hep yoksul olmu\u015flard\u0131r; yaln\u0131zca son iki y\u00fczy\u0131ld\u0131r de\u011fil, ezelden beridir.\u201d Edebiyat sadece yetenekle de\u011fil; zamanla,<span class=\"excerpt-hellip\"> [\u2026]<\/span><\/p>\n","protected":false},"featured_media":0,"template":"","meta":{"_monsterinsights_skip_tracking":false,"_monsterinsights_sitenote_active":false,"_monsterinsights_sitenote_note":"","_monsterinsights_sitenote_category":0},"product_brand":[],"product_cat":[12777,12291],"product_tag":[],"class_list":{"0":"post-774503","1":"product","2":"type-product","3":"status-publish","5":"product_cat-deneme","6":"product_cat-edebiyat","7":"pa_cilt-ciltsiz","8":"pa_tur-kitap","9":"pa_yayinevi-dogan-kitap","10":"pa_yazar-virginia-woolf","12":"first","13":"instock","14":"sale","15":"shipping-taxable","16":"purchasable","17":"product-type-simple"},"_links":{"self":[{"href":"https:\/\/roveyayinevi.com.tr\/index.php\/wp-json\/wp\/v2\/product\/774503","targetHints":{"allow":["GET"]}}],"collection":[{"href":"https:\/\/roveyayinevi.com.tr\/index.php\/wp-json\/wp\/v2\/product"}],"about":[{"href":"https:\/\/roveyayinevi.com.tr\/index.php\/wp-json\/wp\/v2\/types\/product"}],"wp:attachment":[{"href":"https:\/\/roveyayinevi.com.tr\/index.php\/wp-json\/wp\/v2\/media?parent=774503"}],"wp:term":[{"taxonomy":"product_brand","embeddable":true,"href":"https:\/\/roveyayinevi.com.tr\/index.php\/wp-json\/wp\/v2\/product_brand?post=774503"},{"taxonomy":"product_cat","embeddable":true,"href":"https:\/\/roveyayinevi.com.tr\/index.php\/wp-json\/wp\/v2\/product_cat?post=774503"},{"taxonomy":"product_tag","embeddable":true,"href":"https:\/\/roveyayinevi.com.tr\/index.php\/wp-json\/wp\/v2\/product_tag?post=774503"}],"curies":[{"name":"wp","href":"https:\/\/api.w.org\/{rel}","templated":true}]}}