{"id":774498,"date":"2025-08-29T01:42:06","date_gmt":"2025-08-28T22:42:06","guid":{"rendered":"https:\/\/roveyayinevi.com.tr\/index.php\/urun\/3-muzip-matrak-masal\/"},"modified":"2026-04-15T03:41:41","modified_gmt":"2026-04-15T00:41:41","slug":"3-muzip-matrak-masal","status":"publish","type":"product","link":"https:\/\/roveyayinevi.com.tr\/index.php\/urun\/3-muzip-matrak-masal\/","title":{"rendered":"3 Muzip Matrak Masal"},"content":{"rendered":"<p>Booker \u00f6d\u00fcll\u00fcMargaret Atwood\u2019un, kelime oyunlar\u0131yla dokudu\u011fu bu \u00fc\u00e7 s\u0131rad\u0131\u015f\u0131 masal\u0131, usta yazar Fatih Erdo\u011fan\u2019\u0131n \u00e7evirisiyle T\u00fcrk\u00e7ede.   Her biri farkl\u0131 bir harfi oda\u011f\u0131na alan bu \u00fc\u00e7 masal sizi hik\u00e2ye anlat\u0131c\u0131l\u0131\u011f\u0131n\u0131n s\u0131n\u0131rlar\u0131n\u0131 ke\u015ffetmeye davet ediyor. Kafiye, mizah ve yarat\u0131c\u0131l\u0131\u011f\u0131n el ele oldu\u011fu bu masallarda olaylar kimi zaman bir mutfakta ba\u015fl\u0131yor, kimi zaman bir \u00e7ama\u015f\u0131rhanede\u2026 K\u0131z\u0131l K\u00e2k\u00fcl ve korkun\u00e7 kuzenleri, Bahts\u0131z Bebek ve Bezgin Begonya, Solgun Simal\u0131 Sahipsiz ve Sincab\u0131ms\u0131, sizi harflerle dolu bir d\u00fcnyada yolculu\u011fa \u00e7\u0131kar\u0131yor. E\u015fine az rastlan\u0131r bir teknikle yaz\u0131lm\u0131\u015f ve titizlikle T\u00fcrk\u00e7ele\u015ftirilmi\u015f bu kitap her ya\u015ftan okura keyifli bir okuma deneyimi sunuyor. 3 Muzip Matrak Masal y\u00fcksek sesle okundu\u011funda \u00e7ocuklar\u0131n dil geli\u015fimlerini destekleyip kelime da\u011farc\u0131klar\u0131n\u0131 zenginle\u015ftirirken yeti\u015fkin okurlar\u0131n da edebiyat\u0131n s\u0131n\u0131rlar\u0131n\u0131 ke\u015ffetmelerini sa\u011flayacak. <\/p>\n","protected":false},"excerpt":{"rendered":"<p>Booker \u00f6d\u00fcll\u00fcMargaret Atwood\u2019un, kelime oyunlar\u0131yla dokudu\u011fu bu \u00fc\u00e7 s\u0131rad\u0131\u015f\u0131 masal\u0131, usta yazar Fatih Erdo\u011fan\u2019\u0131n \u00e7evirisiyle T\u00fcrk\u00e7ede. Her biri farkl\u0131 bir harfi oda\u011f\u0131na alan bu \u00fc\u00e7 masal<span class=\"excerpt-hellip\"> [\u2026]<\/span><\/p>\n","protected":false},"featured_media":0,"template":"","meta":{"_monsterinsights_skip_tracking":false,"_monsterinsights_sitenote_active":false,"_monsterinsights_sitenote_note":"","_monsterinsights_sitenote_category":0},"product_brand":[],"product_cat":[12274,12284],"product_tag":[],"class_list":{"0":"post-774498","1":"product","2":"type-product","3":"status-publish","5":"product_cat-cocuk-ve-genclik-kitaplari","6":"product_cat-hikayeler","7":"pa_cilt-ciltsiz","8":"pa_tur-kitap","9":"pa_yayinevi-dogan-cocuk","10":"pa_yazar-margaret-atwood","12":"first","13":"instock","14":"sale","15":"shipping-taxable","16":"purchasable","17":"product-type-simple"},"_links":{"self":[{"href":"https:\/\/roveyayinevi.com.tr\/index.php\/wp-json\/wp\/v2\/product\/774498","targetHints":{"allow":["GET"]}}],"collection":[{"href":"https:\/\/roveyayinevi.com.tr\/index.php\/wp-json\/wp\/v2\/product"}],"about":[{"href":"https:\/\/roveyayinevi.com.tr\/index.php\/wp-json\/wp\/v2\/types\/product"}],"wp:attachment":[{"href":"https:\/\/roveyayinevi.com.tr\/index.php\/wp-json\/wp\/v2\/media?parent=774498"}],"wp:term":[{"taxonomy":"product_brand","embeddable":true,"href":"https:\/\/roveyayinevi.com.tr\/index.php\/wp-json\/wp\/v2\/product_brand?post=774498"},{"taxonomy":"product_cat","embeddable":true,"href":"https:\/\/roveyayinevi.com.tr\/index.php\/wp-json\/wp\/v2\/product_cat?post=774498"},{"taxonomy":"product_tag","embeddable":true,"href":"https:\/\/roveyayinevi.com.tr\/index.php\/wp-json\/wp\/v2\/product_tag?post=774498"}],"curies":[{"name":"wp","href":"https:\/\/api.w.org\/{rel}","templated":true}]}}