{"id":774488,"date":"2025-08-29T01:39:14","date_gmt":"2025-08-28T22:39:14","guid":{"rendered":"https:\/\/roveyayinevi.com.tr\/index.php\/urun\/ruzgarin-fisiltisi\/"},"modified":"2026-04-15T03:39:58","modified_gmt":"2026-04-15T00:39:58","slug":"ruzgarin-fisiltisi","status":"publish","type":"product","link":"https:\/\/roveyayinevi.com.tr\/index.php\/urun\/ruzgarin-fisiltisi\/","title":{"rendered":"R\u00fczgar\u0131n F\u0131s\u0131lt\u0131s\u0131"},"content":{"rendered":"<p>1978 y\u0131l\u0131nda Zonguldak&#8217;\u0131n Alapl\u0131 il\u00e7esinde do\u011fmu\u015fum. \u0130lk ve orta\u00f6\u011frenimimi Alapl\u0131 il\u00e7esinde, liseyi Kdz Ere\u011fli il\u00e7esinde tamamlad\u0131m. 2000 y\u0131l\u0131nda Afyon Kocatepe \u00dcniversitesi MYO Muhasebe b\u00f6l\u00fcm\u00fcnden mezun oldum. \u00d6nlisans \u00f6\u011frenimimi Anadolu \u00dcniversitesi \u0130\u015fletme fak\u00fcltesi \u0130\u015fletme b\u00f6l\u00fcm\u00fcne tamamlad\u0131m. Anadolu \u00dcniversitesi A\u00e7\u0131k\u00f6\u011fretim Fak\u00fcltesi Sosyoloji (lisans) b\u00f6l\u00fcm\u00fcnde e\u011fitim hayat\u0131na devam etmekteyim. Al\u0131nan e\u011fitimle \u00e7al\u0131\u015fma hayat\u0131n\u0131n uyu\u015fmad\u0131\u011f\u0131 \u00fclke \u015fartlar\u0131nda makus talihine yenilen bir birey olarak y\u0131llarca \u00f6zel sekt\u00f6rde (\u00e7elik sekt\u00f6r\u00fc) Gemi \u0130n\u015faa tersanelerinde Airless Boya uygulay\u0131c\u0131s\u0131 olarak \u00e7al\u0131\u015ft\u0131m. Lise y\u0131llar\u0131nda yazmaya ba\u015flad\u0131\u011f\u0131m \u015fiirlere sosyal ve ekonomik ya\u015fam \u015fartlar\u0131 nedeniyle y\u0131llarca ara vermek durumunda kald\u0131m. Y\u0131llar sonra i\u00e7imdeki yazma ate\u015fi yeniden alevlendi ve ilk kitab\u0131mla huzurlar\u0131n\u0131zday\u0131m takdirleriniz yaz\u0131m a\u015famas\u0131nda olan G\u00f6n\u00fcl Co\u011frafyas\u0131 R\u00fczgar\u0131n F\u0131s\u0131lt\u0131s\u0131 isimli roman\u0131ma referans olacakt\u0131r. kusurlar\u0131m affola&#8230; Sevgi ve sayg\u0131lar\u0131mla&#8230;  <\/p>\n","protected":false},"excerpt":{"rendered":"<p>1978 y\u0131l\u0131nda Zonguldak&#8217;\u0131n Alapl\u0131 il\u00e7esinde do\u011fmu\u015fum. \u0130lk ve orta\u00f6\u011frenimimi Alapl\u0131 il\u00e7esinde, liseyi Kdz Ere\u011fli il\u00e7esinde tamamlad\u0131m. 2000 y\u0131l\u0131nda Afyon Kocatepe \u00dcniversitesi MYO Muhasebe b\u00f6l\u00fcm\u00fcnden mezun oldum.<span class=\"excerpt-hellip\"> [\u2026]<\/span><\/p>\n","protected":false},"featured_media":0,"template":"","meta":{"_monsterinsights_skip_tracking":false,"_monsterinsights_sitenote_active":false,"_monsterinsights_sitenote_note":"","_monsterinsights_sitenote_category":0},"product_brand":[],"product_cat":[12291,12509],"product_tag":[],"class_list":{"0":"post-774488","1":"product","2":"type-product","3":"status-publish","5":"product_cat-edebiyat","6":"product_cat-siir","7":"pa_cilt-ciltsiz","8":"pa_tur-kitap","9":"pa_yayinevi-gulnar-yayinlari","10":"pa_yazar-mustafa-yildiz","12":"first","13":"instock","14":"sale","15":"shipping-taxable","16":"purchasable","17":"product-type-simple"},"_links":{"self":[{"href":"https:\/\/roveyayinevi.com.tr\/index.php\/wp-json\/wp\/v2\/product\/774488","targetHints":{"allow":["GET"]}}],"collection":[{"href":"https:\/\/roveyayinevi.com.tr\/index.php\/wp-json\/wp\/v2\/product"}],"about":[{"href":"https:\/\/roveyayinevi.com.tr\/index.php\/wp-json\/wp\/v2\/types\/product"}],"wp:attachment":[{"href":"https:\/\/roveyayinevi.com.tr\/index.php\/wp-json\/wp\/v2\/media?parent=774488"}],"wp:term":[{"taxonomy":"product_brand","embeddable":true,"href":"https:\/\/roveyayinevi.com.tr\/index.php\/wp-json\/wp\/v2\/product_brand?post=774488"},{"taxonomy":"product_cat","embeddable":true,"href":"https:\/\/roveyayinevi.com.tr\/index.php\/wp-json\/wp\/v2\/product_cat?post=774488"},{"taxonomy":"product_tag","embeddable":true,"href":"https:\/\/roveyayinevi.com.tr\/index.php\/wp-json\/wp\/v2\/product_tag?post=774488"}],"curies":[{"name":"wp","href":"https:\/\/api.w.org\/{rel}","templated":true}]}}