{"id":774487,"date":"2025-08-29T01:39:11","date_gmt":"2025-08-28T22:39:11","guid":{"rendered":"https:\/\/roveyayinevi.com.tr\/index.php\/urun\/gecekondu-muslumanlik\/"},"modified":"2026-04-15T03:39:58","modified_gmt":"2026-04-15T00:39:58","slug":"gecekondu-muslumanlik","status":"publish","type":"product","link":"https:\/\/roveyayinevi.com.tr\/index.php\/urun\/gecekondu-muslumanlik\/","title":{"rendered":"Gecekondu M\u00fcsl\u00fcmanl\u0131k"},"content":{"rendered":"<p>Muvahid\u2019in  hamurunda toprak vard\u0131. O toprak ba\u015f tac\u0131 edildi bir insan olarak. Ayaklar\u0131m\u0131z\u0131n alt\u0131ndaki toprak\u2026 Fakat\u2026 Fakat o topra\u011fa \u201cnefis\u201d  k\u0131vam verdi. Kiminde i\u011fren\u00e7 bir h\u00e2l ald\u0131, kiminde \u00e7ok ho\u015f bir rayiha! \u00d6yledir \u201cnefs-i emmare!\u201d  Ayn\u0131 nefis Habil\u2019e farkl\u0131 bir lezzet verdi, Kabil\u2019e ayr\u0131. Nemrut\u2019a ayr\u0131 Firavun\u2019a ayr\u0131. Ebu Cehil\u2019e ayr\u0131 \u00d6mer \u0130bn Hattab\u2019a ayr\u0131. \u00d6mer diyoruz ya, s\u0131radan bir \u00d6mer de\u011fil. Rayihalar\u0131 farkl\u0131 olsun diye dua etmi\u015fti iki \u00d6mer\u2019e rasulullah: \u201cYa Rabbi iki \u00d6mer\u2019den biriyle bu dini kuvvetlendir\/ Bu dine farkl\u0131 bir rayiha ver\u201d amin. Ebu Cehil -Amr (\u00d6mer) b. Hi\u015fam- yana\u015fmad\u0131 o mayaya. Ceh\u00e2letin babas\u0131 olmaya raz\u0131 idi do\u011frusu.  Ebu Cehil olarak kald\u0131. \u00d6mer \u0130bn Hattab da yana\u015fmad\u0131. Ama ne olduysa oldu, birden eline bula\u015ft\u0131 o koku. Burnuna ula\u015ft\u0131, g\u00f6z\u00fcne ve nih\u00e2yet g\u00f6nl\u00fcne ula\u015ft\u0131 o rayiha. Nedir bu koku, dedi. Hemen bana getirin o pis kokuyu! Pis mi? Pis! Demedi hi\u00e7 kimse, bu bir mayad\u0131r. Ani bir refleksle \u00e7ekilmesin diye. Kokuya yakla\u015ft\u0131, yakla\u015ft\u0131 ve nih\u00e2yet maya tuttu. Hem de koskoca bir maya. Belki de Nasrettin Hoca g\u00f6l\u00fc mayalarken bunu s\u00f6ylemek istedi de biz anlamad\u0131k. Maya tuttu Nasretin Hoca. \u00d6mer de mayanland\u0131, Ebubekir de, Osman da, Ali de. Allah onlardan raz\u0131 olsun. S\u0131rada daha niceleri var. Daha nice ta\u015f kalpliler var. Daha nice k\u00f6rler var. Daha nice necisler var. <\/p>\n","protected":false},"excerpt":{"rendered":"<p>Muvahid\u2019in hamurunda toprak vard\u0131. O toprak ba\u015f tac\u0131 edildi bir insan olarak. Ayaklar\u0131m\u0131z\u0131n alt\u0131ndaki toprak\u2026 Fakat\u2026 Fakat o topra\u011fa \u201cnefis\u201d k\u0131vam verdi. Kiminde i\u011fren\u00e7 bir h\u00e2l<span class=\"excerpt-hellip\"> [\u2026]<\/span><\/p>\n","protected":false},"featured_media":0,"template":"","meta":{"_monsterinsights_skip_tracking":false,"_monsterinsights_sitenote_active":false,"_monsterinsights_sitenote_note":"","_monsterinsights_sitenote_category":0},"product_brand":[],"product_cat":[12291,12711],"product_tag":[],"class_list":{"0":"post-774487","1":"product","2":"type-product","3":"status-publish","5":"product_cat-edebiyat","6":"product_cat-roman-oyku","7":"pa_cilt-ciltsiz","8":"pa_tur-kitap","9":"pa_yayinevi-gulnar-yayinlari","10":"pa_yazar-akif-menges","12":"first","13":"instock","14":"sale","15":"shipping-taxable","16":"purchasable","17":"product-type-simple"},"_links":{"self":[{"href":"https:\/\/roveyayinevi.com.tr\/index.php\/wp-json\/wp\/v2\/product\/774487","targetHints":{"allow":["GET"]}}],"collection":[{"href":"https:\/\/roveyayinevi.com.tr\/index.php\/wp-json\/wp\/v2\/product"}],"about":[{"href":"https:\/\/roveyayinevi.com.tr\/index.php\/wp-json\/wp\/v2\/types\/product"}],"wp:attachment":[{"href":"https:\/\/roveyayinevi.com.tr\/index.php\/wp-json\/wp\/v2\/media?parent=774487"}],"wp:term":[{"taxonomy":"product_brand","embeddable":true,"href":"https:\/\/roveyayinevi.com.tr\/index.php\/wp-json\/wp\/v2\/product_brand?post=774487"},{"taxonomy":"product_cat","embeddable":true,"href":"https:\/\/roveyayinevi.com.tr\/index.php\/wp-json\/wp\/v2\/product_cat?post=774487"},{"taxonomy":"product_tag","embeddable":true,"href":"https:\/\/roveyayinevi.com.tr\/index.php\/wp-json\/wp\/v2\/product_tag?post=774487"}],"curies":[{"name":"wp","href":"https:\/\/api.w.org\/{rel}","templated":true}]}}