{"id":774483,"date":"2025-08-29T01:38:14","date_gmt":"2025-08-28T22:38:14","guid":{"rendered":"https:\/\/roveyayinevi.com.tr\/index.php\/urun\/degerlere-saygi\/"},"modified":"2026-04-15T03:39:55","modified_gmt":"2026-04-15T00:39:55","slug":"degerlere-saygi","status":"publish","type":"product","link":"https:\/\/roveyayinevi.com.tr\/index.php\/urun\/degerlere-saygi\/","title":{"rendered":"De\u011ferlere Sayg\u0131"},"content":{"rendered":"<p>\u0130nsana, hayvana, do\u011faya, aileye, arkada\u015fa, yolda\u015fa\u2026   \u0130\u015fine, eme\u011fine, ba\u011f\u0131ms\u0131zl\u0131\u011f\u0131na, onuruna\u2026   Adalete, a\u015fka, g\u00fczelli\u011fe, kavgaya\u2026   \u00d6zce, hakikate ve onun de\u011ferlerine sayg\u0131 duru\u015fuyla ba\u015flar kurtulu\u015fa giden yol\u2026   Yoksa \u00e7\u00fcr\u00fcr y\u00fcrekler, toplumlar, evren ve c\u00fcmle cihan\u2026 <\/p>\n","protected":false},"excerpt":{"rendered":"<p>\u0130nsana, hayvana, do\u011faya, aileye, arkada\u015fa, yolda\u015fa\u2026 \u0130\u015fine, eme\u011fine, ba\u011f\u0131ms\u0131zl\u0131\u011f\u0131na, onuruna\u2026 Adalete, a\u015fka, g\u00fczelli\u011fe, kavgaya\u2026 \u00d6zce, hakikate ve onun de\u011ferlerine sayg\u0131 duru\u015fuyla ba\u015flar kurtulu\u015fa giden yol\u2026 Yoksa<span class=\"excerpt-hellip\"> [\u2026]<\/span><\/p>\n","protected":false},"featured_media":0,"template":"","meta":{"_monsterinsights_skip_tracking":false,"_monsterinsights_sitenote_active":false,"_monsterinsights_sitenote_note":"","_monsterinsights_sitenote_category":0},"product_brand":[],"product_cat":[18545,12291],"product_tag":[],"class_list":{"0":"post-774483","1":"product","2":"type-product","3":"status-publish","5":"product_cat-anlati","6":"product_cat-edebiyat","7":"pa_cilt-ciltsiz","8":"pa_tur-kitap","9":"pa_yayinevi-favori-yayinlari","10":"pa_yazar-recai-seyhoglu","12":"first","13":"instock","14":"sale","15":"shipping-taxable","16":"purchasable","17":"product-type-simple"},"_links":{"self":[{"href":"https:\/\/roveyayinevi.com.tr\/index.php\/wp-json\/wp\/v2\/product\/774483","targetHints":{"allow":["GET"]}}],"collection":[{"href":"https:\/\/roveyayinevi.com.tr\/index.php\/wp-json\/wp\/v2\/product"}],"about":[{"href":"https:\/\/roveyayinevi.com.tr\/index.php\/wp-json\/wp\/v2\/types\/product"}],"wp:attachment":[{"href":"https:\/\/roveyayinevi.com.tr\/index.php\/wp-json\/wp\/v2\/media?parent=774483"}],"wp:term":[{"taxonomy":"product_brand","embeddable":true,"href":"https:\/\/roveyayinevi.com.tr\/index.php\/wp-json\/wp\/v2\/product_brand?post=774483"},{"taxonomy":"product_cat","embeddable":true,"href":"https:\/\/roveyayinevi.com.tr\/index.php\/wp-json\/wp\/v2\/product_cat?post=774483"},{"taxonomy":"product_tag","embeddable":true,"href":"https:\/\/roveyayinevi.com.tr\/index.php\/wp-json\/wp\/v2\/product_tag?post=774483"}],"curies":[{"name":"wp","href":"https:\/\/api.w.org\/{rel}","templated":true}]}}